{"id":11750,"date":"2022-06-10T10:08:44","date_gmt":"2022-06-10T08:08:44","guid":{"rendered":"https:\/\/secureus.se\/?page_id=11750"},"modified":"2026-03-13T14:03:39","modified_gmt":"2026-03-13T13:03:39","slug":"kundservice","status":"publish","type":"page","link":"https:\/\/secureus.se\/de\/kundservice\/","title":{"rendered":"Kundendienst"},"content":{"rendered":"<div class=\"wpb-content-wrapper\"><div class=\"vc_row wpb_row vc_row-fluid\"><\/div><div class=\"wpb_column vc_column_container vc_col-sm-12\"><div class=\"vc_column-inner\"><div class=\"wpb_wrapper\"><\/div><\/div><\/div>\n\t<div class=\"wpb_text_column wpb_content_element\" >\n\t\t<div class=\"wpb_wrapper\">\n\t\t\t\n\t\t<\/div>\n\t<\/div>\n<div class=\"vc_row wpb_row vc_row-fluid\"><\/div><div class=\"wpb_column vc_column_container vc_col-sm-12\"><div class=\"vc_column-inner\"><div class=\"wpb_wrapper\"><\/div><\/div><\/div>\n\t<div class=\"wpb_text_column wpb_content_element\" >\n\t\t<div class=\"wpb_wrapper\">\n\t\t\t\n\t\t<\/div>\n\t<\/div>\n<h1><strong>Kontaktieren Sie uns<\/strong><\/h1>\n<p style=\"text-align: left;\">Bitte z\u00f6gern Sie nicht, uns \u00fcber die unten stehenden Informationen zu kontaktieren.<\/p>\n<p style=\"text-align: left;\">Wir werden Anfragen, die sich auf tats\u00e4chliche K\u00e4ufe oder Bestellungen beziehen, so schnell wie m\u00f6glich, sp\u00e4testens jedoch innerhalb von 48 Stunden beantworten. Im Falle einer Reklamation oder R\u00fccksendung versuchen Sie bitte, so viele Einzelheiten wie m\u00f6glich anzugeben. F\u00fcllen Sie das Formular unter diesem Link aus <strong><a href=\"https:\/\/secureus.se\/de\/retur-reklamation\/\">www.secureus.se\/retur<\/a><\/strong><br \/>\nGeben Sie die Auftragsnummer ein und f\u00fcgen Sie ggf. Bilder bei.<\/p>\n<p><strong>E-Mail<\/strong>: secureus@secureus.se<br \/>\n<strong>Rechnungsfragen und Rechnung per E-Mail senden<\/strong>: bill@secureus.se<br \/>\n<strong>Organisationsnummer<\/strong>: 559189-7383<br \/>\n<strong>MwSt<\/strong>: SE559189738301<br \/>\n<strong>Eori<\/strong>: SE5591897383<br \/>\n<strong>Tel<\/strong>: +46 31 70 70 201 <em data-start=\"389\" data-end=\"421\">(Wir sprechen Englisch und Schwedisch)<\/em><\/p>\n<p>\ud83d\udd53 <strong data-start=\"245\" data-end=\"260\">\u00d6ffnungszeiten der B\u00f6rse:<\/strong><br data-start=\"260\" data-end=\"263\" \/>Montag\u2013Donnerstag: 10:00\u201316:00 Uhr<br data-start=\"288\" data-end=\"291\" \/>Freitag: 10:00\u201315:00 Uhr<br \/>\n<em data-start=\"389\" data-end=\"421\"><br \/>\n<\/em><strong>Bankkonto \u2013 Swedbank<\/strong>: 8327-9,764 699 157-5<br \/>\n<span style=\"font-size: revert;\"><strong>Bank\u00fcberweisung<\/strong>: 172-5126<\/span><\/p>\n<h2><strong>Zahlung per Rechnung und E-Rechnung f\u00fcr Unternehmen und Organisationen<\/strong><\/h2>\n<p class=\"\" data-start=\"884\" data-end=\"963\">Wir bieten Ihnen ab sofort die Zahlung per Rechnung auf zwei Arten an:<\/p>\n<ol data-start=\"964\" data-end=\"1036\">\n<li class=\"\" data-start=\"964\" data-end=\"992\">\n<p class=\"\" data-start=\"967\" data-end=\"992\">Bestellung per E-Mail und<\/p>\n<\/li>\n<li class=\"\" data-start=\"993\" data-end=\"1036\">\n<p class=\"\" data-start=\"996\" data-end=\"1036\">Bezahlen Sie direkt mit der Rechnung an der Kasse.<\/p>\n<\/li>\n<\/ol>\n<p class=\"\" data-start=\"1038\" data-end=\"1144\">Um per E-Mail mit Rechnung zu bestellen, senden Sie bitte folgende Informationen an <a href=\"mailto:secureus@secureus.se\">SECUREUS@SECUREUS.SE<\/a><\/p>\n<p>\u2022 Gew\u00fcnschtes Produkt und Menge jedes Produkts (bitte Artikelnummer oder Link angeben)<br \/>\n\u2022 Rechnungsadresse<br \/>\n\u2022 Lieferadresse (bitte beachten Sie, dass wir gr\u00f6\u00dfere Produkte nicht an Postfachadressen liefern k\u00f6nnen)<br \/>\n\u2022 Name und Telefonnummer der Kontaktperson<br \/>\n\u2022 Eventuelle Rechnungsreferenzen oder andere gew\u00fcnschte Kennzeichnungen auf der Rechnung<br \/>\n\u2022 Gew\u00fcnschte Rechnungsart: PDF per E-Mail oder E-Rechnung.<\/p>\n<p>Nachdem wir Ihre Bestellung erhalten und eine kurze Bonit\u00e4tspr\u00fcfung durchgef\u00fchrt haben, senden wir Ihnen eine Bestellbest\u00e4tigung. Sobald die Bestellung versandt wurde, teilen wir Ihnen die Sendungsverfolgungsnummer mit.<\/p>\n<\/div>","protected":false},"excerpt":{"rendered":"<p>Kontakta oss V\u00e4lkommen att kontakta oss via nedanst\u00e5ende uppgifter. Vi svarar snarast och senast inom 48 timmar p\u00e5 f\u00f6rfr\u00e5gningar som r\u00f6r faktiska k\u00f6p eller best\u00e4llningar. Vid eventuell reklamation eller retur,<\/p>","protected":false},"author":1,"featured_media":0,"parent":0,"menu_order":0,"comment_status":"closed","ping_status":"closed","template":"","meta":{"_acf_changed":false,"footnotes":""},"class_list":["post-11750","page","type-page","status-publish","hentry"],"acf":[],"_links":{"self":[{"href":"https:\/\/secureus.se\/de\/wp-json\/wp\/v2\/pages\/11750","targetHints":{"allow":["GET"]}}],"collection":[{"href":"https:\/\/secureus.se\/de\/wp-json\/wp\/v2\/pages"}],"about":[{"href":"https:\/\/secureus.se\/de\/wp-json\/wp\/v2\/types\/page"}],"author":[{"embeddable":true,"href":"https:\/\/secureus.se\/de\/wp-json\/wp\/v2\/users\/1"}],"replies":[{"embeddable":true,"href":"https:\/\/secureus.se\/de\/wp-json\/wp\/v2\/comments?post=11750"}],"version-history":[{"count":5,"href":"https:\/\/secureus.se\/de\/wp-json\/wp\/v2\/pages\/11750\/revisions"}],"predecessor-version":[{"id":163184,"href":"https:\/\/secureus.se\/de\/wp-json\/wp\/v2\/pages\/11750\/revisions\/163184"}],"wp:attachment":[{"href":"https:\/\/secureus.se\/de\/wp-json\/wp\/v2\/media?parent=11750"}],"curies":[{"name":"wp","href":"https:\/\/api.w.org\/{rel}","templated":true}]}}