{"id":11824,"date":"2022-06-10T13:34:03","date_gmt":"2022-06-10T11:34:03","guid":{"rendered":"https:\/\/secureus.se\/?page_id=11824"},"modified":"2026-03-10T16:12:37","modified_gmt":"2026-03-10T15:12:37","slug":"om-secureus","status":"publish","type":"page","link":"https:\/\/secureus.se\/de\/om-secureus\/","title":{"rendered":"\u00dcber SECUREUS"},"content":{"rendered":"<div class=\"wpb-content-wrapper\"><div class=\"vc_row wpb_row vc_row-fluid\"><div class=\"wpb_column vc_column_container vc_col-sm-8\"><div class=\"vc_column-inner\"><div class=\"wpb_wrapper\">\n\t<div class=\"wpb_text_column wpb_content_element\" >\n\t\t<div class=\"wpb_wrapper\">\n\t\t\t<h3><strong>\u00dcber uns<br \/>\n<\/strong><\/h3>\n<p data-start=\"2744\" data-end=\"2810\">Gegr\u00fcndet in Schweden \u2022 Lager in Alings\u00e5s \u2022 \u00dcber 500 verifizierte Trustpilot-Bewertungen<\/p>\n<p><strong>Willkommen bei Secureus.se \u2013 Ihrem Partner f\u00fcr Sicherheit und Schutz!<\/strong><\/p>\n<h3><strong>Warum Kunden Secureus w\u00e4hlen<\/strong><\/h3>\n<p>\u2022 <strong data-start=\"1240\" data-end=\"1304\">\u00dcber 500 verifizierte Kundenbewertungen \u2013 4,8 von 5 Sternen auf Trustpilot<br \/>\n<\/strong>\u2022 Schnelle Lieferungen von <strong data-start=\"1886\" data-end=\"1911\">eigenes Lager in Alings\u00e5s<\/strong><br data-start=\"1911\" data-end=\"1914\" \/>\u2022 Breites Sortiment an Sicherheitsprodukten f\u00fcr <strong data-start=\"1958\" data-end=\"1988\">Unternehmen und Einzelpersonen<\/strong><br data-start=\"1988\" data-end=\"1991\" \/>\u2022 Pers\u00f6nliche Unterst\u00fctzung durch <strong data-start=\"2015\" data-end=\"2037\">Telefon und E-Mail<\/strong><\/p>\n<p>Secureus ist ein schwedisches E-Commerce-Unternehmen, das sich auf Sicherheitsprodukte spezialisiert hat. Wir liefern Sicherheitsprodukte an Unternehmen und Privatpersonen in ganz Schweden und mehreren europ\u00e4ischen L\u00e4ndern. Unser Angebot umfasst eine breite Palette hochwertiger Produkte, darunter Alarmanlagen, Schl\u00f6sser, Brandmeldeanlagen, Video\u00fcberwachungssysteme und Einbruchmeldeanlagen. Unser Ziel ist es, Sicherheit einfach, sicher und f\u00fcr jeden zug\u00e4nglich zu machen \u2013 ohne unn\u00f6tige Kosten.<\/p>\n<p>Unser Firmensitz befindet sich in Alings\u00e5s, wo sich sowohl unser Lager als auch unsere Hauptverwaltung befinden. Von hier aus liefern wir unsere Produkte schnell und effizient, nicht nur innerhalb Schwedens, sondern auch in zahlreiche europ\u00e4ische L\u00e4nder. Mit \u00fcber 900 Produkten auf Lager k\u00f6nnen wir kurze Lieferzeiten garantieren und sowohl Privatpersonen als auch Unternehmen dabei unterst\u00fctzen, die passende Sicherheitsl\u00f6sung zu finden.<\/p>\n\n\t\t<\/div>\n\t<\/div>\n<\/div><\/div><\/div><div class=\"wpb_column vc_column_container vc_col-sm-4\"><div class=\"vc_column-inner\"><div class=\"wpb_wrapper\"><\/div><\/div><\/div><\/div><div class=\"vc_row wpb_row vc_row-fluid\"><div class=\"wpb_column vc_column_container vc_col-sm-12\"><div class=\"vc_column-inner\"><div class=\"wpb_wrapper\">\n\t<div class=\"wpb_text_column wpb_content_element\" >\n\t\t<div class=\"wpb_wrapper\">\n\t\t\t<h3><strong>Warum Secureus w\u00e4hlen?<\/strong><\/h3>\n<ul>\n<li><strong>Hohe Qualit\u00e4t<\/strong>: Wir arbeiten mit f\u00fchrenden Lieferanten zusammen, um die neuesten Technologien und besten Produkte auf dem Markt zu gew\u00e4hrleisten.<\/li>\n<li><strong>Flexibilit\u00e4t<\/strong>: Wir bieten ma\u00dfgeschneiderte L\u00f6sungen mit Lasergravur, Druck und Programmierung \u2013 perfekt f\u00fcr Unternehmen und Organisationen.<\/li>\n<li><strong>Schnelle Lieferungen<\/strong>: Dank unserer effizienten Lagerverwaltung k\u00f6nnen wir schnell sowohl nach Schweden als auch in das \u00fcbrige Europa liefern.<\/li>\n<li><strong>Pers\u00f6nlicher Service<\/strong>: Egal ob Privatkunde oder Gesch\u00e4ftskunde, bei uns erhalten Sie stets schnelle und kompetente Hilfe. Auf E-Mails antworten wir sp\u00e4testens am darauffolgenden Werktag.<\/li>\n<\/ul>\n<h3><strong>Unsere Philosophie<\/strong><\/h3>\n<p>Bei Secureus legen wir Wert auf Sicherheit und Einfachheit. Ganz gleich, ob Sie ein einzelnes Produkt kaufen oder eine gro\u00dfe Firmenbestellung aufgeben, Sie sind uns gleicherma\u00dfen wichtig. Unser Ziel ist es, dass jeder Einkauf bei uns reibungslos verl\u00e4uft und Ihnen ein Gef\u00fchl von Sicherheit und Qualit\u00e4t vermittelt.<\/p>\n<hr \/>\n<h3><strong>Kooperationen und Engagements<\/strong><\/h3>\n<p data-start=\"721\" data-end=\"847\">Secureus ist Mitglied des Partnernetzwerks von IFK G\u00f6teborg. <strong data-start=\"771\" data-end=\"785\">Club 1904<\/strong> und wird sichtbar sein auf <strong data-start=\"810\" data-end=\"846\">Gamla Ullevi w\u00e4hrend der Saison 2026<\/strong>.<\/p>\n<p data-start=\"849\" data-end=\"948\">Dieses Engagement ist Teil unserer Strategie, regional pr\u00e4sent zu sein und die Beziehungen in Westschweden zu st\u00e4rken.<\/p>\n<p><img decoding=\"async\" class=\"alignnone wp-image-163069\" src=\"https:\/\/secureus.se\/wp-content\/uploads\/2026\/03\/ifkgbg_1904.png\" alt=\"\" width=\"149\" height=\"147\" srcset=\"https:\/\/secureus.se\/wp-content\/uploads\/2026\/03\/ifkgbg_1904.png 904w, https:\/\/secureus.se\/wp-content\/uploads\/2026\/03\/ifkgbg_1904-768x756.png 768w, https:\/\/secureus.se\/wp-content\/uploads\/2026\/03\/ifkgbg_1904-12x12.png 12w, https:\/\/secureus.se\/wp-content\/uploads\/2026\/03\/ifkgbg_1904-350x345.png 350w, https:\/\/secureus.se\/wp-content\/uploads\/2026\/03\/ifkgbg_1904-100x100.png 100w, https:\/\/secureus.se\/wp-content\/uploads\/2026\/03\/ifkgbg_1904-64x63.png 64w\" sizes=\"(max-width: 149px) 100vw, 149px\" \/><\/p>\n<p data-start=\"1332\" data-end=\"1355\"><strong data-start=\"1332\" data-end=\"1355\">Firmeninformationen<\/strong><\/p>\n<p data-start=\"1417\" data-end=\"1488\">Secureus Sweden AB<br data-start=\"1436\" data-end=\"1439\" \/>\u00c4ngsvaktaregatan 29<br data-start=\"1458\" data-end=\"1461\" \/>441 38 Aling-Sauce<br data-start=\"1476\" data-end=\"1479\" \/>Schweden<\/p>\n<p data-start=\"1490\" data-end=\"1533\">Org.-Nr.: 559189-7383<br data-start=\"1509\" data-end=\"1512\" \/>MwSt.: SE559189738301<\/p>\n<p data-start=\"1535\" data-end=\"1579\">\ud83d\udcde +46 31 70 70 201<br data-start=\"1554\" data-end=\"1557\" \/>\u2709 <a class=\"decorated-link\" href=\"mailto:secureus@secureus.se\" rel=\"noopener\" data-start=\"1559\" data-end=\"1579\">secureus@secureus.se<\/a><\/p>\n<hr \/>\n<h3><strong>Kontaktieren Sie uns<\/strong><\/h3>\n<p>Kontaktieren Sie uns noch heute, wenn Sie Hilfe bei Ihren Sicherheitsanforderungen ben\u00f6tigen \u2013 wir sind f\u00fcr Sie da!<\/p>\n\n\t\t<\/div>\n\t<\/div>\n<\/div><\/div><\/div><\/div>\n<\/div>","protected":false},"excerpt":{"rendered":"\u00dcber uns Gegr\u00fcndet in Schweden \u2022 Lager in Alings\u00e5s \u2022 \u00dcber 500 verifizierte Trustpilot-Bewertungen Willkommen bei Secureus.se \u2013 Ihr Partner f\u00fcr Sicherheit! Warum Kunden Secureus w\u00e4hlen: \u2022 \u00dcber 500 verifizierte","protected":false},"author":1,"featured_media":0,"parent":0,"menu_order":0,"comment_status":"closed","ping_status":"closed","template":"","meta":{"_acf_changed":false,"footnotes":""},"class_list":["post-11824","page","type-page","status-publish","hentry"],"acf":[],"_links":{"self":[{"href":"https:\/\/secureus.se\/de\/wp-json\/wp\/v2\/pages\/11824","targetHints":{"allow":["GET"]}}],"collection":[{"href":"https:\/\/secureus.se\/de\/wp-json\/wp\/v2\/pages"}],"about":[{"href":"https:\/\/secureus.se\/de\/wp-json\/wp\/v2\/types\/page"}],"author":[{"embeddable":true,"href":"https:\/\/secureus.se\/de\/wp-json\/wp\/v2\/users\/1"}],"replies":[{"embeddable":true,"href":"https:\/\/secureus.se\/de\/wp-json\/wp\/v2\/comments?post=11824"}],"version-history":[{"count":11,"href":"https:\/\/secureus.se\/de\/wp-json\/wp\/v2\/pages\/11824\/revisions"}],"predecessor-version":[{"id":163073,"href":"https:\/\/secureus.se\/de\/wp-json\/wp\/v2\/pages\/11824\/revisions\/163073"}],"wp:attachment":[{"href":"https:\/\/secureus.se\/de\/wp-json\/wp\/v2\/media?parent=11824"}],"curies":[{"name":"wp","href":"https:\/\/api.w.org\/{rel}","templated":true}]}}