{"id":2183,"date":"2022-05-30T08:28:00","date_gmt":"2022-05-30T06:28:00","guid":{"rendered":"https:\/\/demo2.chethemes.com\/electro\/?page_id=2183"},"modified":"2026-04-20T10:47:52","modified_gmt":"2026-04-20T08:47:52","slug":"kopvillkor","status":"publish","type":"page","link":"https:\/\/secureus.se\/de\/kopvillkor\/","title":{"rendered":"Einkaufsbedingungen"},"content":{"rendered":"<h1><strong>Einkaufsbedingungen \u2013 Secureus Sweden AB<\/strong><\/h1>\n<h2>1. Unternehmensinformationen<\/h2>\n<p>Secureus.se wird betrieben von <strong>Secureus Sweden AB<\/strong><br \/>\nOrganisationsnummer: 559200-1450<\/p>\n<p>Secureus verkauft Sicherheitsprodukte wie Alarmanlagen, Video\u00fcberwachungssysteme, Zutrittskontrollsysteme und Zubeh\u00f6r \u00fcber E-Commerce an Privatpersonen und Unternehmen.<\/p>\n<p>Mit dem Kauf akzeptiert der Kunde diese Gesch\u00e4ftsbedingungen.<\/p>\n<hr \/>\n<h1>2. Bestellung<\/h1>\n<p>Die Bestellung erfolgt \u00fcber <a id=\"menur7qc\" class=\"fui-Link ___1q1shib f2hkw1w f3rmtva f1ewtqcl fyind8e f1k6fduh f1w7gpdv fk6fouc fjoy568 figsok6 f1s184ao f1mk8lai fnbmjn9 f1o700av f13mvf36 f1cmlufx f9n3di6 f1ids18y f1tx3yz7 f1deo86v f1eh06m1 f1iescvh fhgqx19 f1olyrje f1p93eir f1nev41a f1h8hb77 f1lqvz6u f10aw75t fsle3fq f17ae5zn\" title=\"http:\/\/www.secureus.se\/\" href=\"https:\/\/secureus.se\/de\/\" target=\"_blank\" rel=\"noreferrer noopener\" aria-label=\"Link www.secureus.se\">www.secureus.se<\/a>.<\/p>\n<p>Nach Eingang einer Bestellung erhalten Sie eine Bestellbest\u00e4tigung per E-Mail. Der Vertrag gilt mit dem Versand der Bestellbest\u00e4tigung als abgeschlossen.<\/p>\n<p>Secureus beh\u00e4lt sich das Recht vor, Bestellungen beispielsweise in folgenden F\u00e4llen zu korrigieren:<\/p>\n<ul>\n<li>technischer Fehler<\/li>\n<li>offensichtliche Preisfehler<\/li>\n<li>falscher Lagerbestand<\/li>\n<\/ul>\n<hr \/>\n<h1>3. Preise<\/h1>\n<p>Alle Preise werden in schwedischen Kronen (SEK) oder der ausgew\u00e4hlten W\u00e4hrung angezeigt.<\/p>\n<p>F\u00fcr Privatpersonen sind die Preise inklusive Mehrwertsteuer angegeben.<br \/>\nF\u00fcr Gesch\u00e4ftskunden werden die Preise im Webshop normalerweise inklusive Mehrwertsteuer angezeigt, die Mehrwertsteuer wird jedoch immer an der Kasse und auf der Rechnung ausgewiesen.<\/p>\n<p>Secureus beh\u00e4lt sich das Recht vor, die Preise in folgenden F\u00e4llen anzupassen:<\/p>\n<ul>\n<li>\u00c4nderungen der Lieferantenpreise<\/li>\n<li>W\u00e4hrungs\u00e4nderungen<\/li>\n<li>technischer Fehler<\/li>\n<\/ul>\n<hr \/>\n<h1>4. Zahlung<\/h1>\n<p>Secureus bietet verschiedene Zahlungsoptionen an, wie zum Beispiel:<\/p>\n<ul>\n<li>Klarna<\/li>\n<li>Swish<\/li>\n<li>Kartenzahlung<\/li>\n<li>Weitere Zahlungsoptionen werden an der Kasse angezeigt.<\/li>\n<\/ul>\n<p>Die Zahlungsabwicklung erfolgt durch externe Zahlungsdienstleister und richtet sich nach deren Gesch\u00e4ftsbedingungen.<\/p>\n<hr \/>\n<h1>5. Lieferung<\/h1>\n<p>Die normale Lieferzeit f\u00fcr Lagerware betr\u00e4gt <strong>1\u20133 Werktage<\/strong>.<\/p>\n<p>Produkte, die nicht vorr\u00e4tig sind, k\u00f6nnen eine l\u00e4ngere Lieferzeit haben. In solchen F\u00e4llen wird die Lieferzeit auf der Produktseite angegeben oder nach der Bestellung mitgeteilt.<\/p>\n<p>Secureus versendet Bestellungen so schnell wie m\u00f6glich, kann jedoch in folgenden F\u00e4llen keine Lieferzeiten garantieren:<\/p>\n<ul>\n<li>Lieferverz\u00f6gerungen<\/li>\n<li>Transportprobleme<\/li>\n<li>Hohe Belastung des F\u00f6rderbandes<\/li>\n<\/ul>\n<hr \/>\n<h1>6. Transportsch\u00e4den<\/h1>\n<p>Wenn das Paket bei der Zustellung sichtbar besch\u00e4digt ist, sollte dies direkt dem Transportunternehmen gemeldet werden.<\/p>\n<p>Sollten Transportsch\u00e4den nach der Lieferung festgestellt werden, ist Secureus so schnell wie m\u00f6glich zu kontaktieren.<\/p>\n<hr \/>\n<h1>7. Widerrufsrecht (Privatperson)<\/h1>\n<p>Gem\u00e4\u00df dem Fernabsatzvertragsgesetz haben Privatpersonen das Recht, ihren Kauf innerhalb von [Anzahl der Tage] Tagen zu widerrufen. <strong>14 Tage<\/strong> ab Erhalt der Ware.<\/p>\n<p>Um vom Widerrufsrecht Gebrauch zu machen, muss der Kunde Secureus kontaktieren und eine R\u00fccksendung anmelden.<\/p>\n<p>Das Produkt sollte zur\u00fcckgesendet werden in:<\/p>\n<ul>\n<li>im Wesentlichen unver\u00e4nderter Zustand<\/li>\n<li>Originalverpackung, wenn m\u00f6glich<\/li>\n<\/ul>\n<p>Je nach den geltenden R\u00fcckgabebestimmungen kann eine R\u00fccksendegeb\u00fchr anfallen.<\/p>\n<p>Das Widerrufsrecht gilt nicht f\u00fcr Produkte, die:<\/p>\n<ul>\n<li>speziell bestellt<\/li>\n<li>individuell auf den Kunden zugeschnitten<\/li>\n<li>aus versiegelter Verpackung ge\u00f6ffnet, wenn Hygiene oder Sicherheit beeintr\u00e4chtigt sind<\/li>\n<\/ul>\n<hr \/>\n<h1>8. R\u00fccksendungen<\/h1>\n<p>Secureus stellt Ihnen bei der Registrierung einer R\u00fccksendung Anweisungen zur Verf\u00fcgung. Um eine R\u00fccksendung zu registrieren, klicken Sie hier. <a href=\"https:\/\/secureus.se\/de\/retur-reklamation\/\">Hier.<\/a><\/p>\n<p>R\u00fccksendungen sollten gem\u00e4\u00df den Anweisungen von Secureus erfolgen.<\/p>\n<p>Wird die R\u00fcckgabe genehmigt, wird der Kaufpreis gem\u00e4\u00df der gew\u00e4hlten Zahlungsmethode erstattet.<\/p>\n<p><strong>Besondere R\u00fcckgabebedingungen f\u00fcr Batterien:<\/strong><\/p>\n<p>Bei R\u00fccksendung falsch bestellter Batterien wird eine R\u00fccksendegeb\u00fchr in H\u00f6he von 25 % des Produktwertes erhoben. Dies gilt f\u00fcr Batterien der Marke Uplus f\u00fcr alle Modelle und Gr\u00f6\u00dfen. F\u00fcr Batterien der Marke Helios f\u00e4llt die R\u00fccksendegeb\u00fchr nur f\u00fcr Modelle mit einer Kapazit\u00e4t von \u00fcber 5 Ah an.<\/p>\n<p>Die R\u00fccksendegeb\u00fchr f\u00e4llt f\u00fcr genehmigte R\u00fccksendungen irrt\u00fcmlich bestellter Artikel in unbenutztem und wiederverkaufsf\u00e4higem Zustand an. Das Produkt muss in unbesch\u00e4digter Originalverpackung und gem\u00e4\u00df unseren R\u00fccksenderichtlinien zur\u00fcckgesendet werden.<\/p>\n<hr \/>\n<h1>9. Beschwerden<\/h1>\n<p>Im Falle eines Produktfehlers sollte der Kunde Secureus umgehend nach Entdeckung des Fehlers kontaktieren.<\/p>\n<p>Privatpersonen sind durch das Verbraucherkaufgesetz gesch\u00fctzt und haben das Recht, M\u00e4ngel an Waren bis zu einem bestimmten Zeitraum zu reklamieren. <strong>3 Jahre<\/strong>.<\/p>\n<p>Secureus bietet in erster Linie Folgendes an:<\/p>\n<ul>\n<li>reparieren<\/li>\n<li>Ersatzprodukt<\/li>\n<li>Erstattung<\/li>\n<\/ul>\n<hr \/>\n<h1>10. Garantie<\/h1>\n<p>F\u00fcr einige Produkte gilt eine Herstellergarantie. Die Garantiebedingungen variieren je nach Produkt und Hersteller.<\/p>\n<hr \/>\n<h1>11. Gesch\u00e4ftsbedingungen f\u00fcr Gesch\u00e4ftskunden (B2B)<\/h1>\n<p>Wenn ein Kunde als Unternehmen oder juristische Person auftritt, gilt Folgendes:<\/p>\n<h3>Verbindliche Anordnung<\/h3>\n<p>Die Bestellung ist verbindlich, sobald die Bestellbest\u00e4tigung versendet wurde.<\/p>\n<h3>Beschwerde<\/h3>\n<p>Die Beanstandungen m\u00fcssen innerhalb einer angemessenen Frist nach Entdeckung des Mangels erfolgen.<\/p>\n<h3>R\u00fccksendungen<\/h3>\n<p>Das Widerrufsrecht gilt grunds\u00e4tzlich nicht f\u00fcr Firmenkunden, es sei denn, es wurde etwas anderes vereinbart.<\/p>\n<h3>Haftungsbeschr\u00e4nkung<\/h3>\n<p>Secureus haftet nicht f\u00fcr indirekte Sch\u00e4den wie beispielsweise:<\/p>\n<ul>\n<li>Gewinnverlust<\/li>\n<li>Produktionsausfall<\/li>\n<li>Ausfallzeit<\/li>\n<li>sonstige finanzielle Folgesch\u00e4den<\/li>\n<\/ul>\n<hr \/>\n<h1>12. Installation und Verwendung<\/h1>\n<p>Secureus verkauft Produkte, bietet aber auch... <strong>keine Installation vor Ort<\/strong>.<\/p>\n<p>Der Kunde ist f\u00fcr die Installation und den ordnungsgem\u00e4\u00dfen Gebrauch der Produkte verantwortlich.<\/p>\n<hr \/>\n<h1>13. Sicherheitsprodukte &amp; R\u00fccksendungen<\/h1>\n<p>Die von Secureus verkauften Produkte sind Hilfsmittel zur Erh\u00f6hung der Sicherheit, k\u00f6nnen aber nicht garantieren, dass Einbr\u00fcche, Besch\u00e4digungen oder andere Vorf\u00e4lle verhindert werden k\u00f6nnen.<\/p>\n<p><strong>Besondere R\u00fcckgabebedingungen f\u00fcr Batterien:<\/strong><\/p>\n<p>Bei R\u00fccksendung falsch bestellter Batterien wird eine R\u00fccksendegeb\u00fchr in H\u00f6he von 25 % des Produktwertes erhoben. Dies gilt f\u00fcr Batterien der Marke Uplus f\u00fcr alle Modelle und Gr\u00f6\u00dfen. F\u00fcr Batterien der Marke Helios f\u00e4llt die R\u00fccksendegeb\u00fchr nur f\u00fcr Modelle mit einer Kapazit\u00e4t von \u00fcber 5 Ah an.<\/p>\n<p>Die R\u00fccksendegeb\u00fchr f\u00e4llt f\u00fcr genehmigte R\u00fccksendungen irrt\u00fcmlich bestellter Artikel in unbenutztem und wiederverkaufsf\u00e4higem Zustand an. Das Produkt muss in unbesch\u00e4digter Originalverpackung und gem\u00e4\u00df unseren R\u00fccksenderichtlinien zur\u00fcckgesendet werden.<\/p>\n<hr \/>\n<h1>14. H\u00f6here Gewalt<\/h1>\n<p>Secureus \u00fcbernimmt keine Verantwortung f\u00fcr Verz\u00f6gerungen oder Probleme, die auf Umst\u00e4nde zur\u00fcckzuf\u00fchren sind, die au\u00dferhalb des Einflussbereichs des Unternehmens liegen, wie zum Beispiel:<\/p>\n<ul>\n<li>Naturkatastrophen<\/li>\n<li>Beh\u00f6rdenentscheidung<\/li>\n<li>Krieg<\/li>\n<li>schlagen<\/li>\n<li>Verkehrsst\u00f6rungen<\/li>\n<\/ul>\n<hr \/>\n<h1>15. Streitigkeit und Rechtswahl<\/h1>\n<p>Etwaige Streitigkeiten werden vorrangig im Dialog zwischen dem Kunden und Secureus beigelegt.<\/p>\n<p>Streitigkeiten werden nach schwedischem Recht beigelegt.<\/p>\n<p>Privatpersonen k\u00f6nnen sich auch an die schwedische Beschwerdestelle (ARN) wenden.<\/p>\n<hr \/>\n<h1>16. Kontakt<\/h1>\n<p>Secureus Sweden AB<br \/>\n<a id=\"menur7qe\" class=\"fui-Link ___1q1shib f2hkw1w f3rmtva f1ewtqcl fyind8e f1k6fduh f1w7gpdv fk6fouc fjoy568 figsok6 f1s184ao f1mk8lai fnbmjn9 f1o700av f13mvf36 f1cmlufx f9n3di6 f1ids18y f1tx3yz7 f1deo86v f1eh06m1 f1iescvh fhgqx19 f1olyrje f1p93eir f1nev41a f1h8hb77 f1lqvz6u f10aw75t fsle3fq f17ae5zn\" title=\"http:\/\/www.secureus.se\/\" href=\"https:\/\/secureus.se\/de\/\" target=\"_blank\" rel=\"noreferrer noopener\" aria-label=\"Link www.secureus.se\">www.secureus.se<\/a><\/p>\n<p>E-Mail: <a id=\"menur7qg\" class=\"fui-Link ___1q1shib f2hkw1w f3rmtva f1ewtqcl fyind8e f1k6fduh f1w7gpdv fk6fouc fjoy568 figsok6 f1s184ao f1mk8lai fnbmjn9 f1o700av f13mvf36 f1cmlufx f9n3di6 f1ids18y f1tx3yz7 f1deo86v f1eh06m1 f1iescvh fhgqx19 f1olyrje f1p93eir f1nev41a f1h8hb77 f1lqvz6u f10aw75t fsle3fq f17ae5zn\" title=\"mailto:secureus@secureus.se\" href=\"mailto:secureus@secureus.se\" target=\"_blank\" rel=\"noreferrer noopener\" aria-label=\"Link secureus@secureus.se\">secureus@secureus.se<\/a><\/p>","protected":false},"excerpt":{"rendered":"<p>K\u00f6pvillkor \u2013 Secureus Sverige AB 1. F\u00f6retagsinformation Secureus.se drivs av Secureus Sverige AB Organisationsnummer: 559200-1450 Secureus s\u00e4ljer s\u00e4kerhetsprodukter s\u00e5som larm, kamera\u00f6vervakning, passersystem och tillbeh\u00f6r via e-handel till b\u00e5de privatpersoner och<\/p>","protected":false},"author":1,"featured_media":0,"parent":0,"menu_order":0,"comment_status":"closed","ping_status":"closed","template":"","meta":{"_acf_changed":false,"footnotes":""},"class_list":["post-2183","page","type-page","status-publish","hentry"],"acf":[],"_links":{"self":[{"href":"https:\/\/secureus.se\/de\/wp-json\/wp\/v2\/pages\/2183","targetHints":{"allow":["GET"]}}],"collection":[{"href":"https:\/\/secureus.se\/de\/wp-json\/wp\/v2\/pages"}],"about":[{"href":"https:\/\/secureus.se\/de\/wp-json\/wp\/v2\/types\/page"}],"author":[{"embeddable":true,"href":"https:\/\/secureus.se\/de\/wp-json\/wp\/v2\/users\/1"}],"replies":[{"embeddable":true,"href":"https:\/\/secureus.se\/de\/wp-json\/wp\/v2\/comments?post=2183"}],"version-history":[{"count":5,"href":"https:\/\/secureus.se\/de\/wp-json\/wp\/v2\/pages\/2183\/revisions"}],"predecessor-version":[{"id":164636,"href":"https:\/\/secureus.se\/de\/wp-json\/wp\/v2\/pages\/2183\/revisions\/164636"}],"wp:attachment":[{"href":"https:\/\/secureus.se\/de\/wp-json\/wp\/v2\/media?parent=2183"}],"curies":[{"name":"wp","href":"https:\/\/api.w.org\/{rel}","templated":true}]}}