{"id":100322,"date":"2024-10-21T09:36:52","date_gmt":"2024-10-21T07:36:52","guid":{"rendered":"https:\/\/secureus.se\/?post_type=product&#038;p=100322"},"modified":"2026-04-15T16:11:00","modified_gmt":"2026-04-15T14:11:00","slug":"batteri-2-3-ah-agm-ackumulator","status":"publish","type":"product","link":"https:\/\/secureus.se\/de\/batteri-2-3-ah-agm-ackumulator\/","title":{"rendered":"12V 2,3 Ah Akku UPLUS 6-9 Jahre Pro-Version"},"content":{"rendered":"<h1>Batterie 2,3 Ah UPLUS 6\u20139 Jahre \u2013 perfekt f\u00fcr den Innenbereich<\/h1>\n<p>Das <strong>Batterie 2,3Ah<\/strong> ist f\u00fcr Innenr\u00e4ume der Klasse 1 mit einer Umgebungstemperatur zwischen +5\u00b0C und +40\u00b0C konzipiert. Um die Batterielebensdauer zu optimieren, wird eine Temperatur von +15\u00b0C bis +25\u00b0C empfohlen. Das <strong>Batterie 2,3Ah<\/strong> ist wartungsfrei und nutzt die AGM-Technologie, was ihn zuverl\u00e4ssig und einfach zu handhaben macht.<\/p>\n<h3>Produktinformationen:<\/h3>\n<ul>\n<li><strong>Akku-Typ:<\/strong> 12 V wartungsfreie AGM-Batterie<\/li>\n<li><strong>Kapazit\u00e4t bei 20\u00b0C:<\/strong> 2,24 Ah<\/li>\n<li><strong>Ladespannung pro Zelle:<\/strong> 13,65 VDC +\/- 0,2 V<\/li>\n<li><strong>Maximal empfohlener Ladestrom:<\/strong> 0,69A<\/li>\n<li><strong>Selbstentladung w\u00e4hrend der Lagerung:<\/strong> 3 % der Kapazit\u00e4t pro Monat bei 20\u00b0C<\/li>\n<li><strong>Lebenserwartung:<\/strong> 9 Jahre bei 20 \u00b0C, 6 Jahre bei 25 \u00b0C und 3 Jahre bei 30 \u00b0C<\/li>\n<li><strong>Abmessungen:<\/strong> 178x35x66 mm<\/li>\n<li><strong>Gewicht:<\/strong> 1 kg<\/li>\n<\/ul>\n<p>Das <strong>Batterie 2,3Ah<\/strong> ist CE-zertifiziert und entspricht den aktuellen Richtlinien wie EMV 2014\/30EU und EN61000-6. Mit der schnellen Lieferung in nur 2 Tagen und einer 12-monatigen Garantie ab Produktionsdatum k\u00f6nnen Sie sich auf Ihren Kauf verlassen.<\/p>\n<p>Der Akku wird mit 4,8 mm flachen Stiftkontakten geliefert.<\/p>","protected":false},"excerpt":{"rendered":"<p><strong>Batterie UPLUS 2.3 AGM 12V 6-9 Jahre Lebensdauer<\/strong><\/p>\n<p>Die UPLUS USL12-2.3 AGM-Batterie bietet hohe Leistung und lange Lebensdauer f\u00fcr anspruchsvolle Anwendungen. Mit einer Kapazit\u00e4t von 2,3 Ah und AGM-Technologie ist diese Batterie wartungsfrei und zuverl\u00e4ssig f\u00fcr industrielle Anwendungen.<\/p>","protected":false},"featured_media":135875,"template":"","meta":{"_acf_changed":false},"product_brand":[],"product_cat":[1596],"product_tag":[2179],"class_list":{"0":"post-100322","1":"product","2":"type-product","3":"status-publish","4":"has-post-thumbnail","6":"product_cat-ackumulatorer-12v-agm-batterier","7":"product_tag-batteri-1-6-ah-2","8":"product_shipping_class-tunga-paket","9":"pa_brands-uplus","10":"tm-no-options","12":"first","13":"instock","14":"sale","15":"featured","16":"taxable","17":"shipping-taxable","18":"purchasable","19":"product-type-simple"},"acf":[],"_links":{"self":[{"href":"https:\/\/secureus.se\/de\/wp-json\/wp\/v2\/product\/100322","targetHints":{"allow":["GET"]}}],"collection":[{"href":"https:\/\/secureus.se\/de\/wp-json\/wp\/v2\/product"}],"about":[{"href":"https:\/\/secureus.se\/de\/wp-json\/wp\/v2\/types\/product"}],"wp:featuredmedia":[{"embeddable":true,"href":"https:\/\/secureus.se\/de\/wp-json\/wp\/v2\/media\/135875"}],"wp:attachment":[{"href":"https:\/\/secureus.se\/de\/wp-json\/wp\/v2\/media?parent=100322"}],"wp:term":[{"taxonomy":"product_brand","embeddable":true,"href":"https:\/\/secureus.se\/de\/wp-json\/wp\/v2\/product_brand?post=100322"},{"taxonomy":"product_cat","embeddable":true,"href":"https:\/\/secureus.se\/de\/wp-json\/wp\/v2\/product_cat?post=100322"},{"taxonomy":"product_tag","embeddable":true,"href":"https:\/\/secureus.se\/de\/wp-json\/wp\/v2\/product_tag?post=100322"}],"curies":[{"name":"wp","href":"https:\/\/api.w.org\/{rel}","templated":true}]}}