{"id":103549,"date":"2024-10-23T13:55:17","date_gmt":"2024-10-23T11:55:17","guid":{"rendered":"https:\/\/secureus.se\/larmdekal-premium-metallisk-look-sjalvhaftande-52x74mm\/"},"modified":"2026-04-28T21:19:21","modified_gmt":"2026-04-28T19:19:21","slug":"larmdekal-premium-metallisk-look-sjalvhaftande-52x74mm","status":"publish","type":"product","link":"https:\/\/secureus.se\/de\/larmdekal-premium-metallisk-look-sjalvhaftande-52x74mm\/","title":{"rendered":"Alarmaufkleber Premium - Metallic-Look - Selbstklebend - 52x74mm (A8)"},"content":{"rendered":"<p>Mit unserem Premium-Alarmaufkleber im Metallic-Look sch\u00fctzen Sie Ihr Zuhause oder Ihr Unternehmen mit Stil und Funktionalit\u00e4t. Dieser selbstklebende Aufkleber besteht aus strapazierf\u00e4higem PET-Material und bietet eine hervorragende Haltbarkeit, die sowohl extremen Temperaturen als auch Wetterbedingungen standh\u00e4lt. Das klare und auff\u00e4llige Design wirkt als starke visuelle Abschreckung gegen potenzielle Einbruchsversuche.<\/p>\n<p><strong>Funktionen und Vorteile:<\/strong><\/p>\n<ul>\n<li><strong>Hochwertiges PET-Material<\/strong>: Entwickelt, um Verschlei\u00df standzuhalten, ideal f\u00fcr den Innen- und Au\u00dfenbereich.<\/li>\n<li><strong>Metallischer Premium-Look<\/strong>: Bietet einen professionellen und zuverl\u00e4ssigen Auftritt, der die Sicherheit st\u00e4rkt.<\/li>\n<li><strong>Selbstklebende R\u00fcckseite<\/strong>: Einfache Montage auf jeder glatten Oberfl\u00e4che wie T\u00fcren, Fenstern oder W\u00e4nden.<\/li>\n<li><strong>Klares und auff\u00e4lliges Design<\/strong>: Symbole f\u00fcr Einbruchalarm, Kamera\u00fcberwachung und W\u00e4chtereingriff geben Unbefugten ein klares Signal.<\/li>\n<\/ul>\n<p><strong>Einsatzgebiete:<\/strong><\/p>\n<ul>\n<li><strong>Heim<\/strong>: Sch\u00fctzen Sie Familie und Eigentum, indem Sie den Aufkleber an allen Eing\u00e4ngen anbringen.<\/li>\n<li><strong>Gesch\u00e4ft<\/strong>: Verbessern Sie die Sicherheit Ihres Arbeitsplatzes, indem Sie kritische Eing\u00e4nge markieren.<\/li>\n<li><strong>Gesch\u00e4fte und Betriebe<\/strong>: Geben Sie Kunden und Mitarbeitern Sicherheit durch eine klare Kennzeichnung der Sicherheitsma\u00dfnahmen.<\/li>\n<\/ul>\n<p><strong>Technische Spezifikation:<\/strong><\/p>\n<ul>\n<li><strong>Material<\/strong>: PET (Polyester)<\/li>\n<li><strong>Messen<\/strong>: 52x74mm<\/li>\n<li><strong>Design<\/strong>: Metallischer Look, selbstklebend<\/li>\n<\/ul>","protected":false},"excerpt":{"rendered":"<p>Dieser Alarmaufkleber im Metallic-Look sorgt f\u00fcr maximale Sichtbarkeit und Sicherheit an wichtigen Eing\u00e4ngen wie T\u00fcren und Fenstern. Mit hochwertigem PET-Material, das reflektiert und deutlich sichtbar ist.<\/p>","protected":false},"featured_media":134491,"template":"","meta":{"_acf_changed":false},"product_brand":[],"product_cat":[2727,1323],"product_tag":[3053],"class_list":{"0":"post-103549","1":"product","2":"type-product","3":"status-publish","4":"has-post-thumbnail","6":"product_cat-larmdekaler-skyltar","7":"product_cat-larmdekaler","8":"product_tag-nyhet","9":"product_shipping_class-dekaler-skyltar","10":"tm-no-options","12":"first","13":"instock","14":"featured","15":"taxable","16":"shipping-taxable","17":"purchasable","18":"product-type-simple"},"acf":[],"_links":{"self":[{"href":"https:\/\/secureus.se\/de\/wp-json\/wp\/v2\/product\/103549","targetHints":{"allow":["GET"]}}],"collection":[{"href":"https:\/\/secureus.se\/de\/wp-json\/wp\/v2\/product"}],"about":[{"href":"https:\/\/secureus.se\/de\/wp-json\/wp\/v2\/types\/product"}],"wp:featuredmedia":[{"embeddable":true,"href":"https:\/\/secureus.se\/de\/wp-json\/wp\/v2\/media\/134491"}],"wp:attachment":[{"href":"https:\/\/secureus.se\/de\/wp-json\/wp\/v2\/media?parent=103549"}],"wp:term":[{"taxonomy":"product_brand","embeddable":true,"href":"https:\/\/secureus.se\/de\/wp-json\/wp\/v2\/product_brand?post=103549"},{"taxonomy":"product_cat","embeddable":true,"href":"https:\/\/secureus.se\/de\/wp-json\/wp\/v2\/product_cat?post=103549"},{"taxonomy":"product_tag","embeddable":true,"href":"https:\/\/secureus.se\/de\/wp-json\/wp\/v2\/product_tag?post=103549"}],"curies":[{"name":"wp","href":"https:\/\/api.w.org\/{rel}","templated":true}]}}