{"id":107522,"date":"2024-11-04T14:55:49","date_gmt":"2024-11-04T13:55:49","guid":{"rendered":"https:\/\/secureus.se\/?post_type=product&#038;p=107522"},"modified":"2026-02-16T10:13:26","modified_gmt":"2026-02-16T09:13:26","slug":"dorrklocka-med-kamera-wifi-tuya-smart-app-rorelsedetektion-tvavagskommunikation","status":"publish","type":"product","link":"https:\/\/secureus.se\/de\/dorrklocka-med-kamera-wifi-tuya-smart-app-rorelsedetektion-tvavagskommunikation\/","title":{"rendered":"T\u00fcrklingel mit Kamera \u2013 WLAN, Tuya Smart App, Bewegungserkennung &amp; Zwei-Wege-Kommunikation"},"content":{"rendered":"<p>Unsere T\u00fcrklingel mit Kamera ist die perfekte L\u00f6sung f\u00fcr alle, die eine moderne und intelligente \u00dcberwachung f\u00fcr ihr Zuhause suchen. Es ist mit einer hohen Aufl\u00f6sung f\u00fcr eine klare und scharfe Bildqualit\u00e4t ausgestattet, unabh\u00e4ngig von der Tageszeit. Durch die WLAN-Verbindung und die Kompatibilit\u00e4t mit der Tuya Smart App k\u00f6nnen Sie die T\u00fcrklingel direkt mit Ihrem Smartphone verbinden und wissen so immer, wer vor der T\u00fcr steht.<\/p>\n<p><strong>Wenn jemand an der T\u00fcr klingelt, l\u00e4uft das in der Praxis so ab:<\/strong><\/p>\n<ul>\n<li>Die T\u00fcrklingel selbst ert\u00f6nt (damit der Gast wei\u00df, dass es klingelt).<\/li>\n<li>Zus\u00e4tzlich l\u00e4utet die Innenklingel (sofern angeschlossen).<\/li>\n<li>Ihr Telefon erh\u00e4lt eine Benachrichtigung und klingelt, abh\u00e4ngig von Ihren Einstellungen.<\/li>\n<\/ul>\n<h4><strong>Funktionen und Vorteile:<\/strong><\/h4>\n<ul>\n<li><strong>Gute Kamera<\/strong>: Erhalten Sie klare Bilder und sehen Sie jedes Detail mit hochaufl\u00f6sendem Video.<\/li>\n<li><strong>WiFi-Verbindung<\/strong>: Einfache Installation und kabellose Verbindung direkt mit Ihrem WLAN-Netzwerk, ohne dass Kabel erforderlich sind.<\/li>\n<li><strong>Tuya Smart App<\/strong>: Verwalten und \u00fcberwachen Sie die T\u00fcrklingel von \u00fcberall aus \u00fcber die benutzerfreundliche Tuya-App, die Echtzeitvideos, Push-Benachrichtigungen und mehr unterst\u00fctzt.<\/li>\n<li><strong>Bewegungserkennung<\/strong>: Erkennt Bewegungen und sendet sofortige Benachrichtigungen an Ihr Smartphone, sodass Sie immer auf dem Laufenden sind, wenn sich jemand Ihrer T\u00fcr n\u00e4hert.<\/li>\n<li><strong>Zweiseitige Kommunikation<\/strong>: Sprechen Sie dank des integrierten Mikrofons und Lautsprechers direkt mit Besuchern, ideal f\u00fcr die Abwicklung von Lieferungen oder Besuchen, wenn Sie nicht zu Hause sind.<\/li>\n<li><strong>Dunkle Vision<\/strong>: Sehen Sie auch nachts, was passiert, dank der Infrarotbeleuchtung, die sich bei Dunkelheit automatisch aktiviert.<\/li>\n<li><strong>Weitwinkel<\/strong>: 120\u00b0<\/li>\n<li><strong>Lithiumbatterie<\/strong>: Gute Akkulaufzeit mit 2\u00d718650 Akkus, 4400 mA (Wiederaufladbar mit mitgeliefertem Micro-USB-Kabel)<\/li>\n<\/ul>\n<h4><strong>Das Paket enth\u00e4lt:<\/strong><\/h4>\n<p><span data-teams=\"true\">1x T\u00fcrklingel mit Kamera<br \/>\n<\/span><span data-teams=\"true\">1x Montagehalterung<br \/>\n1x Beutel mit Schrauben und D\u00fcbeln<br \/>\n<\/span><span data-teams=\"true\">1x Positionsaufkleber<br \/>\n1x Handbuch und Installationsanleitung<br \/>\n1x USB-Kabel<br \/>\n<\/span><span data-teams=\"true\">1x Innensirene\/-klingel (Anschluss \u00fcber USB und v\u00f6llig optionale Nutzung, Klanganpassung und Auswahl verschiedener Klingelt\u00f6ne m\u00f6glich)<\/span><\/p>\n<h4><strong>Einsatzgebiete:<\/strong><\/h4>\n<ul>\n<li><strong>Haus und Villa<\/strong>: Perfekt f\u00fcr Hausbesitzer, die ihren Eingangsbereich auch unterwegs im Auge behalten m\u00f6chten.<\/li>\n<li><strong>Wohnungen<\/strong>: Eine kluge Wahl, um die Sicherheit zu erh\u00f6hen und eine einfache Kommunikation mit Besuchern zu erm\u00f6glichen.<\/li>\n<li><strong>Kleine Unternehmen und Gesch\u00e4fte<\/strong>: Eine einfache und effektive L\u00f6sung zur Bewachung des Eingangs und zur Begr\u00fc\u00dfung von Kunden oder zur Verwaltung von Lieferungen.<\/li>\n<\/ul>\n<h4><strong>Technische Spezifikation:<\/strong><\/h4>\n<ul>\n<li><strong>Aufl\u00f6sung<\/strong>: Hauptstream: 1024\u00d7720\/15fps, Sekund\u00e4rstream: 640*360\/15fps<\/li>\n<li><strong>Stromversorgung<\/strong>: Batteriebetrieben (kann aufgeladen werden)<\/li>\n<li><strong>Verbindung<\/strong>: WLAN (2,4 GHz)<\/li>\n<li><strong>App<\/strong>: Tuya Smart (iOS und Android)<\/li>\n<li><strong>Bewegungserkennung<\/strong>: Ja<\/li>\n<li><strong>Zweiseitige Kommunikation<\/strong>: Ja<\/li>\n<li><strong>Dunkle Vision<\/strong>: Ja, Infrarotbeleuchtung<\/li>\n<li><strong>Temperaturbest\u00e4ndigkeit<\/strong>: -20\u00b0C bis +50\u00b0C<\/li>\n<li><strong>Wasserbest\u00e4ndigkeit<\/strong>: IP65<\/li>\n<li><strong>Weitwinkel<\/strong>: 120\u00b0<\/li>\n<\/ul>\n<h4><strong>Vorteile der Tuya-Kompatibilit\u00e4t:<\/strong><\/h4>\n<p>Durch die Kompatibilit\u00e4t mit der Tuya Smart-App k\u00f6nnen Sie diese T\u00fcrklingel mit mehreren anderen Smart-Home-Ger\u00e4ten integrieren und so ein einheitlicheres Sicherheitssystem schaffen. Steuern Sie alles, von Kameras bis hin zu Alarmen, direkt von Ihrem Smartphone aus und erhalten Sie einen vollst\u00e4ndigen \u00dcberblick \u00fcber Ihr Zuhause, wo immer Sie sich befinden.<\/p>","protected":false},"excerpt":{"rendered":"<p>Geben Sie Ihrem Eingangsbereich mehr Sicherheit mit dieser T\u00fcrklingel mit Kamera. Mit hoher Bildqualit\u00e4t, WLAN-Verbindung und Tuya-kompatibler Smart-App erhalten Sie einfachen Zugriff auf Echtzeit-Videos und Zwei-Wege-Kommunikation direkt auf Ihrem Mobiltelefon. Dank integrierter Bewegungserkennung und Nachtsicht f\u00fchlen Sie sich Tag und Nacht sicher. V\u00f6llig abonnementfrei!<\/p>","protected":false},"featured_media":133946,"template":"","meta":{"_acf_changed":false},"product_brand":[],"product_cat":[3228,1324,4180,4766,3371],"product_tag":[],"class_list":{"0":"post-107522","1":"product","2":"type-product","3":"status-publish","4":"has-post-thumbnail","6":"product_cat-dorrklockor","7":"product_cat-outlet","8":"product_cat-ringklocka-med-kamera","9":"product_cat-smart-dorrklocka","10":"product_cat-titthal-och-dorrogon","11":"pa_brands-securex","12":"tm-no-options","14":"first","15":"outofstock","16":"sale","17":"taxable","18":"shipping-taxable","19":"purchasable","20":"product-type-simple"},"acf":[],"_links":{"self":[{"href":"https:\/\/secureus.se\/de\/wp-json\/wp\/v2\/product\/107522","targetHints":{"allow":["GET"]}}],"collection":[{"href":"https:\/\/secureus.se\/de\/wp-json\/wp\/v2\/product"}],"about":[{"href":"https:\/\/secureus.se\/de\/wp-json\/wp\/v2\/types\/product"}],"wp:featuredmedia":[{"embeddable":true,"href":"https:\/\/secureus.se\/de\/wp-json\/wp\/v2\/media\/133946"}],"wp:attachment":[{"href":"https:\/\/secureus.se\/de\/wp-json\/wp\/v2\/media?parent=107522"}],"wp:term":[{"taxonomy":"product_brand","embeddable":true,"href":"https:\/\/secureus.se\/de\/wp-json\/wp\/v2\/product_brand?post=107522"},{"taxonomy":"product_cat","embeddable":true,"href":"https:\/\/secureus.se\/de\/wp-json\/wp\/v2\/product_cat?post=107522"},{"taxonomy":"product_tag","embeddable":true,"href":"https:\/\/secureus.se\/de\/wp-json\/wp\/v2\/product_tag?post=107522"}],"curies":[{"name":"wp","href":"https:\/\/api.w.org\/{rel}","templated":true}]}}