{"id":108268,"date":"2024-11-06T14:55:39","date_gmt":"2024-11-06T13:55:39","guid":{"rendered":"https:\/\/secureus.se\/?post_type=product&#038;p=108268"},"modified":"2026-03-08T06:45:31","modified_gmt":"2026-03-08T05:45:31","slug":"ljuslist-20cm-led-lampa-rorelsesensor-garderobsbelysning","status":"publish","type":"product","link":"https:\/\/secureus.se\/de\/ljuslist-20cm-led-lampa-rorelsesensor-garderobsbelysning\/","title":{"rendered":"Lichtleiste 20 cm LED-Lampe mit Bewegungssensor \u2013 perfekte Garderoben- und Schrankbeleuchtung"},"content":{"rendered":"<p>Die 20-cm-LED-Lichtleiste mit Bewegungssensor sorgt f\u00fcr eine diskrete und effiziente Beleuchtung in Kleiderschr\u00e4nken, Schr\u00e4nken und anderen schwer zug\u00e4nglichen R\u00e4umen. Mit seiner kompakten L\u00e4nge von 20 cm und dem schlanken Design f\u00fcgt es sich in die meisten Umgebungen ein und nimmt nur minimalen Platz ein.<\/p>\n<p><strong>Funktionen und Vorteile:<\/strong><\/p>\n<ul>\n<li><strong>Bewegungssensor<\/strong>: Schaltet sich automatisch ein, wenn eine Bewegung erkannt wird, und schaltet sich nach einer Weile aus, um Energie zu sparen.<\/li>\n<li><strong>LED-Technologie<\/strong>: Lange Lebensdauer und geringer Energieverbrauch.<\/li>\n<li><strong>Einfach zu installieren<\/strong>: Ausgestattet mit magnetischer Befestigung, die eine einfache Befestigung des Lichtstreifens ohne Schrauben oder Kabel erm\u00f6glicht.<\/li>\n<li><strong>USB-Aufladung<\/strong>: Aufladbar \u00fcber USB, sodass Sie die Batterien nicht wechseln m\u00fcssen. Umweltfreundlich.<\/li>\n<li><strong>Perfekt f\u00fcr die Garderoben- und Schrankbeleuchtung<\/strong>: Ideal f\u00fcr kleine R\u00e4ume, in denen Beleuchtung ben\u00f6tigt wird, normale Lampen jedoch nicht praktikabel sind.<\/li>\n<\/ul>\n<p><strong>Technische Spezifikationen:<\/strong><\/p>\n<ul>\n<li><strong>L\u00e4nge<\/strong>: 20CM<\/li>\n<li><strong>Erfassungsabstand<\/strong>: Bis zu 3 Meter<\/li>\n<li><strong>Winkel des Bewegungssensors<\/strong>: 120 Grad<\/li>\n<li><strong>Helle Farbe<\/strong>: W\u00e4hlen Sie zwischen warmer oder kalter Beleuchtung<\/li>\n<li><strong>Batteriekapazit\u00e4t<\/strong>: 600 mAh, Akkulaufzeit bis zu 30 Tage (im Sensormodus)<\/li>\n<li><strong>Material<\/strong>: Aluminium + PC<\/li>\n<li><strong>Ladeanschluss<\/strong>: USB Typ-C<\/li>\n<li><strong>Das Paket beinhaltet:<\/strong> 1 Lichtleiste, 2 magnetische Befestigungsplatten, USB-C-Ladekabel, Anleitung<\/li>\n<\/ul>\n<p>Mit dieser Lichtleiste k\u00f6nnen Sie die Beleuchtung Ihrer Kleiderschr\u00e4nke und Schr\u00e4nke ganz einfach verbessern und sie praktischer und energieeffizienter gestalten. Ganz gleich, ob Sie eine Schrankbeleuchtung suchen oder ein LED-Licht mit Bewegungssensor f\u00fcr andere dunkle R\u00e4ume w\u00fcnschen, dieser Lichtstreifen ist die perfekte Wahl.<\/p>","protected":false},"excerpt":{"rendered":"<p>Ein flexibler und energiesparender Lichtstreifen von 20 cm mit LED-Leuchten und integriertem Bewegungssensor. Perfekt f\u00fcr Kleiderschr\u00e4nke, Schr\u00e4nke und andere R\u00e4ume, in denen zus\u00e4tzliche Beleuchtung ben\u00f6tigt wird. Es schaltet sich automatisch ein, wenn eine Bewegung erkannt wird, und ist somit ideal f\u00fcr dunkle R\u00e4ume. Einfache Installation mit magnetischer Befestigung und USB-Aufladung.<\/p>","protected":false},"featured_media":134798,"template":"","meta":{"_acf_changed":false},"product_brand":[],"product_cat":[4181],"product_tag":[],"class_list":{"0":"post-108268","1":"product","2":"type-product","3":"status-publish","4":"has-post-thumbnail","6":"product_cat-belysning","7":"product_shipping_class-postnord-varubrev","8":"pa_brands-secureus","9":"tm-no-options","11":"first","12":"instock","13":"sale","14":"taxable","15":"shipping-taxable","16":"purchasable","17":"product-type-simple"},"acf":[],"_links":{"self":[{"href":"https:\/\/secureus.se\/de\/wp-json\/wp\/v2\/product\/108268","targetHints":{"allow":["GET"]}}],"collection":[{"href":"https:\/\/secureus.se\/de\/wp-json\/wp\/v2\/product"}],"about":[{"href":"https:\/\/secureus.se\/de\/wp-json\/wp\/v2\/types\/product"}],"wp:featuredmedia":[{"embeddable":true,"href":"https:\/\/secureus.se\/de\/wp-json\/wp\/v2\/media\/134798"}],"wp:attachment":[{"href":"https:\/\/secureus.se\/de\/wp-json\/wp\/v2\/media?parent=108268"}],"wp:term":[{"taxonomy":"product_brand","embeddable":true,"href":"https:\/\/secureus.se\/de\/wp-json\/wp\/v2\/product_brand?post=108268"},{"taxonomy":"product_cat","embeddable":true,"href":"https:\/\/secureus.se\/de\/wp-json\/wp\/v2\/product_cat?post=108268"},{"taxonomy":"product_tag","embeddable":true,"href":"https:\/\/secureus.se\/de\/wp-json\/wp\/v2\/product_tag?post=108268"}],"curies":[{"name":"wp","href":"https:\/\/api.w.org\/{rel}","templated":true}]}}