{"id":108281,"date":"2026-01-30T14:48:29","date_gmt":"2026-01-30T13:48:29","guid":{"rendered":"https:\/\/secureus.se\/?post_type=product&#038;p=108281"},"modified":"2026-03-24T15:45:44","modified_gmt":"2026-03-24T14:45:44","slug":"ljuslist-40cm-led-lampa-med-rorelsesensor-perfekt-garderobsbelysning-och-skapbelysning","status":"publish","type":"product","link":"https:\/\/secureus.se\/de\/ljuslist-40cm-led-lampa-med-rorelsesensor-perfekt-garderobsbelysning-och-skapbelysning\/","title":{"rendered":"Lichtleiste 40 cm LED-Lampe mit Bewegungssensor \u2013 perfekte Garderoben- und Schrankbeleuchtung"},"content":{"rendered":"<p>Denna 40CM LED ljuslist med r\u00f6relsesensor \u00e4r den perfekta l\u00f6sningen f\u00f6r att tillf\u00f6ra extra ljus i dina garderober, sk\u00e5p eller andra m\u00f6rka utrymmen. Den ultratunna designen g\u00f6r att den enkelt sm\u00e4lter in och tar minimalt med plats, medan dess avancerade sensorer s\u00e4kerst\u00e4ller att ljuset bara aktiveras n\u00e4r du beh\u00f6ver det. Med justerbar ljusstyrka skapar den r\u00e4tt atmosf\u00e4r f\u00f6r varje tillf\u00e4lle.<\/p>\n<p><strong>Funktionen und Vorteile:<\/strong><\/p>\n<ul>\n<li><strong>Bewegungssensor mit Lichtempfindlichkeit:<\/strong> Schaltet sich bei Bewegung automatisch ein, wenn das Umgebungslicht dunkel ist, und schaltet sich aus, wenn niemand in der N\u00e4he ist.<\/li>\n<li><strong>D\u00fcnnes und stilvolles Design:<\/strong> Hergestellt aus robustem Aluminium und PC-Material, perfekt f\u00fcr eine diskrete Platzierung.<\/li>\n<li><strong>Einstellbare Helligkeit:<\/strong> Durch langes Dr\u00fccken der Taste wird die Helligkeit so angepasst, dass Sie genau das Licht erhalten, das Sie m\u00f6chten.<\/li>\n<li><strong>Lange Akkulaufzeit:<\/strong> 1100-mAh-Lithiumbatterie, die im Sensormodus bis zu 30 Tage h\u00e4lt. Kann \u00fcber USB-C \u00fcber 500 Mal aufgeladen werden.<\/li>\n<li><strong>Flexible Installation:<\/strong> Einfache Montage durch Magnetverschl\u00fcsse. Einfache Befestigung mit selbstklebenden Platten an der gew\u00fcnschten Oberfl\u00e4che.<\/li>\n<\/ul>\n<p><strong>Spezifikationen:<\/strong><\/p>\n<ul>\n<li><strong>Produktgr\u00f6\u00dfe:<\/strong> 40<em>1.2<\/em>400mm<\/li>\n<li><strong>Material:<\/strong> Aluminium<\/li>\n<li><strong>USB-Aufladung:<\/strong> Typ-C<\/li>\n<li><strong>Batteriekapazit\u00e4t:<\/strong> 1500mAh litiumbatteri<\/li>\n<li><strong>Anzahl der LEDs:<\/strong> 70 St\u00fcck<\/li>\n<li><strong>Schaltabstand:<\/strong> Bis zu 3 Meter, mit einem Induktionswinkel von 120\u00b0<\/li>\n<li><strong>Lichtfarbe:<\/strong> Hei\u00df oder kalt (optional)<\/li>\n<li><strong>Das Paket beinhaltet:<\/strong> 1 Lichtleiste, 2 magnetische Befestigungsplatten, USB-C-Ladekabel, Anleitung<\/li>\n<\/ul>\n<p><strong>Einsatzgebiete:<\/strong><br \/>\nPerfekt f\u00fcr Kleiderschr\u00e4nke, Schr\u00e4nke, K\u00fcchen, Keller und andere R\u00e4ume, die zus\u00e4tzliches Licht ben\u00f6tigen. Dank einstellbarer Helligkeit und Bewegungssensor auch im Homeoffice oder als Nachtbeleuchtung einsetzbar.<\/p>\n<p><strong>Vorteile des Lichtstreifens 40CM:<\/strong><\/p>\n<ul>\n<li>Umfangreichere Beleuchtung als kleinere Modelle dank der L\u00e4nge von 40 cm und 70 LED-Leuchten.<\/li>\n<li>H\u00f6gre batterikapacitet (1500mAh) vilket ger l\u00e4ngre anv\u00e4ndningstid mellan laddningar.<\/li>\n<li>Geeignet f\u00fcr gr\u00f6\u00dfere R\u00e4ume, die mehr Licht ben\u00f6tigen.<\/li>\n<\/ul>","protected":false},"excerpt":{"rendered":"<p>Ultrad\u00fcnner und leistungsstarker 40-cm-Lichtstreifen mit Bewegungssensor, ideal f\u00fcr Kleiderschr\u00e4nke, Schr\u00e4nke und andere R\u00e4ume, in denen zus\u00e4tzliche Beleuchtung ben\u00f6tigt wird. Ausgestattet mit 70 LED-Leuchten f\u00fcr starke und gleichm\u00e4\u00dfige Beleuchtung und einstellbare Helligkeit. Einfache Installation mit magnetischer Befestigung und USB-Aufladung.<\/p>","protected":false},"featured_media":134784,"template":"","meta":{"_acf_changed":false},"product_brand":[],"product_cat":[4181],"product_tag":[],"class_list":{"0":"post-108281","1":"product","2":"type-product","3":"status-publish","4":"has-post-thumbnail","6":"product_cat-belysning","7":"product_shipping_class-tunga-paket","8":"pa_brands-secureus","9":"tm-no-options","11":"first","12":"instock","13":"sale","14":"featured","15":"taxable","16":"shipping-taxable","17":"purchasable","18":"product-type-simple"},"acf":[],"_links":{"self":[{"href":"https:\/\/secureus.se\/de\/wp-json\/wp\/v2\/product\/108281","targetHints":{"allow":["GET"]}}],"collection":[{"href":"https:\/\/secureus.se\/de\/wp-json\/wp\/v2\/product"}],"about":[{"href":"https:\/\/secureus.se\/de\/wp-json\/wp\/v2\/types\/product"}],"wp:featuredmedia":[{"embeddable":true,"href":"https:\/\/secureus.se\/de\/wp-json\/wp\/v2\/media\/134784"}],"wp:attachment":[{"href":"https:\/\/secureus.se\/de\/wp-json\/wp\/v2\/media?parent=108281"}],"wp:term":[{"taxonomy":"product_brand","embeddable":true,"href":"https:\/\/secureus.se\/de\/wp-json\/wp\/v2\/product_brand?post=108281"},{"taxonomy":"product_cat","embeddable":true,"href":"https:\/\/secureus.se\/de\/wp-json\/wp\/v2\/product_cat?post=108281"},{"taxonomy":"product_tag","embeddable":true,"href":"https:\/\/secureus.se\/de\/wp-json\/wp\/v2\/product_tag?post=108281"}],"curies":[{"name":"wp","href":"https:\/\/api.w.org\/{rel}","templated":true}]}}