{"id":108818,"date":"2022-11-21T17:14:14","date_gmt":"2022-11-21T16:14:14","guid":{"rendered":"https:\/\/secureus.se\/powermaster-pm-360r-control-visonic\/"},"modified":"2026-04-09T11:36:40","modified_gmt":"2026-04-09T09:36:40","slug":"visonic-powermaster-360r-centralenhet-tradlos","status":"publish","type":"product","link":"https:\/\/secureus.se\/de\/visonic-powermaster-360r-centralenhet-tradlos\/","title":{"rendered":"Visonic PowerMaster 360R Zentraleinheit \u2013 4G, WLAN &amp; Ethernet"},"content":{"rendered":"<h3 data-start=\"771\" data-end=\"836\"><strong data-start=\"771\" data-end=\"834\">Visonic PowerMaster 360R \u2013 Die komplette Sicherheitsl\u00f6sung<\/strong><\/h3>\n<p data-start=\"838\" data-end=\"1096\">Visonic PowerMaster 360R ist eine fortschrittliche Zentraleinheit, die Folgendes kombiniert: <strong data-start=\"907\" data-end=\"937\">Sicherheit und Hausautomation<\/strong> in einem einzigen System.<br data-start=\"956\" data-end=\"959\" \/>Mit integrierter Unterst\u00fctzung f\u00fcr <strong data-start=\"980\" data-end=\"1006\">4G, WLAN und Ethernet<\/strong> Mit der PowerG-Technologie erhalten Sie eine zuverl\u00e4ssige und flexible L\u00f6sung f\u00fcr Privathaushalte und Unternehmen.<\/p>\n<p data-start=\"1098\" data-end=\"1500\"><strong data-start=\"1100\" data-end=\"1120\">Vollst\u00e4ndige Integration<\/strong> \u2013 Unterst\u00fctzung f\u00fcr \u00fcber 120 Ger\u00e4te, darunter Kameras, Sensoren und Fernbedienungen.<br data-start=\"1198\" data-end=\"1201\" \/><strong data-start=\"1203\" data-end=\"1223\">Benutzerfreundlichkeit<\/strong> \u2013 Touchscreen und Fernbedienung \u00fcber mobile App.<br data-start=\"1266\" data-end=\"1269\" \/><strong data-start=\"1271\" data-end=\"1291\">Sicherheit im Fokus<\/strong> \u2013 PowerG-Technologie mit AES-128-Verschl\u00fcsselung f\u00fcr maximale Sicherheit.<br data-start=\"1352\" data-end=\"1355\" \/><strong data-start=\"1357\" data-end=\"1375\">Heimautomatisierung<\/strong> \u2013 kompatibel mit Z-Wave-Ger\u00e4ten und Wi-Fi-Verbindung.<br data-start=\"1429\" data-end=\"1432\" \/><strong data-start=\"1434\" data-end=\"1452\">Betriebssicherheit<\/strong> \u2013 eingebaute Sirene und 12 Stunden Akkulaufzeit.<\/p>\n<p data-start=\"1502\" data-end=\"1619\">Der PowerMaster 360R eignet sich perfekt f\u00fcr Privathaushalte und kleine bis mittlere Unternehmen und bietet robusten Schutz sowie nahtlose Steuerung.<\/p>\n<h4 data-start=\"1621\" data-end=\"1824\"><strong data-start=\"1621\" data-end=\"1655\">Kompatibilit\u00e4t &amp; Upgrade:<\/strong><\/h4>\n<p data-start=\"1621\" data-end=\"1824\">Besitzen Sie bereits einen PowerMaster 10 oder denken Sie \u00fcber ein Upgrade nach? Der PowerMaster 360R ist mit allen drahtlosen Ger\u00e4ten kompatibel. <strong data-start=\"1764\" data-end=\"1792\">Visonic PowerG-Produkte<\/strong>Das erleichtert den Umstieg. Bitte beachten Sie: Dies ist ein schwedischer und europ\u00e4ischer Schalter. Ger\u00e4te aus Gro\u00dfbritannien, den USA oder von au\u00dferhalb Europas sind nicht mit der EU-Version kompatibel.<\/p>\n<p>&nbsp;<\/p>","protected":false},"excerpt":{"rendered":"<p>Das Visonic PowerMaster 360R ist ein komplettes drahtloses Bedienfeld mit integrierter Unterst\u00fctzung f\u00fcr 4G, WLAN und Ethernet. Es vereint fortschrittliche Sicherheit mit Hausautomation und ist mit \u00fcber 120 Ger\u00e4ten kompatibel.<\/p>","protected":false},"featured_media":141330,"template":"","meta":{"_acf_changed":false},"product_brand":[],"product_cat":[3374],"product_tag":[2330],"class_list":{"0":"post-108818","1":"product","2":"type-product","3":"status-publish","4":"has-post-thumbnail","6":"product_cat-visonic-centralenhet-panel","7":"product_tag-visonic-manoverpanel","8":"product_shipping_class-tunga-paket","9":"pa_brands-5visonic","10":"tm-no-options","12":"first","13":"instock","14":"taxable","15":"shipping-taxable","16":"purchasable","17":"product-type-simple"},"acf":[],"_links":{"self":[{"href":"https:\/\/secureus.se\/de\/wp-json\/wp\/v2\/product\/108818","targetHints":{"allow":["GET"]}}],"collection":[{"href":"https:\/\/secureus.se\/de\/wp-json\/wp\/v2\/product"}],"about":[{"href":"https:\/\/secureus.se\/de\/wp-json\/wp\/v2\/types\/product"}],"wp:featuredmedia":[{"embeddable":true,"href":"https:\/\/secureus.se\/de\/wp-json\/wp\/v2\/media\/141330"}],"wp:attachment":[{"href":"https:\/\/secureus.se\/de\/wp-json\/wp\/v2\/media?parent=108818"}],"wp:term":[{"taxonomy":"product_brand","embeddable":true,"href":"https:\/\/secureus.se\/de\/wp-json\/wp\/v2\/product_brand?post=108818"},{"taxonomy":"product_cat","embeddable":true,"href":"https:\/\/secureus.se\/de\/wp-json\/wp\/v2\/product_cat?post=108818"},{"taxonomy":"product_tag","embeddable":true,"href":"https:\/\/secureus.se\/de\/wp-json\/wp\/v2\/product_tag?post=108818"}],"curies":[{"name":"wp","href":"https:\/\/api.w.org\/{rel}","templated":true}]}}