{"id":109201,"date":"2024-11-08T16:24:57","date_gmt":"2024-11-08T15:24:57","guid":{"rendered":"https:\/\/secureus.se\/?post_type=product&#038;p=109201"},"modified":"2026-04-08T15:31:37","modified_gmt":"2026-04-08T13:31:37","slug":"lashus-polaris-2xt-50-wc-6mm-mattvit","status":"publish","type":"product","link":"https:\/\/secureus.se\/de\/lashus-polaris-2xt-50-wc-6mm-mattvit\/","title":{"rendered":"Schlossgeh\u00e4use Polaris 2XT-50 WC 6mm Mattwei\u00df"},"content":{"rendered":"<p>\nMagnetisches Zollstockschloss, besonders geeignet f\u00fcr moderne Toiletten-Innent\u00fcren, dank schlankem Design. Das Polaris 2XT zeichnet sich durch das au\u00dfergew\u00f6hnlich leise Schlie\u00dfen und die Pr\u00e4zision der mechanischen Verbindung zwischen Schlossk\u00f6rper und Endplatte aus, die ein angenehmes Gef\u00fchl bei der Griff- und Schl\u00fcsselbewegung vermittelt.<\/p>\n<p><b>Eigenschaften:<\/b><br \/>\n<\/p>\n<ul>\n<li>Magnetisches Zollstockschloss<\/li>\n<li>50 Dorn<\/li>\n<li>Mit 6 mm Vierkantloch f\u00fcr Toilettenzubeh\u00f6r<\/li>\n<li>Stilles Schlie\u00dfen<\/li>\n<li>Abmessungen des Schlosspfostens: 18\u00d7196 mm<\/li>\n<li>F\u00fcr Druckruderer 8 mm<\/li>\n<li>Abstand zwischen Ruderger\u00e4t und mittlerem Toilettenger\u00e4t: 96 mm<\/li>\n<li>Der Sperrpfosten ist in verschiedenen Oberfl\u00e4chenbehandlungen erh\u00e4ltlich<\/li>\n<\/ul>","protected":false},"excerpt":{"rendered":"<p>Magnetisches Zollstockschloss, besonders geeignet f\u00fcr moderne Toiletten-Innent\u00fcren, dank schlankem Design. Der Polaris 2XT zeichnet sich durch das au\u00dfergew\u00f6hnlich leise Schlie\u00dfen und die Pr\u00e4zision der mechanischen Verbindung zwischen Schlossk\u00f6rper und Endplatte aus<\/p>","protected":false},"featured_media":135221,"template":"","meta":{"_acf_changed":false},"product_brand":[],"product_cat":[2969],"product_tag":[4187,4102,4188,4189,4099],"class_list":{"0":"post-109201","1":"product","2":"type-product","3":"status-publish","4":"has-post-thumbnail","6":"product_cat-innerdorrlas","7":"product_tag-dorndjup-50mm","8":"product_tag-hoger","9":"product_tag-lasstolpe-18x196-mm","10":"product_tag-slutbleck-ingar-inte","11":"product_tag-vanster","12":"pa_brands-agb","13":"tm-no-options","15":"first","16":"instock","17":"sale","18":"taxable","19":"shipping-taxable","20":"purchasable","21":"product-type-simple"},"acf":[],"_links":{"self":[{"href":"https:\/\/secureus.se\/de\/wp-json\/wp\/v2\/product\/109201","targetHints":{"allow":["GET"]}}],"collection":[{"href":"https:\/\/secureus.se\/de\/wp-json\/wp\/v2\/product"}],"about":[{"href":"https:\/\/secureus.se\/de\/wp-json\/wp\/v2\/types\/product"}],"wp:featuredmedia":[{"embeddable":true,"href":"https:\/\/secureus.se\/de\/wp-json\/wp\/v2\/media\/135221"}],"wp:attachment":[{"href":"https:\/\/secureus.se\/de\/wp-json\/wp\/v2\/media?parent=109201"}],"wp:term":[{"taxonomy":"product_brand","embeddable":true,"href":"https:\/\/secureus.se\/de\/wp-json\/wp\/v2\/product_brand?post=109201"},{"taxonomy":"product_cat","embeddable":true,"href":"https:\/\/secureus.se\/de\/wp-json\/wp\/v2\/product_cat?post=109201"},{"taxonomy":"product_tag","embeddable":true,"href":"https:\/\/secureus.se\/de\/wp-json\/wp\/v2\/product_tag?post=109201"}],"curies":[{"name":"wp","href":"https:\/\/api.w.org\/{rel}","templated":true}]}}