{"id":109204,"date":"2024-11-08T16:24:58","date_gmt":"2024-11-08T15:24:58","guid":{"rendered":"https:\/\/secureus.se\/?post_type=product&#038;p=109204"},"modified":"2026-04-08T15:31:33","modified_gmt":"2026-04-08T13:31:33","slug":"lashus-polaris-2xt-50-nyckel-mattvit","status":"publish","type":"product","link":"https:\/\/secureus.se\/de\/lashus-polaris-2xt-50-nyckel-mattvit\/","title":{"rendered":"Schlossgeh\u00e4use Polaris 2XT-50 Key Mattwei\u00df"},"content":{"rendered":"<p>\nMagnetisches Zollstockschloss, besonders geeignet f\u00fcr moderne Innent\u00fcren durch das schlanke Design. Das Polaris 2XT zeichnet sich durch das au\u00dfergew\u00f6hnlich leise Schlie\u00dfen und die Pr\u00e4zision der mechanischen Verbindung zwischen Schlossk\u00f6rper und Endplatte aus, die ein angenehmes Gef\u00fchl bei der Griff- und Schl\u00fcsselbewegung vermittelt.<\/p>\n<p><b>Eigenschaften:<\/b><br \/>\n<\/p>\n<ul>\n<li>Magnetisches Zollstockschloss<\/li>\n<li>50 Dorn<\/li>\n<li>Mit 90 mm langem Schl\u00fcssel<\/li>\n<li>Stilles Schlie\u00dfen<\/li>\n<li>Abmessungen des Schlosspfostens: 18\u00d7196 mm<\/li>\n<li>F\u00fcr Druckruderer 8 mm<\/li>\n<li>Abstand Ruderger\u00e4t zum mittleren Schl\u00fcsselloch 90 mm<\/li>\n<li>Der Sperrpfosten ist in verschiedenen Oberfl\u00e4chenbehandlungen erh\u00e4ltlich<\/li>\n<\/ul>","protected":false},"excerpt":{"rendered":"<p>Magnetisches Zollstockschloss, besonders geeignet f\u00fcr moderne Innent\u00fcren durch das schlanke Design. Der Polaris 2XT zeichnet sich durch das au\u00dfergew\u00f6hnlich leise Schlie\u00dfen und die Pr\u00e4zision der mechanischen Verbindung zwischen Schlossk\u00f6rper und Endplatte aus<\/p>","protected":false},"featured_media":135216,"template":"","meta":{"_acf_changed":false},"product_brand":[],"product_cat":[2969],"product_tag":[4187,4102,4188,4189,4099],"class_list":{"0":"post-109204","1":"product","2":"type-product","3":"status-publish","4":"has-post-thumbnail","6":"product_cat-innerdorrlas","7":"product_tag-dorndjup-50mm","8":"product_tag-hoger","9":"product_tag-lasstolpe-18x196-mm","10":"product_tag-slutbleck-ingar-inte","11":"product_tag-vanster","12":"pa_brands-agb","13":"tm-no-options","15":"first","16":"instock","17":"sale","18":"taxable","19":"shipping-taxable","20":"purchasable","21":"product-type-simple"},"acf":[],"_links":{"self":[{"href":"https:\/\/secureus.se\/de\/wp-json\/wp\/v2\/product\/109204","targetHints":{"allow":["GET"]}}],"collection":[{"href":"https:\/\/secureus.se\/de\/wp-json\/wp\/v2\/product"}],"about":[{"href":"https:\/\/secureus.se\/de\/wp-json\/wp\/v2\/types\/product"}],"wp:featuredmedia":[{"embeddable":true,"href":"https:\/\/secureus.se\/de\/wp-json\/wp\/v2\/media\/135216"}],"wp:attachment":[{"href":"https:\/\/secureus.se\/de\/wp-json\/wp\/v2\/media?parent=109204"}],"wp:term":[{"taxonomy":"product_brand","embeddable":true,"href":"https:\/\/secureus.se\/de\/wp-json\/wp\/v2\/product_brand?post=109204"},{"taxonomy":"product_cat","embeddable":true,"href":"https:\/\/secureus.se\/de\/wp-json\/wp\/v2\/product_cat?post=109204"},{"taxonomy":"product_tag","embeddable":true,"href":"https:\/\/secureus.se\/de\/wp-json\/wp\/v2\/product_tag?post=109204"}],"curies":[{"name":"wp","href":"https:\/\/api.w.org\/{rel}","templated":true}]}}