{"id":109207,"date":"2024-11-08T16:24:59","date_gmt":"2024-11-08T15:24:59","guid":{"rendered":"https:\/\/secureus.se\/?post_type=product&#038;p=109207"},"modified":"2026-04-08T15:31:28","modified_gmt":"2026-04-08T13:31:28","slug":"lashus-dl112-z-hoger","status":"publish","type":"product","link":"https:\/\/secureus.se\/de\/lashus-dl112-z-hoger\/","title":{"rendered":"Schlossgeh\u00e4use DL112 Z Rechts"},"content":{"rendered":"<p>\nSchlossgeh\u00e4use f\u00fcr leichte Innent\u00fcren. Die Konstruktion ist robust und langlebig, f\u00fcr eine lange Haltbarkeit.\u00a0<\/p>\n<div><\/div>\n<div><b>Eigenschaften:<\/b>\u00a0<\/div>\n<div>\n<ul>\n<li>Dorntiefe: 45 mm\u00a0<\/li>\n<li>Schlosstiefe: 76 mm\u00a0<\/li>\n<li>Schlosspfosten: 20 mm x 150 mm\u00a0<\/li>\n<\/ul>\n<div><\/div>\n<p><b>Funktion:<\/b>\u00a0<\/div>\n<div>\n<ul>\n<li>Zollstockschloss mit Schl\u00fcssel und Druckfunktion.\u00a0<\/li>\n<li>Schl\u00fcssel oder Toilettenartikel sind in der Regel ausschlie\u00dfbar.\u00a0 <\/li>\n<li>Der T\u00fcrdruck f\u00fchrt zu einem Druckabfall.\u00a0<\/li>\n<li>Reversibler Druckabfall.<\/li>\n<\/ul>\n<\/div>","protected":false},"excerpt":{"rendered":"<p>Schlossgeh\u00e4use f\u00fcr leichte Innent\u00fcren. Die Konstruktion ist robust und langlebig, f\u00fcr eine lange Haltbarkeit. Eigenschaften: Dorntiefe: 45 mm Schlosstiefe: 76 mm Schlosspfosten: 20 mm x 150 mm Funktion: Regulierungsschloss mit Schl\u00fcssel und<\/p>","protected":false},"featured_media":134762,"template":"","meta":{"_acf_changed":false},"product_brand":[],"product_cat":[2969],"product_tag":[4190,4102,4189],"class_list":{"0":"post-109207","1":"product","2":"type-product","3":"status-publish","4":"has-post-thumbnail","6":"product_cat-innerdorrlas","7":"product_tag-dorndjup-45mm","8":"product_tag-hoger","9":"product_tag-slutbleck-ingar-inte","10":"pa_brands-dormakaba","11":"tm-no-options","13":"first","14":"instock","15":"taxable","16":"shipping-taxable","17":"purchasable","18":"product-type-simple"},"acf":[],"_links":{"self":[{"href":"https:\/\/secureus.se\/de\/wp-json\/wp\/v2\/product\/109207","targetHints":{"allow":["GET"]}}],"collection":[{"href":"https:\/\/secureus.se\/de\/wp-json\/wp\/v2\/product"}],"about":[{"href":"https:\/\/secureus.se\/de\/wp-json\/wp\/v2\/types\/product"}],"wp:featuredmedia":[{"embeddable":true,"href":"https:\/\/secureus.se\/de\/wp-json\/wp\/v2\/media\/134762"}],"wp:attachment":[{"href":"https:\/\/secureus.se\/de\/wp-json\/wp\/v2\/media?parent=109207"}],"wp:term":[{"taxonomy":"product_brand","embeddable":true,"href":"https:\/\/secureus.se\/de\/wp-json\/wp\/v2\/product_brand?post=109207"},{"taxonomy":"product_cat","embeddable":true,"href":"https:\/\/secureus.se\/de\/wp-json\/wp\/v2\/product_cat?post=109207"},{"taxonomy":"product_tag","embeddable":true,"href":"https:\/\/secureus.se\/de\/wp-json\/wp\/v2\/product_tag?post=109207"}],"curies":[{"name":"wp","href":"https:\/\/api.w.org\/{rel}","templated":true}]}}