{"id":109210,"date":"2024-11-08T16:24:59","date_gmt":"2024-11-08T15:24:59","guid":{"rendered":"https:\/\/secureus.se\/lashus-414-z\/"},"modified":"2026-04-08T15:31:25","modified_gmt":"2026-04-08T13:31:25","slug":"lashus-414-z","status":"publish","type":"product","link":"https:\/\/secureus.se\/de\/lashus-414-z\/","title":{"rendered":"Schlossgeh\u00e4use 414 Z"},"content":{"rendered":"<p>\nABLOY 414 wird f\u00fcr Innent\u00fcren sowie Badezimmer- und Toilettent\u00fcren sowohl in Privath\u00e4usern als auch in B\u00fcror\u00e4umen verwendet. Wird sowohl im Neubau als auch im Ersatzmarkt eingesetzt.<br \/>\n<br \/>\n<b><br \/><\/b><\/p>\n<div><b>Eigenschaften:<\/b><\/p>\n<ul>\n<li>Dorntiefe: 45 mm<\/li>\n<li>Abmessungen des Schlosspfostens: 20\u00d7150 mm<\/li>\n<li>Ausschnittma\u00dfe gem\u00e4\u00df schwedischem Standard SS 81 73 82<\/li>\n<li>Abschlie\u00dfbar mit Schl\u00fcssel oder Toilettenknauf und Panikschl\u00fcssel\/Schraubendreher<\/li>\n<li>Passt sowohl f\u00fcr rechts- als auch linksangeschlagene T\u00fcren<\/li>\n<li>Rechts\/links umkehrbar durch Herausziehen und Drehen des Kolbens um 180\u00b0<\/li>\n<li>Kann mit Schl\u00fcsselanh\u00e4ngern oder Toilettenartikeln versehen werden<\/li>\n<\/ul>\n<p><b>Das Paket enth\u00e4lt<\/b><\/p>\n<ul>\n<li>1 Stk. Schleusenhaus.<\/li>\n<li>1 Stk. Endplatte.<\/li>\n<li>1 Stk. Schl\u00fcssel.<\/li>\n<li>4 Stk. Schrauben.<\/li>\n<\/ul>\n<\/div>","protected":false},"excerpt":{"rendered":"<p>ABLOY 414 wird f\u00fcr Innent\u00fcren sowie Badezimmer- und Toilettent\u00fcren sowohl in Privath\u00e4usern als auch in B\u00fcror\u00e4umen verwendet. Wird sowohl im Neubau als auch im Ersatzmarkt eingesetzt. Eigenschaften: Dorntiefe: 45 mm Schlosspfostenma\u00dfe: 20\u00d7150 mm Aussparungsma\u00dfe gem<\/p>","protected":false},"featured_media":134695,"template":"","meta":{"_acf_changed":false},"product_brand":[],"product_cat":[2969],"product_tag":[4190,4102,4191,4192,4099],"class_list":{"0":"post-109210","1":"product","2":"type-product","3":"status-publish","4":"has-post-thumbnail","6":"product_cat-innerdorrlas","7":"product_tag-dorndjup-45mm","8":"product_tag-hoger","9":"product_tag-lasstolpe-20x150mm","10":"product_tag-slutbleck-ingar","11":"product_tag-vanster","12":"pa_brands-abloy","13":"tm-no-options","15":"first","16":"instock","17":"sale","18":"taxable","19":"shipping-taxable","20":"purchasable","21":"product-type-simple"},"acf":[],"_links":{"self":[{"href":"https:\/\/secureus.se\/de\/wp-json\/wp\/v2\/product\/109210","targetHints":{"allow":["GET"]}}],"collection":[{"href":"https:\/\/secureus.se\/de\/wp-json\/wp\/v2\/product"}],"about":[{"href":"https:\/\/secureus.se\/de\/wp-json\/wp\/v2\/types\/product"}],"wp:featuredmedia":[{"embeddable":true,"href":"https:\/\/secureus.se\/de\/wp-json\/wp\/v2\/media\/134695"}],"wp:attachment":[{"href":"https:\/\/secureus.se\/de\/wp-json\/wp\/v2\/media?parent=109210"}],"wp:term":[{"taxonomy":"product_brand","embeddable":true,"href":"https:\/\/secureus.se\/de\/wp-json\/wp\/v2\/product_brand?post=109210"},{"taxonomy":"product_cat","embeddable":true,"href":"https:\/\/secureus.se\/de\/wp-json\/wp\/v2\/product_cat?post=109210"},{"taxonomy":"product_tag","embeddable":true,"href":"https:\/\/secureus.se\/de\/wp-json\/wp\/v2\/product_tag?post=109210"}],"curies":[{"name":"wp","href":"https:\/\/api.w.org\/{rel}","templated":true}]}}