{"id":109212,"date":"2024-11-08T16:24:59","date_gmt":"2024-11-08T15:24:59","guid":{"rendered":"https:\/\/secureus.se\/lashus-2016-galv\/"},"modified":"2026-04-08T15:31:18","modified_gmt":"2026-04-08T13:31:18","slug":"lashus-2016-galv","status":"publish","type":"product","link":"https:\/\/secureus.se\/de\/lashus-2016-galv\/","title":{"rendered":"Schleusenhaus 2016 verzinkt"},"content":{"rendered":"<p>\nABLOY 2016 ist ein Zylinderschloss f\u00fcr Innent\u00fcren im B\u00fcro- und Wohnbereich, im Neubau und im Ersatzmarkt.<\/p>\n<div><\/div>\n<div><b>Eigenschaften:<\/b><\/p>\n<ul>\n<li>Dorntiefe: 45 mm<\/li>\n<li>Abmessungen des Schlosspfostens: 20\u00d7150 mm<\/li>\n<li>Der gerade Ma\u00dfstab hat einen \u00dcberstand von 14 mm.<\/li>\n<li>Wendegeh\u00e4use f\u00fcr rechts- und linksangeschlagene T\u00fcren<\/li>\n<li>Ausschnittma\u00dfe gem\u00e4\u00df schwedischem Standard SS 81 73 82.<\/li>\n<li>Angepasst f\u00fcr skandinavischen Zylinder.<\/li>\n<li>2016 wird mit einem Schl\u00fcssel von au\u00dfen und einem Schl\u00fcssel oder Knauf von innen bedient.<\/li>\n<\/ul>\n<\/div>\n<div><b>Funktion:<\/b><br \/>Bedienung mit einem Schl\u00fcssel von au\u00dfen und einem Schl\u00fcssel oder Knopf von innen.<\/div>\n<div><\/div>\n<div><\/div>","protected":false},"excerpt":{"rendered":"<p>ABLOY 2016 ist ein Zylinderschloss f\u00fcr Innent\u00fcren im B\u00fcro- und Wohnbereich, im Neubau und im Ersatzmarkt. Merkmale: Dorntiefe: 45 mm. Abmessungen des Schlosspfostens: 20 x 150 mm. Das gerade Lineal hat eine Ausladung von 14<\/p>","protected":false},"featured_media":134907,"template":"","meta":{"_acf_changed":false},"product_brand":[],"product_cat":[2969],"product_tag":[4190,4102,4191,4189,4099],"class_list":{"0":"post-109212","1":"product","2":"type-product","3":"status-publish","4":"has-post-thumbnail","6":"product_cat-innerdorrlas","7":"product_tag-dorndjup-45mm","8":"product_tag-hoger","9":"product_tag-lasstolpe-20x150mm","10":"product_tag-slutbleck-ingar-inte","11":"product_tag-vanster","12":"pa_brands-abloy","13":"tm-no-options","15":"first","16":"instock","17":"sale","18":"taxable","19":"shipping-taxable","20":"purchasable","21":"product-type-simple"},"acf":[],"_links":{"self":[{"href":"https:\/\/secureus.se\/de\/wp-json\/wp\/v2\/product\/109212","targetHints":{"allow":["GET"]}}],"collection":[{"href":"https:\/\/secureus.se\/de\/wp-json\/wp\/v2\/product"}],"about":[{"href":"https:\/\/secureus.se\/de\/wp-json\/wp\/v2\/types\/product"}],"wp:featuredmedia":[{"embeddable":true,"href":"https:\/\/secureus.se\/de\/wp-json\/wp\/v2\/media\/134907"}],"wp:attachment":[{"href":"https:\/\/secureus.se\/de\/wp-json\/wp\/v2\/media?parent=109212"}],"wp:term":[{"taxonomy":"product_brand","embeddable":true,"href":"https:\/\/secureus.se\/de\/wp-json\/wp\/v2\/product_brand?post=109212"},{"taxonomy":"product_cat","embeddable":true,"href":"https:\/\/secureus.se\/de\/wp-json\/wp\/v2\/product_cat?post=109212"},{"taxonomy":"product_tag","embeddable":true,"href":"https:\/\/secureus.se\/de\/wp-json\/wp\/v2\/product_tag?post=109212"}],"curies":[{"name":"wp","href":"https:\/\/api.w.org\/{rel}","templated":true}]}}