{"id":109218,"date":"2024-11-08T16:24:59","date_gmt":"2024-11-08T15:24:59","guid":{"rendered":"https:\/\/secureus.se\/lashus-4249-med-slutbleck-1-nyckel-gul-epoxy\/"},"modified":"2026-04-23T12:00:48","modified_gmt":"2026-04-23T10:00:48","slug":"lashus-4249-med-slutbleck-1-nyckel-gul-epoxy","status":"publish","type":"product","link":"https:\/\/secureus.se\/de\/lashus-4249-med-slutbleck-1-nyckel-gul-epoxy\/","title":{"rendered":"Schlossgeh\u00e4use 4249 mit Endplatte, 1 Schl\u00fcssel, gelbes Epoxidharz"},"content":{"rendered":"<p>\nL\u00e5shus 4249 ist ein Hakenlinealschloss f\u00fcr leichte Schiebet\u00fcren und Ziehharmonikat\u00fcren im B\u00fcro- und Wohnbereich im Neubau und auf dem Ersatzmarkt. Lieferung mit Schl\u00fcssel und Endplatte 4662.<\/p>\n<div><\/div>\n<div><b>Eigenschaften:<\/b><\/p>\n<ul>\n<li>Dorntiefe: 45 mm<\/li>\n<li>Abmessungen des Schlosspfostens: 20\u00d7150 mm<\/li>\n<li>Ausschnittma\u00dfe gem\u00e4\u00df schwedischem Standard SS 81 73 82<\/li>\n<li>Abschlie\u00dfbar mit Schl\u00fcssel oder Toilettenknauf und Panikschl\u00fcssel\/Schraubendreher<\/li>\n<li>Passt sowohl f\u00fcr rechts- als auch linksangeschlagene T\u00fcren<\/li>\n<li>Passend unter anderem f\u00fcr WC-Zubeh\u00f6r LH0341<\/li>\n<\/ul>\n<\/div>\n<div><b>Funktion:<\/b><\/p>\n<ul>\n<li>Die Bedienung von ABLOY 4249 erfolgt mit einem Schl\u00fcssel von innen und au\u00dfen, alternativ mit einem Knauf von innen und einem Panikschl\u00fcssel oder Schraubendreher von au\u00dfen.<\/li>\n<\/ul>\n<\/div>","protected":false},"excerpt":{"rendered":"<p>L\u00e5shus 4249 ist ein Hakenlinealschloss f\u00fcr leichte Schiebet\u00fcren und Ziehharmonikat\u00fcren im B\u00fcro- und Wohnbereich im Neubau und auf dem Ersatzmarkt. Lieferung mit Schl\u00fcssel und Endplatte 4662. Merkmale: Dorntiefe: 45 mm. Der Verriegelungspfosten<\/p>","protected":false},"featured_media":134898,"template":"","meta":{"_acf_changed":false},"product_brand":[],"product_cat":[2969],"product_tag":[4190,4102,4191,4192,4099],"class_list":{"0":"post-109218","1":"product","2":"type-product","3":"status-publish","4":"has-post-thumbnail","6":"product_cat-innerdorrlas","7":"product_tag-dorndjup-45mm","8":"product_tag-hoger","9":"product_tag-lasstolpe-20x150mm","10":"product_tag-slutbleck-ingar","11":"product_tag-vanster","12":"pa_brands-abloy","13":"tm-no-options","15":"first","16":"instock","17":"taxable","18":"shipping-taxable","19":"purchasable","20":"product-type-simple"},"acf":[],"_links":{"self":[{"href":"https:\/\/secureus.se\/de\/wp-json\/wp\/v2\/product\/109218","targetHints":{"allow":["GET"]}}],"collection":[{"href":"https:\/\/secureus.se\/de\/wp-json\/wp\/v2\/product"}],"about":[{"href":"https:\/\/secureus.se\/de\/wp-json\/wp\/v2\/types\/product"}],"wp:featuredmedia":[{"embeddable":true,"href":"https:\/\/secureus.se\/de\/wp-json\/wp\/v2\/media\/134898"}],"wp:attachment":[{"href":"https:\/\/secureus.se\/de\/wp-json\/wp\/v2\/media?parent=109218"}],"wp:term":[{"taxonomy":"product_brand","embeddable":true,"href":"https:\/\/secureus.se\/de\/wp-json\/wp\/v2\/product_brand?post=109218"},{"taxonomy":"product_cat","embeddable":true,"href":"https:\/\/secureus.se\/de\/wp-json\/wp\/v2\/product_cat?post=109218"},{"taxonomy":"product_tag","embeddable":true,"href":"https:\/\/secureus.se\/de\/wp-json\/wp\/v2\/product_tag?post=109218"}],"curies":[{"name":"wp","href":"https:\/\/api.w.org\/{rel}","templated":true}]}}