{"id":109221,"date":"2024-11-08T16:24:59","date_gmt":"2024-11-08T15:24:59","guid":{"rendered":"https:\/\/secureus.se\/lashus-2014-med-nyckel-gul-epoxy\/"},"modified":"2026-04-08T15:27:16","modified_gmt":"2026-04-08T13:27:16","slug":"lashus-2014-med-nyckel-gul-epoxy","status":"publish","type":"product","link":"https:\/\/secureus.se\/de\/lashus-2014-med-nyckel-gul-epoxy\/","title":{"rendered":"Schlosshaus 2014 mit Key Yellow Epoxy"},"content":{"rendered":"<div>ABLOY 2014 ist ein Schloss, das sich perfekt f\u00fcr Innent\u00fcren sowie Badezimmer- und Toilettent\u00fcren sowohl in Privath\u00e4usern als auch in B\u00fcror\u00e4umen eignet. 2014 ist das gebr\u00e4uchlichste Innent\u00fcrschloss und wird sowohl im Neubau als auch im Ersatzmarkt eingesetzt. Kommt mit einem Schl\u00fcssel.<\/div>\n<div><\/div>\n<div><b>Eigenschaften:<\/b><\/div>\n<div>\n<ul>\n<li>Dorntiefe: 45 mm<\/li>\n<li>Abmessungen des Schlosspfostens: 20\u00d7150 mm<\/li>\n<li>Abschlie\u00dfbar mit Schl\u00fcssel oder Toilettenknauf und Panikschl\u00fcssel\/Schraubendreher.<\/li>\n<li>Passt sowohl f\u00fcr rechts- als auch linksangeschlagene T\u00fcren.<\/li>\n<li>Rechts\/links umkehrbar durch Herausziehen und Drehen des Kolbens um 180\u00b0<\/li>\n<li>Passend f\u00fcr die meisten neueren Innent\u00fcren<\/li>\n<li>Ausschnittma\u00dfe gem\u00e4\u00df schwedischem Standard SS 81 73 82<\/li>\n<\/ul>\n<\/div>","protected":false},"excerpt":{"rendered":"<p>ABLOY 2014 ist ein Schloss, das sich perfekt f\u00fcr Innent\u00fcren sowie Badezimmer- und Toilettent\u00fcren sowohl in Privath\u00e4usern als auch in B\u00fcror\u00e4umen eignet. 2014 ist das am weitesten verbreitete Innent\u00fcrschloss und wird sowohl im Neubau als auch im Innenbereich eingesetzt<\/p>","protected":false},"featured_media":134749,"template":"","meta":{"_acf_changed":false},"product_brand":[],"product_cat":[2969],"product_tag":[4190,4102,4191,4189,4099],"class_list":{"0":"post-109221","1":"product","2":"type-product","3":"status-publish","4":"has-post-thumbnail","6":"product_cat-innerdorrlas","7":"product_tag-dorndjup-45mm","8":"product_tag-hoger","9":"product_tag-lasstolpe-20x150mm","10":"product_tag-slutbleck-ingar-inte","11":"product_tag-vanster","12":"pa_brands-abloy","13":"tm-no-options","15":"first","16":"instock","17":"sale","18":"taxable","19":"shipping-taxable","20":"purchasable","21":"product-type-simple"},"acf":[],"_links":{"self":[{"href":"https:\/\/secureus.se\/de\/wp-json\/wp\/v2\/product\/109221","targetHints":{"allow":["GET"]}}],"collection":[{"href":"https:\/\/secureus.se\/de\/wp-json\/wp\/v2\/product"}],"about":[{"href":"https:\/\/secureus.se\/de\/wp-json\/wp\/v2\/types\/product"}],"wp:featuredmedia":[{"embeddable":true,"href":"https:\/\/secureus.se\/de\/wp-json\/wp\/v2\/media\/134749"}],"wp:attachment":[{"href":"https:\/\/secureus.se\/de\/wp-json\/wp\/v2\/media?parent=109221"}],"wp:term":[{"taxonomy":"product_brand","embeddable":true,"href":"https:\/\/secureus.se\/de\/wp-json\/wp\/v2\/product_brand?post=109221"},{"taxonomy":"product_cat","embeddable":true,"href":"https:\/\/secureus.se\/de\/wp-json\/wp\/v2\/product_cat?post=109221"},{"taxonomy":"product_tag","embeddable":true,"href":"https:\/\/secureus.se\/de\/wp-json\/wp\/v2\/product_tag?post=109221"}],"curies":[{"name":"wp","href":"https:\/\/api.w.org\/{rel}","templated":true}]}}