{"id":109224,"date":"2024-11-08T16:24:59","date_gmt":"2024-11-08T15:24:59","guid":{"rendered":"https:\/\/secureus.se\/magnetlas-touch-gra-ral-7036\/"},"modified":"2026-04-08T15:27:12","modified_gmt":"2026-04-08T13:27:12","slug":"magnetlas-touch-gra-ral-7036","status":"publish","type":"product","link":"https:\/\/secureus.se\/de\/magnetlas-touch-gra-ral-7036\/","title":{"rendered":"Magnetschloss Touch Grau RAL 7036"},"content":{"rendered":"<p>Patentiertes kontaktloses Magnetschloss. Mit einem 2,5 mm Innensechskantschl\u00fcssel l\u00e4sst sich die Greifkraft je nach Spalt zwischen T\u00fcr und Rahmen einstellen. Mit L\u00e5shus Touch m\u00fcssen Sie nur dr\u00fccken oder ziehen, um die T\u00fcr zu \u00f6ffnen oder zu schlie\u00dfen. Passende Dekopfosten und magnetische Endplatte finden Sie unter der Registerkarte Zubeh\u00f6r<\/p>\n<p><b>Eigenschaften:<\/b><\/p>\n<ul>\n<li>Pfostenabmessungen: 18\u00d7196 mm<\/li>\n<li>Verriegelungstiefe 30 mm<\/li>\n<\/ul>","protected":false},"excerpt":{"rendered":"<p>Patentiertes kontaktloses Magnetschloss. Mit einem 2,5 mm Innensechskantschl\u00fcssel l\u00e4sst sich die Greifkraft je nach Spalt zwischen T\u00fcr und Rahmen einstellen. Mit L\u00e5shus Touch m\u00fcssen Sie nur dr\u00fccken oder ziehen<\/p>","protected":false},"featured_media":135212,"template":"","meta":{"_acf_changed":false},"product_brand":[],"product_cat":[2969],"product_tag":[4102,4188,4189,4099],"class_list":{"0":"post-109224","1":"product","2":"type-product","3":"status-publish","4":"has-post-thumbnail","6":"product_cat-innerdorrlas","7":"product_tag-hoger","8":"product_tag-lasstolpe-18x196-mm","9":"product_tag-slutbleck-ingar-inte","10":"product_tag-vanster","11":"pa_brands-agb","12":"tm-no-options","14":"first","15":"outofstock","16":"sale","17":"taxable","18":"shipping-taxable","19":"purchasable","20":"product-type-simple"},"acf":[],"_links":{"self":[{"href":"https:\/\/secureus.se\/de\/wp-json\/wp\/v2\/product\/109224","targetHints":{"allow":["GET"]}}],"collection":[{"href":"https:\/\/secureus.se\/de\/wp-json\/wp\/v2\/product"}],"about":[{"href":"https:\/\/secureus.se\/de\/wp-json\/wp\/v2\/types\/product"}],"wp:featuredmedia":[{"embeddable":true,"href":"https:\/\/secureus.se\/de\/wp-json\/wp\/v2\/media\/135212"}],"wp:attachment":[{"href":"https:\/\/secureus.se\/de\/wp-json\/wp\/v2\/media?parent=109224"}],"wp:term":[{"taxonomy":"product_brand","embeddable":true,"href":"https:\/\/secureus.se\/de\/wp-json\/wp\/v2\/product_brand?post=109224"},{"taxonomy":"product_cat","embeddable":true,"href":"https:\/\/secureus.se\/de\/wp-json\/wp\/v2\/product_cat?post=109224"},{"taxonomy":"product_tag","embeddable":true,"href":"https:\/\/secureus.se\/de\/wp-json\/wp\/v2\/product_tag?post=109224"}],"curies":[{"name":"wp","href":"https:\/\/api.w.org\/{rel}","templated":true}]}}