{"id":109230,"date":"2024-11-08T16:24:59","date_gmt":"2024-11-08T15:24:59","guid":{"rendered":"https:\/\/secureus.se\/rullas-4238-gul\/"},"modified":"2026-04-13T23:16:22","modified_gmt":"2026-04-13T21:16:22","slug":"rullas-4238-gul","status":"publish","type":"product","link":"https:\/\/secureus.se\/de\/rullas-4238-gul\/","title":{"rendered":"Rollschloss 4238 Gelb"},"content":{"rendered":"<p>Das ABLOY 4238 ist ein symmetrisches Rollenschloss f\u00fcr Saunat\u00fcren und einfachere T\u00fcren mit T\u00fcrgriffen. Das Schloss verf\u00fcgt \u00fcber einen Rollenkolben, dessen \u00dcberstand mittels einer Schraube im Pfosten justiert werden kann. Aus Sicherheitsgr\u00fcnden wird das Rollenschloss stets zusammen mit einem zus\u00e4tzlichen Sicherheitsriegel verwendet. <strong>Endplatte 0046<\/strong> die nicht im Lieferumfang enthalten sind und separat erworben werden m\u00fcssen.<\/p>\n<div>\n<p><b>Eigenschaften:<\/b><\/p>\n<ul>\n<li>F\u00fcr rechts oder links angeschlagene T\u00fcren<\/li>\n<li>Wird zusammen mit Slutbleck 0046 verwendet.<\/li>\n<li>Abmessungen des Schlie\u00dfpfostens: 20\u00d7150 mm<\/li>\n<li>Tiefe: 36,5 mm<\/li>\n<\/ul>\n<\/div>","protected":false},"excerpt":{"rendered":"<p>ABLOY 4238 ist ein symmetrisches Rollenschloss f\u00fcr Saunat\u00fcren und einfachere T\u00fcren mit Ziehgriffen. Das Schloss verf\u00fcgt \u00fcber einen Rollkolben, dessen Ausladung mit einer Schraube im Pfosten eingestellt werden kann. Aus Sicherheitsgr\u00fcnden<\/p>","protected":false},"featured_media":135061,"template":"","meta":{"_acf_changed":false},"product_brand":[],"product_cat":[2969],"product_tag":[4102,4191,4192,4099],"class_list":{"0":"post-109230","1":"product","2":"type-product","3":"status-publish","4":"has-post-thumbnail","6":"product_cat-innerdorrlas","7":"product_tag-hoger","8":"product_tag-lasstolpe-20x150mm","9":"product_tag-slutbleck-ingar","10":"product_tag-vanster","11":"pa_brands-abloy","12":"tm-no-options","14":"first","15":"instock","16":"sale","17":"taxable","18":"shipping-taxable","19":"purchasable","20":"product-type-simple"},"acf":[],"_links":{"self":[{"href":"https:\/\/secureus.se\/de\/wp-json\/wp\/v2\/product\/109230","targetHints":{"allow":["GET"]}}],"collection":[{"href":"https:\/\/secureus.se\/de\/wp-json\/wp\/v2\/product"}],"about":[{"href":"https:\/\/secureus.se\/de\/wp-json\/wp\/v2\/types\/product"}],"wp:featuredmedia":[{"embeddable":true,"href":"https:\/\/secureus.se\/de\/wp-json\/wp\/v2\/media\/135061"}],"wp:attachment":[{"href":"https:\/\/secureus.se\/de\/wp-json\/wp\/v2\/media?parent=109230"}],"wp:term":[{"taxonomy":"product_brand","embeddable":true,"href":"https:\/\/secureus.se\/de\/wp-json\/wp\/v2\/product_brand?post=109230"},{"taxonomy":"product_cat","embeddable":true,"href":"https:\/\/secureus.se\/de\/wp-json\/wp\/v2\/product_cat?post=109230"},{"taxonomy":"product_tag","embeddable":true,"href":"https:\/\/secureus.se\/de\/wp-json\/wp\/v2\/product_tag?post=109230"}],"curies":[{"name":"wp","href":"https:\/\/api.w.org\/{rel}","templated":true}]}}