{"id":109239,"date":"2024-11-08T16:24:59","date_gmt":"2024-11-08T15:24:59","guid":{"rendered":"https:\/\/secureus.se\/lashus-4570-vanster-krom\/"},"modified":"2026-04-08T15:31:02","modified_gmt":"2026-04-08T13:31:02","slug":"lashus-4570-vanster-krom","status":"publish","type":"product","link":"https:\/\/secureus.se\/de\/lashus-4570-vanster-krom\/","title":{"rendered":"Schlossgeh\u00e4use 4570 Links Chrom"},"content":{"rendered":"<p>\nABLOY 4570 ist ein Fallschloss f\u00fcr Zylinder. Erh\u00e4ltlich sowohl in der rechten als auch in der linken Version. Das Schloss verf\u00fcgt \u00fcber eine automatische Verriegelung, die \u00fcber einen Knopf im Pfosten gesteuert wird. Standardm\u00e4\u00dfig mit verchromtem Schlossgeh\u00e4use geliefert und f\u00fcr ovale Schlie\u00dfzylinder Typ 1201 oder 1301 geeignet.<\/p>\n<div><\/div>\n<div><b>Eigenschaften:<\/b><\/div>\n<div>\n<div>\n<ul>\n<li>F\u00fcr linksangeschlagene T\u00fcr<\/li>\n<li>Dorntiefe: 45 mm<\/li>\n<li>Abmessungen des Schlosspfostens: 22\u00d7150 mm<\/li>\n<li>Der Button im Beitrag kann in zwei Positionen eingestellt werden<\/li>\n<li>Nicht reversibel<\/li>\n<li>Passend f\u00fcr skandinavischen ovalen Schlie\u00dfzylinder.<\/li>\n<li>Komplett mit Zylinder, Zylinderring und Knaufsatz.<\/li>\n<\/ul>\n<\/div>\n<div><b>Funktion:<\/b><\/div>\n<\/div>\n<div>\n<ul>\n<li>Knopfposition: UP = Interlock, Kolben 20 mm herauslassen, Schloss kann nur mit Schl\u00fcssel oder Knopf ge\u00f6ffnet werden.<\/li>\n<li>Knopfstellung: UNTEN = Kolben 14 mm herausfallen lassen, das Schloss kann auch durch Druck ge\u00f6ffnet werden.<\/li>\n<\/ul>\n<\/div>","protected":false},"excerpt":{"rendered":"<p>ABLOY 4570 ist ein f\u00fcr Zylinder vorgesehenes Kastenschloss. Erh\u00e4ltlich als Rechts- und Linkshandversion. Das Schloss verf\u00fcgt \u00fcber eine automatische Verriegelung, die \u00fcber einen Knopf im Pfosten gesteuert wird. Wird standardm\u00e4\u00dfig mit Schlossgeh\u00e4use geliefert<\/p>","protected":false},"featured_media":135056,"template":"","meta":{"_acf_changed":false},"product_brand":[],"product_cat":[2969],"product_tag":[4190,4099],"class_list":{"0":"post-109239","1":"product","2":"type-product","3":"status-publish","4":"has-post-thumbnail","6":"product_cat-innerdorrlas","7":"product_tag-dorndjup-45mm","8":"product_tag-vanster","9":"pa_brands-abloy","10":"tm-no-options","12":"first","13":"outofstock","14":"sale","15":"taxable","16":"shipping-taxable","17":"purchasable","18":"product-type-simple"},"acf":[],"_links":{"self":[{"href":"https:\/\/secureus.se\/de\/wp-json\/wp\/v2\/product\/109239","targetHints":{"allow":["GET"]}}],"collection":[{"href":"https:\/\/secureus.se\/de\/wp-json\/wp\/v2\/product"}],"about":[{"href":"https:\/\/secureus.se\/de\/wp-json\/wp\/v2\/types\/product"}],"wp:featuredmedia":[{"embeddable":true,"href":"https:\/\/secureus.se\/de\/wp-json\/wp\/v2\/media\/135056"}],"wp:attachment":[{"href":"https:\/\/secureus.se\/de\/wp-json\/wp\/v2\/media?parent=109239"}],"wp:term":[{"taxonomy":"product_brand","embeddable":true,"href":"https:\/\/secureus.se\/de\/wp-json\/wp\/v2\/product_brand?post=109239"},{"taxonomy":"product_cat","embeddable":true,"href":"https:\/\/secureus.se\/de\/wp-json\/wp\/v2\/product_cat?post=109239"},{"taxonomy":"product_tag","embeddable":true,"href":"https:\/\/secureus.se\/de\/wp-json\/wp\/v2\/product_tag?post=109239"}],"curies":[{"name":"wp","href":"https:\/\/api.w.org\/{rel}","templated":true}]}}