{"id":109258,"date":"2024-11-08T16:25:00","date_gmt":"2024-11-08T15:25:00","guid":{"rendered":"https:\/\/secureus.se\/lashus-40c-45-z-hoger-med-slutbleck-2-nycklar\/"},"modified":"2026-04-09T10:25:29","modified_gmt":"2026-04-09T08:25:29","slug":"lashus-40c-45-z-hoger-med-slutbleck-2-nycklar","status":"publish","type":"product","link":"https:\/\/secureus.se\/de\/lashus-40c-45-z-hoger-med-slutbleck-2-nycklar\/","title":{"rendered":"Schlossgeh\u00e4use 40C-45 Z rechts mit Endplatte 2 Schl\u00fcssel"},"content":{"rendered":"<p>ASSA ABLOY 40C ist ein 3-Halter-Schloss f\u00fcr Innent\u00fcren im Oberfl\u00e4chenersatzmarkt. Ausschnittma\u00dfe gem\u00e4\u00df der \u00e4lteren Ausschnittnorm. Lieferung mit Endplatte und 2 St\u00fcck. Schl\u00fcssel.<\/p>\n<div><\/div>\n<div><b>Eigenschaften: <\/b><\/div>\n<div>\n<ul>\n<li>Schlosstiefe: 74 mm.<\/li>\n<li>Schl\u00fcssellochabstand: 45 mm (Dorntiefe)<\/li>\n<li>Erh\u00e4ltlich mit 44 St\u00fcck. verschiedene Tastenkombinationen<\/li>\n<li>Schlossgeh\u00e4use aus verzinktem Stahl<\/li>\n<li>Erh\u00e4ltlich sowohl in der rechten als auch in der linken Version.<\/li>\n<\/ul>\n<\/div>","protected":false},"excerpt":{"rendered":"<p>ASSA ABLOY 40C ist ein 3-Riegel-Schloss f\u00fcr Innent\u00fcren im Oberfl\u00e4chenersatzmarkt. Ausschnittma\u00dfe gem\u00e4\u00df der \u00e4lteren Ausschnittnorm. Lieferung mit Endplatte und 2 St\u00fcck. Schl\u00fcssel. Eigenschaften: Schlosstiefe: 74 mm. Schl\u00fcssellochabstand: 45 mm<\/p>","protected":false},"featured_media":135203,"template":"","meta":{"_acf_changed":false},"product_brand":[],"product_cat":[2969],"product_tag":[4190,4102,4195,4192],"class_list":{"0":"post-109258","1":"product","2":"type-product","3":"status-publish","4":"has-post-thumbnail","6":"product_cat-innerdorrlas","7":"product_tag-dorndjup-45mm","8":"product_tag-hoger","9":"product_tag-lasstolpe-22x205mm","10":"product_tag-slutbleck-ingar","11":"pa_brands-abloy","12":"tm-no-options","14":"first","15":"instock","16":"sale","17":"taxable","18":"shipping-taxable","19":"purchasable","20":"product-type-simple"},"acf":[],"_links":{"self":[{"href":"https:\/\/secureus.se\/de\/wp-json\/wp\/v2\/product\/109258","targetHints":{"allow":["GET"]}}],"collection":[{"href":"https:\/\/secureus.se\/de\/wp-json\/wp\/v2\/product"}],"about":[{"href":"https:\/\/secureus.se\/de\/wp-json\/wp\/v2\/types\/product"}],"wp:featuredmedia":[{"embeddable":true,"href":"https:\/\/secureus.se\/de\/wp-json\/wp\/v2\/media\/135203"}],"wp:attachment":[{"href":"https:\/\/secureus.se\/de\/wp-json\/wp\/v2\/media?parent=109258"}],"wp:term":[{"taxonomy":"product_brand","embeddable":true,"href":"https:\/\/secureus.se\/de\/wp-json\/wp\/v2\/product_brand?post=109258"},{"taxonomy":"product_cat","embeddable":true,"href":"https:\/\/secureus.se\/de\/wp-json\/wp\/v2\/product_cat?post=109258"},{"taxonomy":"product_tag","embeddable":true,"href":"https:\/\/secureus.se\/de\/wp-json\/wp\/v2\/product_tag?post=109258"}],"curies":[{"name":"wp","href":"https:\/\/api.w.org\/{rel}","templated":true}]}}