{"id":109261,"date":"2024-11-08T16:25:00","date_gmt":"2024-11-08T15:25:00","guid":{"rendered":"https:\/\/secureus.se\/lashus-4249-ej-nyckel-galv\/"},"modified":"2026-04-08T15:30:12","modified_gmt":"2026-04-08T13:30:12","slug":"lashus-4249-ej-nyckel-galv","status":"publish","type":"product","link":"https:\/\/secureus.se\/de\/lashus-4249-ej-nyckel-galv\/","title":{"rendered":"Schlossgeh\u00e4use 4249 ohne Schl\u00fcssel verzinkt"},"content":{"rendered":"<p>\nL\u00e5shus 4249 ist ein Hakenlinealschloss f\u00fcr leichte Schiebet\u00fcren und Ziehharmonikat\u00fcren im B\u00fcro- und Wohnbereich im Neubau und auf dem Ersatzmarkt. Lieferung ohne Schl\u00fcssel.<\/p>\n<div><\/div>\n<div><b>Eigenschaften:<\/b><\/p>\n<ul>\n<li>Dorntiefe: 45 mm<\/li>\n<li>Abmessungen des Schlosspfostens: 20\u00d7150 mm<\/li>\n<li>Ausschnittma\u00dfe gem\u00e4\u00df schwedischem Standard SS 81 73 82<\/li>\n<li>Abschlie\u00dfbar mit Schl\u00fcssel oder Toilettenknauf und Panikschl\u00fcssel\/Schraubendreher<\/li>\n<li>Passt sowohl f\u00fcr rechts- als auch linksangeschlagene T\u00fcren<\/li>\n<li>Passend unter anderem f\u00fcr WC-Zubeh\u00f6r LH0341<\/li>\n<\/ul>\n<\/div>\n<div><b>Funktion:<\/b><\/p>\n<ul>\n<li>Die Bedienung von ABLOY 4249 erfolgt mit einem Schl\u00fcssel von innen und au\u00dfen, alternativ mit einem Knauf von innen und einem Panikschl\u00fcssel oder Schraubendreher von au\u00dfen.<\/li>\n<\/ul>\n<\/div>","protected":false},"excerpt":{"rendered":"<p>L\u00e5shus 4249 ist ein Hakenlinealschloss f\u00fcr leichte Schiebet\u00fcren und Ziehharmonikat\u00fcren im B\u00fcro- und Wohnsektor im Neubau und auf dem Ersatzmarkt. Lieferung ohne Schl\u00fcssel. Merkmale: Dorntiefe: 45 mm Abmessungen des Schlosspfostens: 20\u00d7150 mm Abmessungen der Aussparung<\/p>","protected":false},"featured_media":135197,"template":"","meta":{"_acf_changed":false},"product_brand":[],"product_cat":[2969],"product_tag":[4190,4102,4191,4189,4099],"class_list":{"0":"post-109261","1":"product","2":"type-product","3":"status-publish","4":"has-post-thumbnail","6":"product_cat-innerdorrlas","7":"product_tag-dorndjup-45mm","8":"product_tag-hoger","9":"product_tag-lasstolpe-20x150mm","10":"product_tag-slutbleck-ingar-inte","11":"product_tag-vanster","12":"pa_brands-abloy","13":"tm-no-options","15":"first","16":"instock","17":"sale","18":"taxable","19":"shipping-taxable","20":"purchasable","21":"product-type-simple"},"acf":[],"_links":{"self":[{"href":"https:\/\/secureus.se\/de\/wp-json\/wp\/v2\/product\/109261","targetHints":{"allow":["GET"]}}],"collection":[{"href":"https:\/\/secureus.se\/de\/wp-json\/wp\/v2\/product"}],"about":[{"href":"https:\/\/secureus.se\/de\/wp-json\/wp\/v2\/types\/product"}],"wp:featuredmedia":[{"embeddable":true,"href":"https:\/\/secureus.se\/de\/wp-json\/wp\/v2\/media\/135197"}],"wp:attachment":[{"href":"https:\/\/secureus.se\/de\/wp-json\/wp\/v2\/media?parent=109261"}],"wp:term":[{"taxonomy":"product_brand","embeddable":true,"href":"https:\/\/secureus.se\/de\/wp-json\/wp\/v2\/product_brand?post=109261"},{"taxonomy":"product_cat","embeddable":true,"href":"https:\/\/secureus.se\/de\/wp-json\/wp\/v2\/product_cat?post=109261"},{"taxonomy":"product_tag","embeddable":true,"href":"https:\/\/secureus.se\/de\/wp-json\/wp\/v2\/product_tag?post=109261"}],"curies":[{"name":"wp","href":"https:\/\/api.w.org\/{rel}","templated":true}]}}