{"id":109280,"date":"2024-11-08T16:25:01","date_gmt":"2024-11-08T15:25:01","guid":{"rendered":"https:\/\/secureus.se\/lashus-40t-45-z-hoger-med-slutbleck\/"},"modified":"2026-04-08T15:29:48","modified_gmt":"2026-04-08T13:29:48","slug":"lashus-40t-45-z-hoger-med-slutbleck","status":"publish","type":"product","link":"https:\/\/secureus.se\/de\/lashus-40t-45-z-hoger-med-slutbleck\/","title":{"rendered":"Schlossgeh\u00e4use 40T-45 Z rechts mit Endplatte"},"content":{"rendered":"<p>\nASSA ABLOY 40T ist ein Toilettenschloss f\u00fcr Innent\u00fcren, haupts\u00e4chlich im Ersatzmarkt. Ausschnittma\u00dfe gem\u00e4\u00df der \u00e4lteren Ausschnittnorm. Lieferung mit Endplatte und Schraube.<\/p>\n<div><b>Eigenschaften: <\/b><\/div>\n<div>\n<ul>\n<li>Dorntiefe: 45 mm<\/li>\n<li>Schlosstiefe: 74 mm<\/li>\n<li>Schlossgeh\u00e4use aus verzinktem Stahl<\/li>\n<li>Erh\u00e4ltlich sowohl in der rechten als auch in der linken Version<\/li>\n<\/ul>\n<\/div>\n<div><\/div>","protected":false},"excerpt":{"rendered":"<p>ASSA ABLOY 40T ist ein Toilettenschloss f\u00fcr Innent\u00fcren, haupts\u00e4chlich im Ersatzmarkt. Ausschnittma\u00dfe gem\u00e4\u00df der \u00e4lteren Ausschnittnorm. Lieferung mit Endplatte und Schraube. Merkmale: Dorntiefe: 45 mm Schlosstiefe: 74 mm Verzinktes Schlossgeh\u00e4use<\/p>","protected":false},"featured_media":134717,"template":"","meta":{"_acf_changed":false},"product_brand":[],"product_cat":[2969],"product_tag":[4190,4102,4195,4192],"class_list":{"0":"post-109280","1":"product","2":"type-product","3":"status-publish","4":"has-post-thumbnail","6":"product_cat-innerdorrlas","7":"product_tag-dorndjup-45mm","8":"product_tag-hoger","9":"product_tag-lasstolpe-22x205mm","10":"product_tag-slutbleck-ingar","11":"pa_brands-abloy","12":"tm-no-options","14":"first","15":"instock","16":"sale","17":"taxable","18":"shipping-taxable","19":"purchasable","20":"product-type-simple"},"acf":[],"_links":{"self":[{"href":"https:\/\/secureus.se\/de\/wp-json\/wp\/v2\/product\/109280","targetHints":{"allow":["GET"]}}],"collection":[{"href":"https:\/\/secureus.se\/de\/wp-json\/wp\/v2\/product"}],"about":[{"href":"https:\/\/secureus.se\/de\/wp-json\/wp\/v2\/types\/product"}],"wp:featuredmedia":[{"embeddable":true,"href":"https:\/\/secureus.se\/de\/wp-json\/wp\/v2\/media\/134717"}],"wp:attachment":[{"href":"https:\/\/secureus.se\/de\/wp-json\/wp\/v2\/media?parent=109280"}],"wp:term":[{"taxonomy":"product_brand","embeddable":true,"href":"https:\/\/secureus.se\/de\/wp-json\/wp\/v2\/product_brand?post=109280"},{"taxonomy":"product_cat","embeddable":true,"href":"https:\/\/secureus.se\/de\/wp-json\/wp\/v2\/product_cat?post=109280"},{"taxonomy":"product_tag","embeddable":true,"href":"https:\/\/secureus.se\/de\/wp-json\/wp\/v2\/product_tag?post=109280"}],"curies":[{"name":"wp","href":"https:\/\/api.w.org\/{rel}","templated":true}]}}