{"id":109291,"date":"2024-11-08T16:25:02","date_gmt":"2024-11-08T15:25:02","guid":{"rendered":"https:\/\/secureus.se\/lashus-9456-hoger-krom\/"},"modified":"2026-04-08T15:29:31","modified_gmt":"2026-04-08T13:29:31","slug":"lashus-9456-hoger-krom","status":"publish","type":"product","link":"https:\/\/secureus.se\/de\/lashus-9456-hoger-krom\/","title":{"rendered":"Schlossgeh\u00e4use 9456 Rechts Chrom"},"content":{"rendered":"<p>\nABLOY 9456 ist ein Fallschloss f\u00fcr Innent\u00fcren, das mit einem Standardzylinder Typ ASSA ABLOY 1201 oder 1301 kombiniert wird.<\/p>\n<div><b>Eigenschaften:<\/b><\/p>\n<ul>\n<li>F\u00fcr rechtsangeschlagene T\u00fcr<\/li>\n<li>Dorntiefe: 45 mm<\/li>\n<li>Abmessungen des Schlosspfostens: 20\u00d7150 mm<\/li>\n<li>Nicht reversibel<\/li>\n<li>Angepasst f\u00fcr skandinavischen Zylinder.<\/li>\n<li>Bedienung mit einem Schl\u00fcssel von au\u00dfen und einem Schl\u00fcssel oder Knopf von innen.<\/li>\n<\/ul>\n<\/div>\n<div><b>Funktion:<\/b><\/p>\n<ul>\n<li>Wenn Sie den Schl\u00fcssel oder den Knopf drehen, wird der Tropfenkolben herausgedr\u00fcckt und bei 20 mm verriegelt.<\/li>\n<li>Das Schloss wird durch Drehen des Schl\u00fcssels oder Knopfes in die entgegengesetzte Richtung ge\u00f6ffnet.<\/li>\n<li>Anschlie\u00dfend wird der Absenkkolben in der Tagesgebrauchsposition 14 mm arretiert und die Druckfunktion aktiviert.\u00a0<\/li>\n<\/ul>\n<\/div>","protected":false},"excerpt":{"rendered":"<p>ABLOY 9456 ist ein Fallschloss f\u00fcr Innent\u00fcren, das mit einem Standardzylinder Typ ASSA ABLOY 1201 oder 1301 kombiniert wird. Eigenschaften: F\u00fcr rechts angeschlagene T\u00fcren Dorntiefe: 45 mm Abmessungen des Schlosspfostens: 20\u00d7150 mm Nicht umkehrbar<\/p>","protected":false},"featured_media":134711,"template":"","meta":{"_acf_changed":false},"product_brand":[],"product_cat":[2969],"product_tag":[4190,4102,4191],"class_list":{"0":"post-109291","1":"product","2":"type-product","3":"status-publish","4":"has-post-thumbnail","6":"product_cat-innerdorrlas","7":"product_tag-dorndjup-45mm","8":"product_tag-hoger","9":"product_tag-lasstolpe-20x150mm","10":"pa_brands-abloy","11":"tm-no-options","13":"first","14":"instock","15":"sale","16":"taxable","17":"shipping-taxable","18":"purchasable","19":"product-type-simple"},"acf":[],"_links":{"self":[{"href":"https:\/\/secureus.se\/de\/wp-json\/wp\/v2\/product\/109291","targetHints":{"allow":["GET"]}}],"collection":[{"href":"https:\/\/secureus.se\/de\/wp-json\/wp\/v2\/product"}],"about":[{"href":"https:\/\/secureus.se\/de\/wp-json\/wp\/v2\/types\/product"}],"wp:featuredmedia":[{"embeddable":true,"href":"https:\/\/secureus.se\/de\/wp-json\/wp\/v2\/media\/134711"}],"wp:attachment":[{"href":"https:\/\/secureus.se\/de\/wp-json\/wp\/v2\/media?parent=109291"}],"wp:term":[{"taxonomy":"product_brand","embeddable":true,"href":"https:\/\/secureus.se\/de\/wp-json\/wp\/v2\/product_brand?post=109291"},{"taxonomy":"product_cat","embeddable":true,"href":"https:\/\/secureus.se\/de\/wp-json\/wp\/v2\/product_cat?post=109291"},{"taxonomy":"product_tag","embeddable":true,"href":"https:\/\/secureus.se\/de\/wp-json\/wp\/v2\/product_tag?post=109291"}],"curies":[{"name":"wp","href":"https:\/\/api.w.org\/{rel}","templated":true}]}}