{"id":109298,"date":"2024-11-08T16:25:02","date_gmt":"2024-11-08T15:25:02","guid":{"rendered":"https:\/\/secureus.se\/lashus-2020-med-slutbleck-gul-epoxy\/"},"modified":"2026-04-08T15:29:27","modified_gmt":"2026-04-08T13:29:27","slug":"lashus-2020-med-slutbleck-gul-epoxy","status":"publish","type":"product","link":"https:\/\/secureus.se\/de\/lashus-2020-med-slutbleck-gul-epoxy\/","title":{"rendered":"Schlosshaus 2020 mit Slutbleck Yellow Epoxy"},"content":{"rendered":"<p>\nABLOY 2020 ist ein Fallschloss f\u00fcr Innent\u00fcren sowie Badezimmer- und Toilettent\u00fcren in Privath\u00e4usern und B\u00fcror\u00e4umen. Wird haupts\u00e4chlich f\u00fcr den Devisenmarkt verwendet.<\/p>\n<div><\/div>\n<div><b>Eigenschaften: <\/b><\/p>\n<ul>\n<li>Dorntiefe: 45 mm<\/li>\n<li>Abmessungen des Schlie\u00dfpfostens: 20\u00d7150 mm<\/li>\n<li>Abschlie\u00dfbar mit Schl\u00fcssel oder Toilettenknauf und Panikschl\u00fcssel\/Schraubendreher.<\/li>\n<li>Passt sowohl f\u00fcr rechts- als auch linksangeschlagene T\u00fcren.<\/li>\n<li>Es k\u00f6nnen Griffe mit 8 oder 9 mm Druckstiften verwendet werden.<\/li>\n<li>Rechts\/links umkehrbar.<\/li>\n<li>In den 50er-80er Jahren h\u00e4ufig.<\/li>\n<li>Ersetzt FAS\/ASSA 404 und 404T.<\/li>\n<\/ul>\n<p><b>Das Paket enth\u00e4lt<\/b><\/p>\n<ul>\n<li>1 Stk. Haus sperren.<\/li>\n<li>1 Stk. Schlussbemerkung.<\/li>\n<li>1 Stk. Schl\u00fcssel.<\/li>\n<li>4 Schrauben.<\/li>\n<\/ul>\n<\/div>\n<div><\/div>\n<div><\/div>","protected":false},"excerpt":{"rendered":"<p>ABLOY 2020 ist ein Fallschloss f\u00fcr Innent\u00fcren sowie Badezimmer- und Toilettent\u00fcren in Privath\u00e4usern und B\u00fcror\u00e4umen. Wird haupts\u00e4chlich f\u00fcr den Devisenmarkt verwendet. Merkmale: Dorntiefe: 45 mm Abmessungen des Schlosspfostens: 20\u00d7150 mm Schl\u00f6sser mit Schl\u00fcssel<\/p>","protected":false},"featured_media":134848,"template":"","meta":{"_acf_changed":false},"product_brand":[],"product_cat":[2969],"product_tag":[4190,4102,4191,4192,4099],"class_list":{"0":"post-109298","1":"product","2":"type-product","3":"status-publish","4":"has-post-thumbnail","6":"product_cat-innerdorrlas","7":"product_tag-dorndjup-45mm","8":"product_tag-hoger","9":"product_tag-lasstolpe-20x150mm","10":"product_tag-slutbleck-ingar","11":"product_tag-vanster","12":"product_shipping_class-tunga-paket","13":"pa_brands-abloy","14":"tm-no-options","16":"first","17":"instock","18":"sale","19":"taxable","20":"shipping-taxable","21":"purchasable","22":"product-type-simple"},"acf":[],"_links":{"self":[{"href":"https:\/\/secureus.se\/de\/wp-json\/wp\/v2\/product\/109298","targetHints":{"allow":["GET"]}}],"collection":[{"href":"https:\/\/secureus.se\/de\/wp-json\/wp\/v2\/product"}],"about":[{"href":"https:\/\/secureus.se\/de\/wp-json\/wp\/v2\/types\/product"}],"wp:featuredmedia":[{"embeddable":true,"href":"https:\/\/secureus.se\/de\/wp-json\/wp\/v2\/media\/134848"}],"wp:attachment":[{"href":"https:\/\/secureus.se\/de\/wp-json\/wp\/v2\/media?parent=109298"}],"wp:term":[{"taxonomy":"product_brand","embeddable":true,"href":"https:\/\/secureus.se\/de\/wp-json\/wp\/v2\/product_brand?post=109298"},{"taxonomy":"product_cat","embeddable":true,"href":"https:\/\/secureus.se\/de\/wp-json\/wp\/v2\/product_cat?post=109298"},{"taxonomy":"product_tag","embeddable":true,"href":"https:\/\/secureus.se\/de\/wp-json\/wp\/v2\/product_tag?post=109298"}],"curies":[{"name":"wp","href":"https:\/\/api.w.org\/{rel}","templated":true}]}}