{"id":109300,"date":"2024-11-08T16:28:14","date_gmt":"2024-11-08T15:28:14","guid":{"rendered":"https:\/\/secureus.se\/nyckel-till-2014-2020\/"},"modified":"2026-04-08T15:29:09","modified_gmt":"2026-04-08T13:29:09","slug":"nyckel-till-2014-2020","status":"publish","type":"product","link":"https:\/\/secureus.se\/de\/nyckel-till-2014-2020\/","title":{"rendered":"Abloy 2014 Schl\u00fcssel zu 2014 und 2020"},"content":{"rendered":"<p>Assa Key 2014.<\/p>\n<p>Schl\u00fcssel f\u00fcr Innent\u00fcrschlossgeh\u00e4use 2014, 2020<\/p>\n<p>Boda 2014 ist das gleiche wie Assa 2014<\/p>","protected":false},"excerpt":{"rendered":"<p>Schl\u00fcssel f\u00fcr Innent\u00fcrschloss ABLOY 2014 und 2020.<\/p>","protected":false},"featured_media":134836,"template":"","meta":{"_acf_changed":false},"product_brand":[],"product_cat":[2969],"product_tag":[],"class_list":{"0":"post-109300","1":"product","2":"type-product","3":"status-publish","4":"has-post-thumbnail","6":"product_cat-innerdorrlas","7":"product_shipping_class-postnord-varubrev","8":"pa_brands-abloy","9":"tm-no-options","11":"first","12":"instock","13":"taxable","14":"shipping-taxable","15":"purchasable","16":"product-type-simple"},"acf":[],"_links":{"self":[{"href":"https:\/\/secureus.se\/de\/wp-json\/wp\/v2\/product\/109300","targetHints":{"allow":["GET"]}}],"collection":[{"href":"https:\/\/secureus.se\/de\/wp-json\/wp\/v2\/product"}],"about":[{"href":"https:\/\/secureus.se\/de\/wp-json\/wp\/v2\/types\/product"}],"wp:featuredmedia":[{"embeddable":true,"href":"https:\/\/secureus.se\/de\/wp-json\/wp\/v2\/media\/134836"}],"wp:attachment":[{"href":"https:\/\/secureus.se\/de\/wp-json\/wp\/v2\/media?parent=109300"}],"wp:term":[{"taxonomy":"product_brand","embeddable":true,"href":"https:\/\/secureus.se\/de\/wp-json\/wp\/v2\/product_brand?post=109300"},{"taxonomy":"product_cat","embeddable":true,"href":"https:\/\/secureus.se\/de\/wp-json\/wp\/v2\/product_cat?post=109300"},{"taxonomy":"product_tag","embeddable":true,"href":"https:\/\/secureus.se\/de\/wp-json\/wp\/v2\/product_tag?post=109300"}],"curies":[{"name":"wp","href":"https:\/\/api.w.org\/{rel}","templated":true}]}}