{"id":114186,"date":"2024-11-13T11:13:07","date_gmt":"2024-11-13T10:13:07","guid":{"rendered":"https:\/\/secureus.se\/industrilas-cl105c-system-2-nycklar\/"},"modified":"2026-04-08T15:29:02","modified_gmt":"2026-04-08T13:29:02","slug":"industrilas-cl105c-system-2-nycklar","status":"publish","type":"product","link":"https:\/\/secureus.se\/de\/industrilas-cl105c-system-2-nycklar\/","title":{"rendered":"Industrieschloss CL105C System 2 Schl\u00fcssel"},"content":{"rendered":"<p>\nABLOY CL105C ist ein Industrieschloss f\u00fcr T\u00fcren zu Schr\u00e4nken, Schubladen, Ger\u00e4teschr\u00e4nken, Verkaufsautomaten oder \u00c4hnlichem. F\u00fcr T\u00fcrst\u00e4rke max. 9,5 mm. Zylindergeh\u00e4use aus oberfl\u00e4chengeh\u00e4rtetem, verchromtem Stahl. Die erste Sicherungsplatte besteht aus vernickeltem, oberfl\u00e4chengeh\u00e4rtetem Stahl. Anschlagscheibe, Endmutter, Sicherungsscheibe und Mutter f\u00fcr Zylindergeh\u00e4use aus verzinktem Stahl. Die Regel wird separat bestellt. Kompletter Zylinder mit zwei Schl\u00fcsseln.<\/p>\n<div><b>Eigenschaften:<\/b><\/p>\n<ul>\n<li>Anzahl der Sperrscheiben: 9 Stk.<\/li>\n<li>Drehwinkel des Ma\u00dfstabs: 90, 180\u00b0. Der Schl\u00fcssel kann nur im verriegelten Zustand abgezogen werden.<\/li>\n<li>Gesamtl\u00e4nge: 33 mm<\/li>\n<li>Maximale T\u00fcrst\u00e4rke: 9,5 mm<\/li>\n<li>Regelgr\u00f6\u00dfe: 18,5 mm<\/li>\n<\/ul>\n<\/div>","protected":false},"excerpt":{"rendered":"<p>ABLOY CL105C ist ein Industrieschloss f\u00fcr T\u00fcren zu Schr\u00e4nken, Schubladen, Ger\u00e4teschr\u00e4nken, Verkaufsautomaten oder \u00c4hnlichem. F\u00fcr T\u00fcrst\u00e4rke max. 9,5 mm. Zylindergeh\u00e4use aus oberfl\u00e4chengeh\u00e4rtetem, verchromtem Stahl. Die erste Rastscheibe ist vernickelt, oberfl\u00e4chengeh\u00e4rtet<\/p>","protected":false},"featured_media":134823,"template":"","meta":{"_acf_changed":false},"product_brand":[],"product_cat":[4186],"product_tag":[],"class_list":{"0":"post-114186","1":"product","2":"type-product","3":"status-publish","4":"has-post-thumbnail","6":"product_cat-skaplas-industrilas","7":"pa_brands-abloy","8":"tm-no-options","10":"first","11":"onbackorder","12":"sale","13":"taxable","14":"shipping-taxable","15":"purchasable","16":"product-type-simple"},"acf":[],"_links":{"self":[{"href":"https:\/\/secureus.se\/de\/wp-json\/wp\/v2\/product\/114186","targetHints":{"allow":["GET"]}}],"collection":[{"href":"https:\/\/secureus.se\/de\/wp-json\/wp\/v2\/product"}],"about":[{"href":"https:\/\/secureus.se\/de\/wp-json\/wp\/v2\/types\/product"}],"wp:featuredmedia":[{"embeddable":true,"href":"https:\/\/secureus.se\/de\/wp-json\/wp\/v2\/media\/134823"}],"wp:attachment":[{"href":"https:\/\/secureus.se\/de\/wp-json\/wp\/v2\/media?parent=114186"}],"wp:term":[{"taxonomy":"product_brand","embeddable":true,"href":"https:\/\/secureus.se\/de\/wp-json\/wp\/v2\/product_brand?post=114186"},{"taxonomy":"product_cat","embeddable":true,"href":"https:\/\/secureus.se\/de\/wp-json\/wp\/v2\/product_cat?post=114186"},{"taxonomy":"product_tag","embeddable":true,"href":"https:\/\/secureus.se\/de\/wp-json\/wp\/v2\/product_tag?post=114186"}],"curies":[{"name":"wp","href":"https:\/\/api.w.org\/{rel}","templated":true}]}}