{"id":114233,"date":"2024-11-13T13:25:51","date_gmt":"2024-11-13T12:25:51","guid":{"rendered":"https:\/\/secureus.se\/?post_type=product&#038;p=114233"},"modified":"2026-03-26T11:33:40","modified_gmt":"2026-03-26T10:33:40","slug":"skylthallare","status":"publish","type":"product","link":"https:\/\/secureus.se\/de\/skylthallare\/","title":{"rendered":"ZEICHENHALTER"},"content":{"rendered":"","protected":false},"excerpt":{"rendered":"<p>Der Schilderhalter SKH-75 passt auf Schilder mit einer maximalen Dicke von 2 mm. Der Halter besteht aus Kunststoff und verf\u00fcgt auf der R\u00fcckseite \u00fcber doppelseitiges Klebeband zur vertikalen Wandmontage. Schild nicht im Lieferumfang enthalten<\/p>","protected":false},"featured_media":135183,"template":"","meta":{"_acf_changed":false},"product_brand":[],"product_cat":[1559],"product_tag":[],"class_list":{"0":"post-114233","1":"product","2":"type-product","3":"status-publish","4":"has-post-thumbnail","6":"product_cat-anvisningsskyltar-brandskydd","7":"product_shipping_class-postnord-varubrev","8":"pa_brands-ateco","9":"tm-no-options","11":"first","12":"instock","13":"sale","14":"taxable","15":"shipping-taxable","16":"purchasable","17":"product-type-simple"},"acf":[],"_links":{"self":[{"href":"https:\/\/secureus.se\/de\/wp-json\/wp\/v2\/product\/114233","targetHints":{"allow":["GET"]}}],"collection":[{"href":"https:\/\/secureus.se\/de\/wp-json\/wp\/v2\/product"}],"about":[{"href":"https:\/\/secureus.se\/de\/wp-json\/wp\/v2\/types\/product"}],"wp:featuredmedia":[{"embeddable":true,"href":"https:\/\/secureus.se\/de\/wp-json\/wp\/v2\/media\/135183"}],"wp:attachment":[{"href":"https:\/\/secureus.se\/de\/wp-json\/wp\/v2\/media?parent=114233"}],"wp:term":[{"taxonomy":"product_brand","embeddable":true,"href":"https:\/\/secureus.se\/de\/wp-json\/wp\/v2\/product_brand?post=114233"},{"taxonomy":"product_cat","embeddable":true,"href":"https:\/\/secureus.se\/de\/wp-json\/wp\/v2\/product_cat?post=114233"},{"taxonomy":"product_tag","embeddable":true,"href":"https:\/\/secureus.se\/de\/wp-json\/wp\/v2\/product_tag?post=114233"}],"curies":[{"name":"wp","href":"https:\/\/api.w.org\/{rel}","templated":true}]}}