{"id":114541,"date":"2024-11-14T09:39:35","date_gmt":"2024-11-14T08:39:35","guid":{"rendered":"https:\/\/secureus.se\/?post_type=product&#038;p=114541"},"modified":"2026-04-09T11:32:49","modified_gmt":"2026-04-09T09:32:49","slug":"risco-vaggfaste-med-solcellsmodul-for-beyond-dt-detektorer","status":"publish","type":"product","link":"https:\/\/secureus.se\/de\/risco-vaggfaste-med-solcellsmodul-for-beyond-dt-detektorer\/","title":{"rendered":"RISCO Wandhalterung mit Solarmodul \u2013 F\u00fcr Beyond DT-Melder"},"content":{"rendered":"<h1>RISCO Wandhalterung mit Solarmodul \u2013 F\u00fcr Beyond DT-Melder<\/h1>\n<p data-start=\"374\" data-end=\"942\">Die RISCO-Wandhalterung mit Solarmodul bietet eine umweltfreundliche und kosteng\u00fcnstige L\u00f6sung zur Verbesserung der Batterielebensdauer f\u00fcr die drahtlosen Detektoren Beyond DT und Beyond DT Cam.<\/p>\n<p data-start=\"374\" data-end=\"942\">Das solarbetriebene Modul ist mit einer um 180\u00ba drehbaren Halterung ausgestattet, sodass sich das Panel ganz einfach f\u00fcr eine optimale Sonnenenergieaufnahme ausrichten l\u00e4sst.<\/p>\n<p data-start=\"374\" data-end=\"942\">Der integrierte, wiederaufladbare Akku wird \u00fcber das Solarpanel aufgeladen und dient als Erg\u00e4nzung zu den Standardbatterien im Melder. Dadurch verl\u00e4ngert sich die Lebensdauer der Batterien und ein h\u00e4ufiger Batteriewechsel ist weniger notwendig.<\/p>\n<p data-start=\"944\" data-end=\"1196\">Diese Wandhalterung ist einfach zu installieren und dient als perfekte Erg\u00e4nzung zu drahtlosen Sicherheitsl\u00f6sungen wie Beyond DT und Beyond DT Cam.<\/p>\n<p data-start=\"944\" data-end=\"1196\">Das solarbetriebene Modul macht es zu einer nachhaltigeren L\u00f6sung und h\u00e4lt gleichzeitig die Kosten niedrig.<\/p>\n<p data-start=\"1198\" data-end=\"1227\"><strong data-start=\"1198\" data-end=\"1227\">Technische Spezifikationen:<\/strong><\/p>\n<ul data-start=\"1228\" data-end=\"1625\">\n<li data-start=\"1228\" data-end=\"1265\">\n<p data-start=\"1230\" data-end=\"1265\">Modell: Wandhalterung mit Solarmodul<\/p>\n<\/li>\n<li data-start=\"1266\" data-end=\"1331\">\n<p data-start=\"1268\" data-end=\"1331\">Kompatibilit\u00e4t: Beyond DT und Beyond DT Cam Funkmelder<\/p>\n<\/li>\n<li data-start=\"1332\" data-end=\"1418\">\n<p data-start=\"1334\" data-end=\"1418\">Besonderheiten: 180\u00ba drehbar, integriertes Solarmodul mit Akku<\/p>\n<\/li>\n<li data-start=\"1419\" data-end=\"1483\">\n<p data-start=\"1421\" data-end=\"1483\">Stromversorgung: 1 x CR123A Batterie (erg\u00e4nzt durch Solarzelle)<\/p>\n<\/li>\n<li data-start=\"1484\" data-end=\"1508\">\n<p data-start=\"1486\" data-end=\"1508\">Abmessungen: 124 x 35 x 42 mm<\/p>\n<\/li>\n<li data-start=\"1509\" data-end=\"1523\">\n<p data-start=\"1511\" data-end=\"1523\">Farbe: Silber<\/p>\n<\/li>\n<li data-start=\"1524\" data-end=\"1551\">\n<p data-start=\"1526\" data-end=\"1551\">Verwendung: Wandmontage<\/p>\n<\/li>\n<li data-start=\"1552\" data-end=\"1576\">\n<p data-start=\"1554\" data-end=\"1576\">Zertifizierung: CE-Kennzeichnung<\/p>\n<\/li>\n<li data-start=\"1577\" data-end=\"1600\">\n<p data-start=\"1579\" data-end=\"1600\">Drehung: 180\u00ba schwenkbar<\/p>\n<\/li>\n<li data-start=\"1601\" data-end=\"1625\">\n<p data-start=\"1603\" data-end=\"1625\">Gewicht: Leicht und kompakt<\/p>\n<\/li>\n<\/ul>","protected":false},"excerpt":{"rendered":"<p>Die RISCO-Wandhalterung mit Solarmodul ist f\u00fcr die Verwendung mit den drahtlosen Detektoren Beyond DT und Beyond DT Cam konzipiert.<\/p>\n<p>Es verf\u00fcgt \u00fcber ein drehbares Solarpanel (180\u00ba) und eine integrierte wiederaufladbare Batteriel\u00f6sung f\u00fcr eine l\u00e4ngere Batterielebensdauer.<\/p>","protected":false},"featured_media":158864,"template":"","meta":{"_acf_changed":false},"product_brand":[],"product_cat":[3191],"product_tag":[],"class_list":{"0":"post-114541","1":"product","2":"type-product","3":"status-publish","4":"has-post-thumbnail","6":"product_cat-utomhusdetektorer","7":"pa_brands-4risco","8":"tm-no-options","10":"first","11":"instock","12":"taxable","13":"shipping-taxable","14":"purchasable","15":"product-type-simple"},"acf":[],"_links":{"self":[{"href":"https:\/\/secureus.se\/de\/wp-json\/wp\/v2\/product\/114541","targetHints":{"allow":["GET"]}}],"collection":[{"href":"https:\/\/secureus.se\/de\/wp-json\/wp\/v2\/product"}],"about":[{"href":"https:\/\/secureus.se\/de\/wp-json\/wp\/v2\/types\/product"}],"wp:featuredmedia":[{"embeddable":true,"href":"https:\/\/secureus.se\/de\/wp-json\/wp\/v2\/media\/158864"}],"wp:attachment":[{"href":"https:\/\/secureus.se\/de\/wp-json\/wp\/v2\/media?parent=114541"}],"wp:term":[{"taxonomy":"product_brand","embeddable":true,"href":"https:\/\/secureus.se\/de\/wp-json\/wp\/v2\/product_brand?post=114541"},{"taxonomy":"product_cat","embeddable":true,"href":"https:\/\/secureus.se\/de\/wp-json\/wp\/v2\/product_cat?post=114541"},{"taxonomy":"product_tag","embeddable":true,"href":"https:\/\/secureus.se\/de\/wp-json\/wp\/v2\/product_tag?post=114541"}],"curies":[{"name":"wp","href":"https:\/\/api.w.org\/{rel}","templated":true}]}}