{"id":114633,"date":"2024-11-20T14:01:58","date_gmt":"2024-11-20T13:01:58","guid":{"rendered":"https:\/\/secureus.se\/?post_type=product&#038;p=114633"},"modified":"2026-01-12T12:01:31","modified_gmt":"2026-01-12T11:01:31","slug":"avsparrningsymbol-kryss-borttagbar","status":"publish","type":"product","link":"https:\/\/secureus.se\/de\/avsparrningsymbol-kryss-borttagbar\/","title":{"rendered":"Abl\u00f6sungssymbol \u201eKreuz\u201c, abnehmbar"},"content":{"rendered":"<p>Selbstklebendes, abnehmbares Sperrkreuz zur auff\u00e4lligen und deutlichen vor\u00fcbergehenden Sperrung von Sitzgelegenheiten in verschiedenen \u00f6ffentlichen Bereichen. L\u00e4sst sich auf Textilien und Kunststoffoberfl\u00e4chen im Innenbereich befestigen.<br \/>\nAbmessungen (B x H x T): 135 x 0,2 x 193 mm<\/p>","protected":false},"excerpt":{"rendered":"<p>Selbstklebende, wiederabl\u00f6sbare Bodenmarkierung in Form eines \u201eX\u201c zum Absperren von Sitzpl\u00e4tzen.<\/p>","protected":false},"featured_media":134902,"template":"","meta":{"_acf_changed":false},"product_brand":[],"product_cat":[4239],"product_tag":[4389],"class_list":{"0":"post-114633","1":"product","2":"type-product","3":"status-publish","4":"has-post-thumbnail","6":"product_cat-varnings-skyddsprofiler","7":"product_tag-rod","8":"product_shipping_class-tunga-paket","9":"pa_brands-durable","10":"tm-no-options","12":"first","13":"instock","14":"sale","15":"taxable","16":"shipping-taxable","17":"purchasable","18":"product-type-simple"},"acf":[],"_links":{"self":[{"href":"https:\/\/secureus.se\/de\/wp-json\/wp\/v2\/product\/114633","targetHints":{"allow":["GET"]}}],"collection":[{"href":"https:\/\/secureus.se\/de\/wp-json\/wp\/v2\/product"}],"about":[{"href":"https:\/\/secureus.se\/de\/wp-json\/wp\/v2\/types\/product"}],"wp:featuredmedia":[{"embeddable":true,"href":"https:\/\/secureus.se\/de\/wp-json\/wp\/v2\/media\/134902"}],"wp:attachment":[{"href":"https:\/\/secureus.se\/de\/wp-json\/wp\/v2\/media?parent=114633"}],"wp:term":[{"taxonomy":"product_brand","embeddable":true,"href":"https:\/\/secureus.se\/de\/wp-json\/wp\/v2\/product_brand?post=114633"},{"taxonomy":"product_cat","embeddable":true,"href":"https:\/\/secureus.se\/de\/wp-json\/wp\/v2\/product_cat?post=114633"},{"taxonomy":"product_tag","embeddable":true,"href":"https:\/\/secureus.se\/de\/wp-json\/wp\/v2\/product_tag?post=114633"}],"curies":[{"name":"wp","href":"https:\/\/api.w.org\/{rel}","templated":true}]}}