{"id":114649,"date":"2024-11-20T13:55:48","date_gmt":"2024-11-20T12:55:48","guid":{"rendered":"https:\/\/secureus.se\/?post_type=product&#038;p=114649"},"modified":"2026-01-12T12:25:20","modified_gmt":"2026-01-12T11:25:20","slug":"golvstativ-crystal-sign-stand-a3","status":"publish","type":"product","link":"https:\/\/secureus.se\/de\/golvstativ-crystal-sign-stand-a3\/","title":{"rendered":"Bodenst\u00e4nder CRYSTAL SIGN STAND A3"},"content":{"rendered":"<p>Bodenschilder informieren und orientieren Besucher und eignen sich hervorragend f\u00fcr die Platzierung in Eing\u00e4ngen, Restaurants, Ausstellungen usw. Die Schilderserie CRYSTAL SIGN besteht aus zwei Acrylplatten mit einer dazwischen liegenden mattierten Einlagefolie f\u00fcr den Text. Das Schild wird durch dekorative Schrauben zusammengehalten. Der Bodenst\u00e4nder besteht aus einem schweren und stabilen Fu\u00df, einem Aluminiumst\u00e4nder und dem drehbaren A3-Schild, das sowohl im Stehen als auch im Liegen verwendet werden kann und schon von weitem sichtbar ist. Das Schild kann in 6 verschiedenen H\u00f6hen angebracht werden und die H\u00f6he des Platzes liegt bei einem aufrechten Schild zwischen 1,18 und 1,25 m. Bei einem horizontalen Schild betr\u00e4gt die H\u00f6he 1,13 bis 1,20 m. Lieferung mit Montageanleitung. Gestalten Sie das Schild mit dem kostenlosen Programm DURAPRINT\u00ae, das unter www.duraprint.se erh\u00e4ltlich ist. Drucken Sie mit einem Laserdrucker auf mattierte Einlegebl\u00e4tter (2 im Lieferumfang enthalten).<br \/>\nZubeh\u00f6r: Nachf\u00fcllbl\u00e4tter aus gefrostetem Papier, Artikelnummer 483719<\/p>","protected":false},"excerpt":{"rendered":"<p>Stallbodenschild CRYSTAL SIGN A3. Das Schild kann im Hoch- oder Querformat verwendet werden.<\/p>","protected":false},"featured_media":134915,"template":"","meta":{"_acf_changed":false},"product_brand":[],"product_cat":[4264],"product_tag":[4382],"class_list":{"0":"post-114649","1":"product","2":"type-product","3":"status-publish","4":"has-post-thumbnail","6":"product_cat-dorrskyltar-i-akryl","7":"product_tag-silver","8":"product_shipping_class-tunga-paket","9":"pa_brands-durable","10":"pa_farg-silver","11":"tm-no-options","13":"first","14":"instock","15":"sale","16":"taxable","17":"shipping-taxable","18":"purchasable","19":"product-type-simple"},"acf":[],"_links":{"self":[{"href":"https:\/\/secureus.se\/de\/wp-json\/wp\/v2\/product\/114649","targetHints":{"allow":["GET"]}}],"collection":[{"href":"https:\/\/secureus.se\/de\/wp-json\/wp\/v2\/product"}],"about":[{"href":"https:\/\/secureus.se\/de\/wp-json\/wp\/v2\/types\/product"}],"wp:featuredmedia":[{"embeddable":true,"href":"https:\/\/secureus.se\/de\/wp-json\/wp\/v2\/media\/134915"}],"wp:attachment":[{"href":"https:\/\/secureus.se\/de\/wp-json\/wp\/v2\/media?parent=114649"}],"wp:term":[{"taxonomy":"product_brand","embeddable":true,"href":"https:\/\/secureus.se\/de\/wp-json\/wp\/v2\/product_brand?post=114649"},{"taxonomy":"product_cat","embeddable":true,"href":"https:\/\/secureus.se\/de\/wp-json\/wp\/v2\/product_cat?post=114649"},{"taxonomy":"product_tag","embeddable":true,"href":"https:\/\/secureus.se\/de\/wp-json\/wp\/v2\/product_tag?post=114649"}],"curies":[{"name":"wp","href":"https:\/\/api.w.org\/{rel}","templated":true}]}}