{"id":114683,"date":"2024-11-20T14:02:00","date_gmt":"2024-11-20T13:02:00","guid":{"rendered":"https:\/\/secureus.se\/?post_type=product&#038;p=114683"},"modified":"2025-12-31T21:31:24","modified_gmt":"2025-12-31T20:31:24","slug":"badgemaker-etiketter-till-namnskylt-40x60","status":"publish","type":"product","link":"https:\/\/secureus.se\/de\/badgemaker-etiketter-till-namnskylt-40x60\/","title":{"rendered":"BADGEMAKER\u00ae Etiketten f\u00fcr Namensschild 40\u00d760"},"content":{"rendered":"<p>Gestalten Sie professionelle und dennoch pers\u00f6nliche Namensschilder mit dem kostenlosen Programm DURAPRINT\u00ae, verf\u00fcgbar unter www.duraprint.se. Drucken Sie mit einem Laser- oder Tintenstrahldrucker auf BADGEMAKER\u00ae-Etikettenb\u00f6gen aus 150-Gramm-Papier. Das Namensschild selbst l\u00e4sst sich leicht auseinanderrei\u00dfen. Die Packung mit 20 A4-Bl\u00e4ttern bietet 360 Einstecketiketten mit den Ma\u00dfen 40x60mm (HxB). <\/p>","protected":false},"excerpt":{"rendered":"<p>Beschriftungsbogen zum Ausdrucken im Drucker f\u00fcr Namensschilder im Format 40x60mm. 20 Blatt = 360 Etiketten.<\/p>","protected":false},"featured_media":134854,"template":"","meta":{"_acf_changed":false},"product_brand":[],"product_cat":[4276],"product_tag":[4396],"class_list":{"0":"post-114683","1":"product","2":"type-product","3":"status-publish","4":"has-post-thumbnail","6":"product_cat-etiketter-till-namnskyltar","7":"product_tag-vit","8":"product_shipping_class-tunga-paket","9":"pa_brands-durable","10":"tm-no-options","12":"first","13":"instock","14":"sale","15":"taxable","16":"shipping-taxable","17":"purchasable","18":"product-type-simple"},"acf":[],"_links":{"self":[{"href":"https:\/\/secureus.se\/de\/wp-json\/wp\/v2\/product\/114683","targetHints":{"allow":["GET"]}}],"collection":[{"href":"https:\/\/secureus.se\/de\/wp-json\/wp\/v2\/product"}],"about":[{"href":"https:\/\/secureus.se\/de\/wp-json\/wp\/v2\/types\/product"}],"wp:featuredmedia":[{"embeddable":true,"href":"https:\/\/secureus.se\/de\/wp-json\/wp\/v2\/media\/134854"}],"wp:attachment":[{"href":"https:\/\/secureus.se\/de\/wp-json\/wp\/v2\/media?parent=114683"}],"wp:term":[{"taxonomy":"product_brand","embeddable":true,"href":"https:\/\/secureus.se\/de\/wp-json\/wp\/v2\/product_brand?post=114683"},{"taxonomy":"product_cat","embeddable":true,"href":"https:\/\/secureus.se\/de\/wp-json\/wp\/v2\/product_cat?post=114683"},{"taxonomy":"product_tag","embeddable":true,"href":"https:\/\/secureus.se\/de\/wp-json\/wp\/v2\/product_tag?post=114683"}],"curies":[{"name":"wp","href":"https:\/\/api.w.org\/{rel}","templated":true}]}}