{"id":114738,"date":"2024-11-05T18:44:03","date_gmt":"2024-11-05T17:44:03","guid":{"rendered":"https:\/\/secureus.se\/?post_type=product&#038;p=114738"},"modified":"2026-01-12T12:52:59","modified_gmt":"2026-01-12T11:52:59","slug":"duracard-colour-ribbon","status":"publish","type":"product","link":"https:\/\/secureus.se\/de\/duracard-colour-ribbon\/","title":{"rendered":"DURACARD-FARBBAND"},"content":{"rendered":"<p>YMCKO Farbband f\u00fcr den Plastikkartendrucker DURACARD ID 300. Zum Farbdruck von 100 Plastikkarten in Fotoqualit\u00e4t. YMCKO steht f\u00fcr Gelb, Magenta, Cyan, Schwarz, transparente Schutzschicht. Die d\u00fcnne transparente Schutzschicht verleiht dem Druck zus\u00e4tzlichen Schutz. Einfach zu wechseln. Mit RFID-Codierung zur schnellen Erkennung, dass das Band zum Drucker passt.<\/p>","protected":false},"excerpt":{"rendered":"<p>YMCKO Farbband f\u00fcr den Plastikkartendrucker DURACARD ID 300 zum Farbdruck von 100 Plastikkarten in Fotoqualit\u00e4t.<\/p>","protected":false},"featured_media":134811,"template":"","meta":{"_acf_changed":false},"product_brand":[],"product_cat":[4345,4347],"product_tag":[],"class_list":{"0":"post-114738","1":"product","2":"type-product","3":"status-publish","4":"has-post-thumbnail","6":"product_cat-duracard-fargband-retransfer","7":"product_cat-kortskrivare-tillbehor-duracard","8":"product_shipping_class-tunga-paket","9":"pa_brands-durable","10":"tm-no-options","12":"first","13":"instock","14":"sale","15":"taxable","16":"shipping-taxable","17":"purchasable","18":"product-type-simple"},"acf":[],"_links":{"self":[{"href":"https:\/\/secureus.se\/de\/wp-json\/wp\/v2\/product\/114738","targetHints":{"allow":["GET"]}}],"collection":[{"href":"https:\/\/secureus.se\/de\/wp-json\/wp\/v2\/product"}],"about":[{"href":"https:\/\/secureus.se\/de\/wp-json\/wp\/v2\/types\/product"}],"wp:featuredmedia":[{"embeddable":true,"href":"https:\/\/secureus.se\/de\/wp-json\/wp\/v2\/media\/134811"}],"wp:attachment":[{"href":"https:\/\/secureus.se\/de\/wp-json\/wp\/v2\/media?parent=114738"}],"wp:term":[{"taxonomy":"product_brand","embeddable":true,"href":"https:\/\/secureus.se\/de\/wp-json\/wp\/v2\/product_brand?post=114738"},{"taxonomy":"product_cat","embeddable":true,"href":"https:\/\/secureus.se\/de\/wp-json\/wp\/v2\/product_cat?post=114738"},{"taxonomy":"product_tag","embeddable":true,"href":"https:\/\/secureus.se\/de\/wp-json\/wp\/v2\/product_tag?post=114738"}],"curies":[{"name":"wp","href":"https:\/\/api.w.org\/{rel}","templated":true}]}}