{"id":114791,"date":"2024-11-20T14:10:41","date_gmt":"2024-11-20T13:10:41","guid":{"rendered":"https:\/\/secureus.se\/?post_type=product&#038;p=114791"},"modified":"2025-09-15T12:28:41","modified_gmt":"2025-09-15T10:28:41","slug":"golvmarkeringstejp-duraline50-12","status":"publish","type":"product","link":"https:\/\/secureus.se\/de\/golvmarkeringstejp-duraline50-12\/","title":{"rendered":"Bodenmarkierungsband DURALINE\u00ae50\/12"},"content":{"rendered":"<p>Selbstklebendes, extra starkes Markierungsband f\u00fcr den Innenbereich. Wird zur dauerhaften Markierung von Bereichen verwendet, die Aufmerksamkeit erfordern, z. B. Verkehrszonen und Sperrgebiete. Wird auf sauberen und trockenen Betonb\u00f6den befestigt. Strapazierf\u00e4hig und langlebig mit Rutschhemmklasse R10 nach DIN51130. Abgeschr\u00e4gte Kanten.<br \/>\nAbmessungen (B x L): Rolle \u00e0 30 m, 50 mm breit, Dicke 1,2 mm<\/p>","protected":false},"excerpt":{"rendered":"<p>Selbstklebendes einfarbiges Bodenmarkierungsband zur Schaffung von Ordnung und Sicherheit in Lager und Industrie. 1,2 mm dick<\/p>","protected":false},"featured_media":133637,"template":"","meta":{"_acf_changed":false},"product_brand":[],"product_cat":[4303],"product_tag":[4387],"class_list":{"0":"post-114791","1":"product","2":"type-product","3":"status-publish","4":"has-post-thumbnail","6":"product_cat-golvtejp","7":"product_tag-bla","8":"pa_brands-durable","9":"pa_farg-bla","10":"tm-no-options","12":"first","13":"instock","14":"sale","15":"taxable","16":"shipping-taxable","17":"purchasable","18":"product-type-simple"},"acf":[],"_links":{"self":[{"href":"https:\/\/secureus.se\/de\/wp-json\/wp\/v2\/product\/114791","targetHints":{"allow":["GET"]}}],"collection":[{"href":"https:\/\/secureus.se\/de\/wp-json\/wp\/v2\/product"}],"about":[{"href":"https:\/\/secureus.se\/de\/wp-json\/wp\/v2\/types\/product"}],"wp:featuredmedia":[{"embeddable":true,"href":"https:\/\/secureus.se\/de\/wp-json\/wp\/v2\/media\/133637"}],"wp:attachment":[{"href":"https:\/\/secureus.se\/de\/wp-json\/wp\/v2\/media?parent=114791"}],"wp:term":[{"taxonomy":"product_brand","embeddable":true,"href":"https:\/\/secureus.se\/de\/wp-json\/wp\/v2\/product_brand?post=114791"},{"taxonomy":"product_cat","embeddable":true,"href":"https:\/\/secureus.se\/de\/wp-json\/wp\/v2\/product_cat?post=114791"},{"taxonomy":"product_tag","embeddable":true,"href":"https:\/\/secureus.se\/de\/wp-json\/wp\/v2\/product_tag?post=114791"}],"curies":[{"name":"wp","href":"https:\/\/api.w.org\/{rel}","templated":true}]}}