{"id":114829,"date":"2024-11-20T13:58:42","date_gmt":"2024-11-20T12:58:42","guid":{"rendered":"https:\/\/secureus.se\/?post_type=product&#038;p=114829"},"modified":"2026-01-12T12:31:25","modified_gmt":"2026-01-12T11:31:25","slug":"inforam-duraframe-poster-70x100","status":"publish","type":"product","link":"https:\/\/secureus.se\/de\/inforam-duraframe-poster-70x100\/","title":{"rendered":"Inforahmen DURAFRAME\u00ae POSTER 70\u00d7100"},"content":{"rendered":"<p>Nutzen Sie DURAFRAME\u00ae POSTER Inforahmen, um Aktionsangebote, \u00d6ffnungszeiten, Werbung etc. in Schaufenstern, an W\u00e4nden oder Glastrennw\u00e4nden professionell darzustellen und zu pr\u00e4sentieren.<br \/>\nDer Rahmen wird an den L\u00e4ngsseiten mit flachen Magneten zusammengehalten und durch Anheben der Vorderseite k\u00f6nnen Nachrichten einfach eingef\u00fcgt oder ge\u00e4ndert werden. Einfache Montage \u2013 glatt und sch\u00f6n ohne Blasen \u2013 mit zwei selbstklebenden Streifen an den kurzen Seiten der R\u00fcckseite. Der Posterrahmen l\u00e4sst sich r\u00fcckstandsfrei von glatten und festen Oberfl\u00e4chen entfernen. H\u00fcbscher als Klebeband! Der Rahmen fasst 2 Poster (150 g Papier) und ist von beiden Seiten lesbar, mit dem gleichen sch\u00f6nen Rahmen auf der Vorder- und R\u00fcckseite. Aus PET-Kunststoff.<br \/>\nHitzebest\u00e4ndig bis 70\u00b0 und UV-stabil bis zu 2 Jahre. F\u00fcr Poster im Hoch- oder Querformat im Format 70 x 100. Au\u00dfenma\u00dfe 745 x 1045 mm.<br \/>\nFarbe: Silber<br \/>\nPraktische platzsparende Verpackung mit 1 Rollrahmen<\/p>","protected":false},"excerpt":{"rendered":"<p>Inforahmen f\u00fcr Informationen und Poster 70\u00d7100 cm. F\u00fcr Schaufenster, W\u00e4nde und Glasfl\u00e4chen.<\/p>","protected":false},"featured_media":134988,"template":"","meta":{"_acf_changed":false},"product_brand":[],"product_cat":[4294],"product_tag":[4382],"class_list":{"0":"post-114829","1":"product","2":"type-product","3":"status-publish","4":"has-post-thumbnail","6":"product_cat-inforamar-for-solexponerade-ytor","7":"product_tag-silver","8":"product_shipping_class-tunga-paket","9":"pa_brands-durable","10":"pa_farg-silver","11":"tm-no-options","13":"first","14":"instock","15":"sale","16":"taxable","17":"shipping-taxable","18":"purchasable","19":"product-type-simple"},"acf":[],"_links":{"self":[{"href":"https:\/\/secureus.se\/de\/wp-json\/wp\/v2\/product\/114829","targetHints":{"allow":["GET"]}}],"collection":[{"href":"https:\/\/secureus.se\/de\/wp-json\/wp\/v2\/product"}],"about":[{"href":"https:\/\/secureus.se\/de\/wp-json\/wp\/v2\/types\/product"}],"wp:featuredmedia":[{"embeddable":true,"href":"https:\/\/secureus.se\/de\/wp-json\/wp\/v2\/media\/134988"}],"wp:attachment":[{"href":"https:\/\/secureus.se\/de\/wp-json\/wp\/v2\/media?parent=114829"}],"wp:term":[{"taxonomy":"product_brand","embeddable":true,"href":"https:\/\/secureus.se\/de\/wp-json\/wp\/v2\/product_brand?post=114829"},{"taxonomy":"product_cat","embeddable":true,"href":"https:\/\/secureus.se\/de\/wp-json\/wp\/v2\/product_cat?post=114829"},{"taxonomy":"product_tag","embeddable":true,"href":"https:\/\/secureus.se\/de\/wp-json\/wp\/v2\/product_tag?post=114829"}],"curies":[{"name":"wp","href":"https:\/\/api.w.org\/{rel}","templated":true}]}}