{"id":114830,"date":"2024-11-20T14:10:58","date_gmt":"2024-11-20T13:10:58","guid":{"rendered":"https:\/\/secureus.se\/?post_type=product&#038;p=114830"},"modified":"2026-01-12T12:55:17","modified_gmt":"2026-01-12T11:55:17","slug":"halkskyddstejp-duraline-grip-color-75-mm","status":"publish","type":"product","link":"https:\/\/secureus.se\/de\/halkskyddstejp-duraline-grip-color-75-mm\/","title":{"rendered":"Anti-Rutsch-Band Duraline Grip Farbe 75 mm"},"content":{"rendered":"<p>Anti-Rutsch-Klebeband f\u00fcr den Einsatz im Innenbereich oder an gesch\u00fctzten Orten im Freien, wo Rutschgefahr besteht. Dabei kann es sich um rutschige B\u00f6den oder Stufen, Leitern, schr\u00e4ge Rampen, Pedale und Stufen an Maschinen und Fahrzeugen handeln. Hierbei handelt es sich um ein 75 mm breites, farbiges Warnklebeband mit mittlerer K\u00f6rnung, das eine Oberfl\u00e4che mit gutem Halt und Reibung bietet. Einfache Anwendung f\u00fcr jedermann: Stellen Sie sicher, dass der Boden sauber und trocken ist. Die Mindesttemperatur f\u00fcr die Montage betr\u00e4gt +10, die optimale Temperatur liegt zwischen 15 und 20 Grad. Entfernen Sie 10 cm der Schutzfolie auf der R\u00fcckseite und bringen Sie das Klebeband an. Rollen Sie dann die Schutzfolie nach und nach ab und entfernen Sie sie, so l\u00e4sst sich das Klebeband leichter in der gew\u00fcnschten Linie anbringen. Nach 48 Stunden ist der Kleber vollst\u00e4ndig ausgeh\u00e4rtet, Sie k\u00f6nnen das Klebeband jedoch sofort nach der Installation begehen.<br \/>\nTechnische Daten: Rutschhemmungsgrad R13 nach DIN51130. Rollen Sie etwa 15 Meter. Breite: 75 mm. K\u00f6rnung 60er K\u00f6rnung<\/p>","protected":false},"excerpt":{"rendered":"<p>Breites farbiges Anti-Rutsch-Warnband f\u00fcr den Einsatz im Innen- und gesch\u00fctzten Au\u00dfenbereich. Robuste Oberfl\u00e4che, die guten Halt bietet.<\/p>","protected":false},"featured_media":133750,"template":"","meta":{"_acf_changed":false},"product_brand":[],"product_cat":[4305],"product_tag":[4386],"class_list":{"0":"post-114830","1":"product","2":"type-product","3":"status-publish","4":"has-post-thumbnail","6":"product_cat-halkskyddstejp","7":"product_tag-gul-svart","8":"product_shipping_class-tunga-paket","9":"pa_brands-durable","10":"pa_farg-gul-svart","11":"tm-no-options","13":"first","14":"instock","15":"sale","16":"taxable","17":"shipping-taxable","18":"purchasable","19":"product-type-simple"},"acf":[],"_links":{"self":[{"href":"https:\/\/secureus.se\/de\/wp-json\/wp\/v2\/product\/114830","targetHints":{"allow":["GET"]}}],"collection":[{"href":"https:\/\/secureus.se\/de\/wp-json\/wp\/v2\/product"}],"about":[{"href":"https:\/\/secureus.se\/de\/wp-json\/wp\/v2\/types\/product"}],"wp:featuredmedia":[{"embeddable":true,"href":"https:\/\/secureus.se\/de\/wp-json\/wp\/v2\/media\/133750"}],"wp:attachment":[{"href":"https:\/\/secureus.se\/de\/wp-json\/wp\/v2\/media?parent=114830"}],"wp:term":[{"taxonomy":"product_brand","embeddable":true,"href":"https:\/\/secureus.se\/de\/wp-json\/wp\/v2\/product_brand?post=114830"},{"taxonomy":"product_cat","embeddable":true,"href":"https:\/\/secureus.se\/de\/wp-json\/wp\/v2\/product_cat?post=114830"},{"taxonomy":"product_tag","embeddable":true,"href":"https:\/\/secureus.se\/de\/wp-json\/wp\/v2\/product_tag?post=114830"}],"curies":[{"name":"wp","href":"https:\/\/api.w.org\/{rel}","templated":true}]}}