{"id":114844,"date":"2024-11-20T14:09:55","date_gmt":"2024-11-20T13:09:55","guid":{"rendered":"https:\/\/secureus.se\/?post_type=product&#038;p=114844"},"modified":"2026-03-11T14:43:33","modified_gmt":"2026-03-11T13:43:33","slug":"flexiplus-2-a4-liggande-broschyrfack-2","status":"publish","type":"product","link":"https:\/\/secureus.se\/de\/flexiplus-2-a4-liggande-broschyrfack-2\/","title":{"rendered":"FLEXIPLUS 2 Prospektablage A4 quer"},"content":{"rendered":"<p>Formularablagen, Prospektst\u00e4nder, Briefablagen \u2013 FLEXIPLUS ist eine Serie platzsparender, flexibler Wandhalter f\u00fcr Brosch\u00fcren, Zeitschriften, Formulare und andere Informationen im A4-Format. Jede Ablage fasst bis zu 24 mm dicke B\u00fcndel. Das Set besteht aus zwei Ablagen im Querformat, die entweder zusammen oder einzeln verwendet werden k\u00f6nnen. Schrauben und D\u00fcbel sind im Lieferumfang enthalten. Die Ma\u00dfe jeder Ablage betragen 34 \u00d7 19,5 \u00d7 3,5 cm (B \u00d7 H \u00d7 T). Schr\u00e4g an der Wand montiert, ist sie 10 cm hoch und 34 cm breit. Zusammengesetzt betr\u00e4gt die H\u00f6he beider Ablagen 25 cm. Bei Bedarf lassen sich weitere Ablagen durch einfaches Einh\u00e4ngen hinzuf\u00fcgen.<\/p>","protected":false},"excerpt":{"rendered":"<p>Komplettset mit 2 Heftablagen FLEXIPLUS A4 im Querformat.<\/p>","protected":false},"featured_media":133841,"template":"","meta":{"_acf_changed":false},"product_brand":[],"product_cat":[4280],"product_tag":[4381],"class_list":{"0":"post-114844","1":"product","2":"type-product","3":"status-publish","4":"has-post-thumbnail","6":"product_cat-broschyrstall","7":"product_tag-svart","8":"product_shipping_class-tunga-paket","9":"pa_brands-durable","10":"pa_farg-svart","11":"tm-no-options","13":"first","14":"instock","15":"sale","16":"taxable","17":"shipping-taxable","18":"purchasable","19":"product-type-simple"},"acf":[],"_links":{"self":[{"href":"https:\/\/secureus.se\/de\/wp-json\/wp\/v2\/product\/114844","targetHints":{"allow":["GET"]}}],"collection":[{"href":"https:\/\/secureus.se\/de\/wp-json\/wp\/v2\/product"}],"about":[{"href":"https:\/\/secureus.se\/de\/wp-json\/wp\/v2\/types\/product"}],"wp:featuredmedia":[{"embeddable":true,"href":"https:\/\/secureus.se\/de\/wp-json\/wp\/v2\/media\/133841"}],"wp:attachment":[{"href":"https:\/\/secureus.se\/de\/wp-json\/wp\/v2\/media?parent=114844"}],"wp:term":[{"taxonomy":"product_brand","embeddable":true,"href":"https:\/\/secureus.se\/de\/wp-json\/wp\/v2\/product_brand?post=114844"},{"taxonomy":"product_cat","embeddable":true,"href":"https:\/\/secureus.se\/de\/wp-json\/wp\/v2\/product_cat?post=114844"},{"taxonomy":"product_tag","embeddable":true,"href":"https:\/\/secureus.se\/de\/wp-json\/wp\/v2\/product_tag?post=114844"}],"curies":[{"name":"wp","href":"https:\/\/api.w.org\/{rel}","templated":true}]}}