{"id":114857,"date":"2024-11-20T14:09:56","date_gmt":"2024-11-20T13:09:56","guid":{"rendered":"https:\/\/secureus.se\/?post_type=product&#038;p=114857"},"modified":"2026-01-12T13:00:09","modified_gmt":"2026-01-12T12:00:09","slug":"flexiplus-2-a4-staende-broschyrfack","status":"publish","type":"product","link":"https:\/\/secureus.se\/de\/flexiplus-2-a4-staende-broschyrfack\/","title":{"rendered":"Vertikale Prospektablage FLEXIPLUS 2 A4"},"content":{"rendered":"<p>Formularablagen, Prospektst\u00e4nder, Briefablagen \u2013 FLEXIPLUS ist eine Serie platzsparender, flexibler und wandmontierter Halter f\u00fcr Brosch\u00fcren, Zeitschriften, Formulare und andere Informationen im A4-Format. Jedes Fach hat ein Fassungsverm\u00f6gen von 24 mm dicken B\u00fcndeln. Hierbei handelt es sich um ein komplettes Set mit 2 F\u00e4chern im Standformat, wobei die F\u00e4cher zusammengebaut oder separat verwendet werden k\u00f6nnen. Ein Satz Schrauben und D\u00fcbel ist im Lieferumfang enthalten. Jedes Fach misst 25\u00d727,5\u00d73,5 cm (BxHxT). Abgewinkelt von der Wand montiert, baut es 10 cm auf, hat eine Breite von 25 cm und ist 36 cm hoch, wenn beide F\u00e4cher zusammengebaut sind. Bei Bedarf durch Einh\u00e4ngen der F\u00e4cher nacheinander mit weiteren F\u00e4chern erweiterbar. <\/p>","protected":false},"excerpt":{"rendered":"<p>Komplettset mit 2 Heftablagen FLEXIPLUS A4 im Hochformat.<\/p>","protected":false},"featured_media":133800,"template":"","meta":{"_acf_changed":false},"product_brand":[],"product_cat":[4280],"product_tag":[4381],"class_list":{"0":"post-114857","1":"product","2":"type-product","3":"status-publish","4":"has-post-thumbnail","6":"product_cat-broschyrstall","7":"product_tag-svart","8":"product_shipping_class-tunga-paket","9":"pa_brands-durable","10":"pa_farg-svart","11":"tm-no-options","13":"first","14":"instock","15":"sale","16":"taxable","17":"shipping-taxable","18":"purchasable","19":"product-type-simple"},"acf":[],"_links":{"self":[{"href":"https:\/\/secureus.se\/de\/wp-json\/wp\/v2\/product\/114857","targetHints":{"allow":["GET"]}}],"collection":[{"href":"https:\/\/secureus.se\/de\/wp-json\/wp\/v2\/product"}],"about":[{"href":"https:\/\/secureus.se\/de\/wp-json\/wp\/v2\/types\/product"}],"wp:featuredmedia":[{"embeddable":true,"href":"https:\/\/secureus.se\/de\/wp-json\/wp\/v2\/media\/133800"}],"wp:attachment":[{"href":"https:\/\/secureus.se\/de\/wp-json\/wp\/v2\/media?parent=114857"}],"wp:term":[{"taxonomy":"product_brand","embeddable":true,"href":"https:\/\/secureus.se\/de\/wp-json\/wp\/v2\/product_brand?post=114857"},{"taxonomy":"product_cat","embeddable":true,"href":"https:\/\/secureus.se\/de\/wp-json\/wp\/v2\/product_cat?post=114857"},{"taxonomy":"product_tag","embeddable":true,"href":"https:\/\/secureus.se\/de\/wp-json\/wp\/v2\/product_tag?post=114857"}],"curies":[{"name":"wp","href":"https:\/\/api.w.org\/{rel}","templated":true}]}}