{"id":114864,"date":"2024-11-20T13:57:21","date_gmt":"2024-11-20T12:57:21","guid":{"rendered":"https:\/\/secureus.se\/?post_type=product&#038;p=114864"},"modified":"2026-01-12T12:26:46","modified_gmt":"2026-01-12T11:26:46","slug":"inforam-sjalvhaftande-duraframe-a4-2","status":"publish","type":"product","link":"https:\/\/secureus.se\/de\/inforam-sjalvhaftande-duraframe-a4-2\/","title":{"rendered":"Inforahmen selbstklebend DURAFRAME\u00ae A4"},"content":{"rendered":"<p>Nutzen Sie selbstklebende DURAFRAME\u00ae-Inforahmen, um Werbeangebote, \u00d6ffnungszeiten, Schilder und andere tempor\u00e4re oder dauerhaftere Informationen professionell, schnell und einfach anzuzeigen:<br \/>\nSchutzpapier abziehen \u2013 Duraframe aufkleben \u2013 Vorderseite mit Magnetverschluss anheben \u2013 ein oder zwei Bl\u00e4tter einlegen \u2013 Vorderseite nach unten klappen \u2013 fertig! Einfacher Aufbau \u2013 ohne Werkzeug oder sonstiges Zubeh\u00f6r \u2013 auf festen und glatten Oberfl\u00e4chen. Saubere und einfachere Handhabung als beispielsweise Klebeband, Heftklammern oder Heftklammern. Dank Magneten an allen drei zu \u00f6ffnenden Seiten bleibt der Einsatz sowohl im Hoch- als auch im Querformat sicher an seinem Platz. Der Rahmen sieht auf der Vorder- und R\u00fcckseite gleich aus, was sich hervorragend eignet, wenn er f\u00fcr eine doppelseitige Botschaft auf Glasscheiben platziert wird. Es ist von Glasscheiben abnehmbar. Bei der Demontage des Rahmens k\u00f6nnen lackierte, beschichtete oder laminierte Oberfl\u00e4chen besch\u00e4digt werden.<br \/>\nF\u00fcr Dokumente im A4-Format. Au\u00dfenma\u00dfe 236\u00d7323 mm. DURAFRAME\u00ae ist f\u00fcr Dokumente von A6 bis A2 in verschiedenen Packungsgr\u00f6\u00dfen erh\u00e4ltlich. Erh\u00e4ltlich in mehreren Farben, damit die Beschilderung zur Botschaft, Logofarbe, Jahreszeit passt oder ausreichend sichtbar ist oder vielleicht auch im Gegenteil diskret ist.<br \/>\nVerpackung mit 2 Stk.<\/p>\n<p>F\u00fcr den Einsatz auf empfindlichen Untergr\u00fcnden wie Tapeten, gestrichenen, beschichteten oder laminierten Oberfl\u00e4chen verwenden Sie bitte DURAFRAME\u00ae WALLPAPER.<br \/>\nF\u00fcr den Einsatz auf sonnenexponierten Glasfl\u00e4chen empfehlen wir DURAFRAME\u00ae SUN. <\/p>","protected":false},"excerpt":{"rendered":"<p>Selbstklebender Inforahmen zur \u00fcbersichtlichen Darstellung von Informationen. Vorderseite mit Magnetverschluss zum einfachen Austauschen der Eins\u00e4tze. <\/p>","protected":false},"featured_media":135106,"template":"","meta":{"_acf_changed":false},"product_brand":[],"product_cat":[4296],"product_tag":[4382],"class_list":{"0":"post-114864","1":"product","2":"type-product","3":"status-publish","4":"has-post-thumbnail","6":"product_cat-inforamar-for-slata-ytor","7":"product_tag-silver","8":"product_shipping_class-tunga-paket","9":"pa_brands-durable","10":"pa_farg-silver","11":"tm-no-options","13":"first","14":"instock","15":"sale","16":"taxable","17":"shipping-taxable","18":"purchasable","19":"product-type-simple"},"acf":[],"_links":{"self":[{"href":"https:\/\/secureus.se\/de\/wp-json\/wp\/v2\/product\/114864","targetHints":{"allow":["GET"]}}],"collection":[{"href":"https:\/\/secureus.se\/de\/wp-json\/wp\/v2\/product"}],"about":[{"href":"https:\/\/secureus.se\/de\/wp-json\/wp\/v2\/types\/product"}],"wp:featuredmedia":[{"embeddable":true,"href":"https:\/\/secureus.se\/de\/wp-json\/wp\/v2\/media\/135106"}],"wp:attachment":[{"href":"https:\/\/secureus.se\/de\/wp-json\/wp\/v2\/media?parent=114864"}],"wp:term":[{"taxonomy":"product_brand","embeddable":true,"href":"https:\/\/secureus.se\/de\/wp-json\/wp\/v2\/product_brand?post=114864"},{"taxonomy":"product_cat","embeddable":true,"href":"https:\/\/secureus.se\/de\/wp-json\/wp\/v2\/product_cat?post=114864"},{"taxonomy":"product_tag","embeddable":true,"href":"https:\/\/secureus.se\/de\/wp-json\/wp\/v2\/product_tag?post=114864"}],"curies":[{"name":"wp","href":"https:\/\/api.w.org\/{rel}","templated":true}]}}