{"id":114878,"date":"2024-11-20T13:56:00","date_gmt":"2024-11-20T12:56:00","guid":{"rendered":"https:\/\/secureus.se\/?post_type=product&#038;p=114878"},"modified":"2026-01-12T12:25:28","modified_gmt":"2026-01-12T11:25:28","slug":"dorrskylt-click-sign-149x525","status":"publish","type":"product","link":"https:\/\/secureus.se\/de\/dorrskylt-click-sign-149x525\/","title":{"rendered":"T\u00fcrschild CLICK SIGN 149\u00d752,5"},"content":{"rendered":"<p>T\u00fcr- und Wandschilder in verschiedenen Ausf\u00fchrungen helfen den Besuchern bei der Orientierung und informieren dar\u00fcber, wer, welche Abteilung, welche Funktion oder welcher Konferenzraum sich wo in den R\u00e4umlichkeiten befindet. Die CLICK SIGN-Schilderserie ist in vier Farben erh\u00e4ltlich, um die M\u00f6glichkeit zu haben, in verschiedenen Abteilungen oder Etagen unterschiedliche Farben zu verwenden oder einfach weil es eine Farbe ist, die zum Unternehmen passt. CLICK SIGN verf\u00fcgt \u00fcber eine herunterklappbare Frontplatte, hinter der das wei\u00dfe Blatt mit Text gesch\u00fctzt liegt. Schraube, D\u00fcbel und Selbstklebestreifen sind im Montageset enthalten, au\u00dferdem eine Montageanleitung und eine wei\u00dfe Einlegeplatte. Entwerfen Sie dieses kleine Schild (149\u00d752,5) mit dem kostenlosen Programm DURAPRINT\u00ae, das unter www.duraprint.se erh\u00e4ltlich ist, und drucken Sie es auf A4-Bl\u00e4tter, die separat bestellt werden m\u00fcssen.<br \/>\nZubeh\u00f6r: A4-Blatt zum Bedrucken im Laserdrucker, Artikelnummer 485002<\/p>","protected":false},"excerpt":{"rendered":"<p>T\u00fcrschild aus Kunststoff mit geb\u00fcrstetem Rahmen. Format 149\u00d752,5mm. <\/p>","protected":false},"featured_media":135150,"template":"","meta":{"_acf_changed":false},"product_brand":[],"product_cat":[4263],"product_tag":[4396],"class_list":{"0":"post-114878","1":"product","2":"type-product","3":"status-publish","4":"has-post-thumbnail","6":"product_cat-dorrskyltar-i-plast","7":"product_tag-vit","8":"product_shipping_class-tunga-paket","9":"pa_brands-durable","10":"pa_farg-vit","11":"tm-no-options","13":"first","14":"instock","15":"sale","16":"taxable","17":"shipping-taxable","18":"purchasable","19":"product-type-simple"},"acf":[],"_links":{"self":[{"href":"https:\/\/secureus.se\/de\/wp-json\/wp\/v2\/product\/114878","targetHints":{"allow":["GET"]}}],"collection":[{"href":"https:\/\/secureus.se\/de\/wp-json\/wp\/v2\/product"}],"about":[{"href":"https:\/\/secureus.se\/de\/wp-json\/wp\/v2\/types\/product"}],"wp:featuredmedia":[{"embeddable":true,"href":"https:\/\/secureus.se\/de\/wp-json\/wp\/v2\/media\/135150"}],"wp:attachment":[{"href":"https:\/\/secureus.se\/de\/wp-json\/wp\/v2\/media?parent=114878"}],"wp:term":[{"taxonomy":"product_brand","embeddable":true,"href":"https:\/\/secureus.se\/de\/wp-json\/wp\/v2\/product_brand?post=114878"},{"taxonomy":"product_cat","embeddable":true,"href":"https:\/\/secureus.se\/de\/wp-json\/wp\/v2\/product_cat?post=114878"},{"taxonomy":"product_tag","embeddable":true,"href":"https:\/\/secureus.se\/de\/wp-json\/wp\/v2\/product_tag?post=114878"}],"curies":[{"name":"wp","href":"https:\/\/api.w.org\/{rel}","templated":true}]}}