{"id":114897,"date":"2025-01-07T11:02:23","date_gmt":"2025-01-07T10:02:23","guid":{"rendered":"https:\/\/secureus.se\/?post_type=product&#038;p=114897"},"modified":"2026-01-12T12:37:34","modified_gmt":"2026-01-12T11:37:34","slug":"bladderpanel-function-panel-a4-5","status":"publish","type":"product","link":"https:\/\/secureus.se\/de\/bladderpanel-function-panel-a4-5\/","title":{"rendered":"Klapppanel FUNKTIONSPANEL A4"},"content":{"rendered":"<p>Robustes, scannbares Panel f\u00fcr Dokumente im A4-Format mit farbiger Au\u00dfenkante und festen Header-Haltern in verschiedenen Farben. Zur Verwendung in \u00dcbersichtssystemen mit in der Halterung integrierten Spikes. \u00d6ffnung oben zum Wechseln der Unterlagen. Durch die universelle Perforation auch f\u00fcr den Einsatz in Ordnern geeignet. Die Mindestabnahme betr\u00e4gt ein Paket mit 5 Paneelen.<\/p>","protected":false},"excerpt":{"rendered":"<p>Kunststofftasche mit festen Etikettenhaltern. Passend f\u00fcr Tisch- und Wandst\u00e4nder, bei denen die Spikes in der Halterung integriert sind.<\/p>","protected":false},"featured_media":134817,"template":"","meta":{"_acf_changed":false},"product_brand":[],"product_cat":[4301],"product_tag":[4395],"class_list":{"0":"post-114897","1":"product","2":"type-product","3":"status-publish","4":"has-post-thumbnail","6":"product_cat-tillbehor-till-bladderpanelsystem","7":"product_tag-gul","8":"product_shipping_class-tunga-paket","9":"pa_brands-durable","10":"pa_farg-gul","11":"tm-no-options","13":"first","14":"instock","15":"sale","16":"taxable","17":"shipping-taxable","18":"purchasable","19":"product-type-simple"},"acf":[],"_links":{"self":[{"href":"https:\/\/secureus.se\/de\/wp-json\/wp\/v2\/product\/114897","targetHints":{"allow":["GET"]}}],"collection":[{"href":"https:\/\/secureus.se\/de\/wp-json\/wp\/v2\/product"}],"about":[{"href":"https:\/\/secureus.se\/de\/wp-json\/wp\/v2\/types\/product"}],"wp:featuredmedia":[{"embeddable":true,"href":"https:\/\/secureus.se\/de\/wp-json\/wp\/v2\/media\/134817"}],"wp:attachment":[{"href":"https:\/\/secureus.se\/de\/wp-json\/wp\/v2\/media?parent=114897"}],"wp:term":[{"taxonomy":"product_brand","embeddable":true,"href":"https:\/\/secureus.se\/de\/wp-json\/wp\/v2\/product_brand?post=114897"},{"taxonomy":"product_cat","embeddable":true,"href":"https:\/\/secureus.se\/de\/wp-json\/wp\/v2\/product_cat?post=114897"},{"taxonomy":"product_tag","embeddable":true,"href":"https:\/\/secureus.se\/de\/wp-json\/wp\/v2\/product_tag?post=114897"}],"curies":[{"name":"wp","href":"https:\/\/api.w.org\/{rel}","templated":true}]}}