{"id":114955,"date":"2024-12-07T15:21:13","date_gmt":"2024-12-07T14:21:13","guid":{"rendered":"https:\/\/secureus.se\/?post_type=product&#038;p=114955"},"modified":"2026-01-12T12:09:22","modified_gmt":"2026-01-12T11:09:22","slug":"nyckelskap-key-box-code-18-med-kombinationslas","status":"publish","type":"product","link":"https:\/\/secureus.se\/de\/nyckelskap-key-box-code-18-med-kombinationslas\/","title":{"rendered":"Schl\u00fcsselschrank KEY BOX CODE 18 mit Zahlenschloss"},"content":{"rendered":"<p>Mit einem Schl\u00fcsselschrank entsteht ein nat\u00fcrlicher Ort zum Sammeln und Aufbewahren der Schl\u00fcssel, was f\u00fcr mehr Ordnung und Sicherheit sorgt. Die Designserie KEY BOX von Durable mit verschiedenen Schl\u00fcsselschr\u00e4nken besteht aus Aluminium mit \u00fcbersichtlichem Inhaltsverzeichnis auf der Innenseite der T\u00fcr. Die Schl\u00fcsselanh\u00e4nger sind speziell f\u00fcr das Einh\u00e4ngen zwischen zwei Haken an der Schl\u00fcsselleiste konzipiert, wodurch die Markierung gut sichtbar ist und der Schl\u00fcssel hinter dem Schl\u00fcsselanh\u00e4nger h\u00e4ngt. Im Lieferumfang ist ein Set mit 6 Schl\u00fcsselanh\u00e4ngern in den Farben Rot, Gelb, Blau und Schwarz sowie Schrauben und D\u00fcbeln zur Montage enthalten. Vorlagen zum Drucken von Etiketten f\u00fcr die Schl\u00fcsselanh\u00e4nger und die Schl\u00fcsselliste k\u00f6nnen unter https:\/\/www.durable.se\/service\/ladda-ner\/mallar.html heruntergeladen werden. Dieser Schl\u00fcsselschrank verf\u00fcgt \u00fcber ein Codeschloss mit der M\u00f6glichkeit, bis zu 1000 Codekombinationen auszuw\u00e4hlen und bietet Platz f\u00fcr 18 Schl\u00fcssel. Abmessungen: 28x30x12cm HxBxT<br \/>\nZubeh\u00f6r: Extra Schl\u00fcsselanh\u00e4nger Artikelnummer 1957 in verschiedenen Farben.<\/p>","protected":false},"excerpt":{"rendered":"<p>Schl\u00fcsselkasten aus Aluminium zur Aufbewahrung von 18 Schl\u00fcsseln. Mit Codeschloss.<\/p>","protected":false},"featured_media":135309,"template":"","meta":{"_acf_changed":false},"product_brand":[],"product_cat":[1932],"product_tag":[4382],"class_list":{"0":"post-114955","1":"product","2":"type-product","3":"status-publish","4":"has-post-thumbnail","6":"product_cat-nyckelgomma-nyckelbox","7":"product_tag-silver","8":"product_shipping_class-tunga-paket","9":"pa_brands-durable","10":"pa_farg-silver","11":"tm-no-options","13":"first","14":"instock","15":"sale","16":"taxable","17":"shipping-taxable","18":"purchasable","19":"product-type-simple"},"acf":[],"_links":{"self":[{"href":"https:\/\/secureus.se\/de\/wp-json\/wp\/v2\/product\/114955","targetHints":{"allow":["GET"]}}],"collection":[{"href":"https:\/\/secureus.se\/de\/wp-json\/wp\/v2\/product"}],"about":[{"href":"https:\/\/secureus.se\/de\/wp-json\/wp\/v2\/types\/product"}],"wp:featuredmedia":[{"embeddable":true,"href":"https:\/\/secureus.se\/de\/wp-json\/wp\/v2\/media\/135309"}],"wp:attachment":[{"href":"https:\/\/secureus.se\/de\/wp-json\/wp\/v2\/media?parent=114955"}],"wp:term":[{"taxonomy":"product_brand","embeddable":true,"href":"https:\/\/secureus.se\/de\/wp-json\/wp\/v2\/product_brand?post=114955"},{"taxonomy":"product_cat","embeddable":true,"href":"https:\/\/secureus.se\/de\/wp-json\/wp\/v2\/product_cat?post=114955"},{"taxonomy":"product_tag","embeddable":true,"href":"https:\/\/secureus.se\/de\/wp-json\/wp\/v2\/product_tag?post=114955"}],"curies":[{"name":"wp","href":"https:\/\/api.w.org\/{rel}","templated":true}]}}