{"id":114960,"date":"2024-11-20T13:58:04","date_gmt":"2024-11-20T12:58:04","guid":{"rendered":"https:\/\/secureus.se\/?post_type=product&#038;p=114960"},"modified":"2026-01-12T12:28:51","modified_gmt":"2026-01-12T11:28:51","slug":"inforam-duraframe-grip-a4-2","status":"publish","type":"product","link":"https:\/\/secureus.se\/de\/inforam-duraframe-grip-a4-2\/","title":{"rendered":"Inforahmen DURAFRAME\u00ae GRIP A4"},"content":{"rendered":"<p>Nutzen Sie Informationsrahmen aus DURAFRAME\u00ae GRIP f\u00fcr die Anbringung von Informationen an Textilw\u00e4nden, z. B. Telefonlisten oder Telefonnummern, die immer griffbereit sein m\u00fcssen.<br \/>\nEinfaches Einf\u00fcgen oder \u00c4ndern von Nachrichten durch Anheben der Vorderseite mit Magnetverschluss. Einfache Montage \u2013 ohne Werkzeug oder sonstiges Zubeh\u00f6r \u2013 an Sichtschutzw\u00e4nden, Schallabsorbern und textilen Pinnw\u00e4nden. Achten Sie darauf, dass die R\u00fcckseite beim Anziehen nicht mit Ihrer Kleidung in Ber\u00fchrung kommt, da die feine Klettfl\u00e4che auf der R\u00fcckseite Ihre Kleidung besch\u00e4digen kann. Wenn Sie den Rahmen von der Textiloberfl\u00e4che entfernen, ziehen Sie ihn vorsichtig horizontal zur Seite. Vermeiden Sie es, es von oben oder unten abzuziehen. Es kann zu leichten Unebenheiten oder lockeren F\u00e4den an der Stelle kommen, an der sich das Produkt befindet. <\/p>\n<p>F\u00fcr Dokumente im A4-Format. Au\u00dfenma\u00dfe 236\u00d7323 mm.<br \/>\nFarbe: Silber.<br \/>\nVerpackung mit 1 Stk.<\/p>","protected":false},"excerpt":{"rendered":"<p>Einfach zu verwendender Inforahmen f\u00fcr verschiedene Arten von Informationen zur Anbringung an Textilw\u00e4nden. F\u00fcr Dokumente im A4-Format.<\/p>","protected":false},"featured_media":135024,"template":"","meta":{"_acf_changed":false},"product_brand":[],"product_cat":[4296],"product_tag":[4382],"class_list":{"0":"post-114960","1":"product","2":"type-product","3":"status-publish","4":"has-post-thumbnail","6":"product_cat-inforamar-for-slata-ytor","7":"product_tag-silver","8":"product_shipping_class-tunga-paket","9":"pa_brands-durable","10":"pa_farg-silver","11":"tm-no-options","13":"first","14":"instock","15":"sale","16":"taxable","17":"shipping-taxable","18":"purchasable","19":"product-type-simple"},"acf":[],"_links":{"self":[{"href":"https:\/\/secureus.se\/de\/wp-json\/wp\/v2\/product\/114960","targetHints":{"allow":["GET"]}}],"collection":[{"href":"https:\/\/secureus.se\/de\/wp-json\/wp\/v2\/product"}],"about":[{"href":"https:\/\/secureus.se\/de\/wp-json\/wp\/v2\/types\/product"}],"wp:featuredmedia":[{"embeddable":true,"href":"https:\/\/secureus.se\/de\/wp-json\/wp\/v2\/media\/135024"}],"wp:attachment":[{"href":"https:\/\/secureus.se\/de\/wp-json\/wp\/v2\/media?parent=114960"}],"wp:term":[{"taxonomy":"product_brand","embeddable":true,"href":"https:\/\/secureus.se\/de\/wp-json\/wp\/v2\/product_brand?post=114960"},{"taxonomy":"product_cat","embeddable":true,"href":"https:\/\/secureus.se\/de\/wp-json\/wp\/v2\/product_cat?post=114960"},{"taxonomy":"product_tag","embeddable":true,"href":"https:\/\/secureus.se\/de\/wp-json\/wp\/v2\/product_tag?post=114960"}],"curies":[{"name":"wp","href":"https:\/\/api.w.org\/{rel}","templated":true}]}}