{"id":114967,"date":"2024-11-20T14:07:27","date_gmt":"2024-11-20T13:07:27","guid":{"rendered":"https:\/\/secureus.se\/?post_type=product&#038;p=114967"},"modified":"2026-01-12T13:01:08","modified_gmt":"2026-01-12T12:01:08","slug":"flexiboxx-12-a4-staende-brochyrfack","status":"publish","type":"product","link":"https:\/\/secureus.se\/de\/flexiboxx-12-a4-staende-brochyrfack\/","title":{"rendered":"FLEXIBOXX 12 A4 Standprospektablage"},"content":{"rendered":"<p>Formularfach, Prospektst\u00e4nder, Briefkasten \u2013 FLEXIBOXX ist eine Serie platzsparender, flexibler und wandmontierter Halter f\u00fcr Brosch\u00fcren, Zeitschriften, Formulare und andere Informationen im A4-Format. Jedes Fach hat ein Fassungsverm\u00f6gen von 24 mm dicken B\u00fcndeln. Es handelt sich um ein Komplettset mit 12 Tabletts im Hochformat, einer Frontplatte sowie Schrauben und D\u00fcbeln. Die Ma\u00dfe jedes einzelnen Faches betragen 24x34x3 cm (BxHxT). Zusammengebaut und abgewinkelt von der Wand montiert, misst es 13,5 cm, hat eine Breite von 24 cm und ist 111 cm hoch.<\/p>","protected":false},"excerpt":{"rendered":"<p>Komplettset mit 12 Prospektablagen FLEXIBOXX A4 im Hochformat und einer Frontplatte.<\/p>","protected":false},"featured_media":133887,"template":"","meta":{"_acf_changed":false},"product_brand":[],"product_cat":[4280],"product_tag":[4381],"class_list":{"0":"post-114967","1":"product","2":"type-product","3":"status-publish","4":"has-post-thumbnail","6":"product_cat-broschyrstall","7":"product_tag-svart","8":"product_shipping_class-tunga-paket","9":"pa_brands-durable","10":"pa_farg-svart","11":"tm-no-options","13":"first","14":"instock","15":"sale","16":"taxable","17":"shipping-taxable","18":"purchasable","19":"product-type-simple"},"acf":[],"_links":{"self":[{"href":"https:\/\/secureus.se\/de\/wp-json\/wp\/v2\/product\/114967","targetHints":{"allow":["GET"]}}],"collection":[{"href":"https:\/\/secureus.se\/de\/wp-json\/wp\/v2\/product"}],"about":[{"href":"https:\/\/secureus.se\/de\/wp-json\/wp\/v2\/types\/product"}],"wp:featuredmedia":[{"embeddable":true,"href":"https:\/\/secureus.se\/de\/wp-json\/wp\/v2\/media\/133887"}],"wp:attachment":[{"href":"https:\/\/secureus.se\/de\/wp-json\/wp\/v2\/media?parent=114967"}],"wp:term":[{"taxonomy":"product_brand","embeddable":true,"href":"https:\/\/secureus.se\/de\/wp-json\/wp\/v2\/product_brand?post=114967"},{"taxonomy":"product_cat","embeddable":true,"href":"https:\/\/secureus.se\/de\/wp-json\/wp\/v2\/product_cat?post=114967"},{"taxonomy":"product_tag","embeddable":true,"href":"https:\/\/secureus.se\/de\/wp-json\/wp\/v2\/product_tag?post=114967"}],"curies":[{"name":"wp","href":"https:\/\/api.w.org\/{rel}","templated":true}]}}