{"id":114973,"date":"2024-11-20T14:40:40","date_gmt":"2024-11-20T13:40:40","guid":{"rendered":"https:\/\/secureus.se\/?post_type=product&#038;p=114973"},"modified":"2026-01-12T12:26:05","modified_gmt":"2026-01-12T11:26:05","slug":"magnetram-duraframe-magnetic-a3-2","status":"publish","type":"product","link":"https:\/\/secureus.se\/de\/magnetram-duraframe-magnetic-a3-2\/","title":{"rendered":"Magnetrahmen DURAFRAME\u00ae MAGNETIC A3"},"content":{"rendered":"<p>Verwenden Sie die magnetisch haftenden Inforahmen DURAFRAME\u00ae MAGNETIC, um Benutzeranweisungen, Maschinenfakten, Mitarbeiterinformationen und andere tempor\u00e4re oder dauerhaftere Informationen professionell, schnell und einfach anzuzeigen.<br \/>\nLegen Sie die Schutzfolie mit Magnet am gesamten Rahmenrand \u00fcber das Dokument und platzieren Sie sie beispielsweise auf Whiteboards, Umkleideschr\u00e4nken, Metallw\u00e4nden oder K\u00fchlschr\u00e4nken. Klar! Saubere und einfachere Handhabung als z.B. Klebeband. DURAFRAME\u00ae MAGNETIC ist f\u00fcr Dokumente von A6 bis A3 und in verschiedenen Packungsgr\u00f6\u00dfen erh\u00e4ltlich. Erh\u00e4ltlich in mehreren Farben, damit die Beschilderung zur Botschaft, Logofarbe, Jahreszeit passt oder ausreichend sichtbar ist oder vielleicht auch im Gegenteil diskret ist.<br \/>\nF\u00fcr Dokumente im A3-Format. Au\u00dfenma\u00dfe 323\u00d7446 mm.<br \/>\nVerpackung mit 5 St\u00fcck<\/p>","protected":false},"excerpt":{"rendered":"<p>Magnetischer Rahmen zur \u00fcbersichtlichen Darstellung von Informationen. F\u00fcr Dokumente zur Befestigung auf Metalloberfl\u00e4chen.<\/p>","protected":false},"featured_media":133307,"template":"","meta":{"_acf_changed":false},"product_brand":[],"product_cat":[4295,4256],"product_tag":[4382],"class_list":{"0":"post-114973","1":"product","2":"type-product","3":"status-publish","4":"has-post-thumbnail","6":"product_cat-inforamar-for-metallytor","7":"product_cat-ramar-informationsstall","8":"product_tag-silver","9":"product_shipping_class-tunga-paket","10":"pa_brands-durable","11":"pa_farg-silver","12":"tm-no-options","14":"first","15":"instock","16":"sale","17":"taxable","18":"shipping-taxable","19":"purchasable","20":"product-type-simple"},"acf":[],"_links":{"self":[{"href":"https:\/\/secureus.se\/de\/wp-json\/wp\/v2\/product\/114973","targetHints":{"allow":["GET"]}}],"collection":[{"href":"https:\/\/secureus.se\/de\/wp-json\/wp\/v2\/product"}],"about":[{"href":"https:\/\/secureus.se\/de\/wp-json\/wp\/v2\/types\/product"}],"wp:featuredmedia":[{"embeddable":true,"href":"https:\/\/secureus.se\/de\/wp-json\/wp\/v2\/media\/133307"}],"wp:attachment":[{"href":"https:\/\/secureus.se\/de\/wp-json\/wp\/v2\/media?parent=114973"}],"wp:term":[{"taxonomy":"product_brand","embeddable":true,"href":"https:\/\/secureus.se\/de\/wp-json\/wp\/v2\/product_brand?post=114973"},{"taxonomy":"product_cat","embeddable":true,"href":"https:\/\/secureus.se\/de\/wp-json\/wp\/v2\/product_cat?post=114973"},{"taxonomy":"product_tag","embeddable":true,"href":"https:\/\/secureus.se\/de\/wp-json\/wp\/v2\/product_tag?post=114973"}],"curies":[{"name":"wp","href":"https:\/\/api.w.org\/{rel}","templated":true}]}}