{"id":114979,"date":"2024-11-05T18:04:56","date_gmt":"2024-11-05T17:04:56","guid":{"rendered":"https:\/\/secureus.se\/?post_type=product&#038;p=114979"},"modified":"2026-01-12T12:08:29","modified_gmt":"2026-01-12T11:08:29","slug":"nyckelbricka-key-clip-2","status":"publish","type":"product","link":"https:\/\/secureus.se\/de\/nyckelbricka-key-clip-2\/","title":{"rendered":"Schl\u00fcsselanh\u00e4nger SCHL\u00dcSSELCLIP"},"content":{"rendered":"<p>Schl\u00fcsselhalter zur Verwendung mit dem Schl\u00fcsselschrank KEY BOX von Durable, der \u00fcber spezielle Schl\u00fcsselleisten verf\u00fcgt, bei denen die kleinen Seitenkn\u00f6pfe des Schl\u00fcsselanh\u00e4ngers auf jedem Haken aufliegen. Dadurch h\u00e4ngt der Schl\u00fcssel hinter der Ablage und das Etikettenfenster ist immer lesbar. Zum Wechseln des Etiketts gen\u00fcgt es, die transparente Vorderseite anzuheben und es muss weder der Schl\u00fcssel noch der Schl\u00fcsselring abgenommen werden. Die Abmessungen des Etiketts betragen 17\u00d740 mm und die Au\u00dfenma\u00dfe der Schale selbst betragen 25\u00d765 mm. Vorlagen zum Drucken von Etiketten f\u00fcr die Schl\u00fcsselanh\u00e4nger k\u00f6nnen unter https:\/\/www.durable.se\/service\/ladda-ner\/mallar.html heruntergeladen werden. Diese gemischte Tasche enth\u00e4lt 2 blaue, 2 schwarze, 1 rote und 1 gelbe Schl\u00fcsselanh\u00e4nger.<\/p>","protected":false},"excerpt":{"rendered":"<p>Speziell entwickelter Schl\u00fcsselanh\u00e4nger passend f\u00fcr den Schl\u00fcsselschrank KEY BOX von Durable. 6 St\u00fcck\/Karton<\/p>","protected":false},"featured_media":135330,"template":"","meta":{"_acf_changed":false},"product_brand":[],"product_cat":[1932],"product_tag":[4397],"class_list":{"0":"post-114979","1":"product","2":"type-product","3":"status-publish","4":"has-post-thumbnail","6":"product_cat-nyckelgomma-nyckelbox","7":"product_tag-mix","8":"product_shipping_class-tunga-paket","9":"pa_brands-durable","10":"pa_farg-mix","11":"tm-no-options","13":"first","14":"instock","15":"sale","16":"taxable","17":"shipping-taxable","18":"purchasable","19":"product-type-simple"},"acf":[],"_links":{"self":[{"href":"https:\/\/secureus.se\/de\/wp-json\/wp\/v2\/product\/114979","targetHints":{"allow":["GET"]}}],"collection":[{"href":"https:\/\/secureus.se\/de\/wp-json\/wp\/v2\/product"}],"about":[{"href":"https:\/\/secureus.se\/de\/wp-json\/wp\/v2\/types\/product"}],"wp:featuredmedia":[{"embeddable":true,"href":"https:\/\/secureus.se\/de\/wp-json\/wp\/v2\/media\/135330"}],"wp:attachment":[{"href":"https:\/\/secureus.se\/de\/wp-json\/wp\/v2\/media?parent=114979"}],"wp:term":[{"taxonomy":"product_brand","embeddable":true,"href":"https:\/\/secureus.se\/de\/wp-json\/wp\/v2\/product_brand?post=114979"},{"taxonomy":"product_cat","embeddable":true,"href":"https:\/\/secureus.se\/de\/wp-json\/wp\/v2\/product_cat?post=114979"},{"taxonomy":"product_tag","embeddable":true,"href":"https:\/\/secureus.se\/de\/wp-json\/wp\/v2\/product_tag?post=114979"}],"curies":[{"name":"wp","href":"https:\/\/api.w.org\/{rel}","templated":true}]}}