{"id":114986,"date":"2024-11-20T14:02:48","date_gmt":"2024-11-20T13:02:48","guid":{"rendered":"https:\/\/secureus.se\/?post_type=product&#038;p=114986"},"modified":"2026-01-12T12:52:25","modified_gmt":"2026-01-12T11:52:25","slug":"combiboxx-1-3-a4","status":"publish","type":"product","link":"https:\/\/secureus.se\/de\/combiboxx-1-3-a4\/","title":{"rendered":"KOMBIBOXX 1\/3 A4"},"content":{"rendered":"<p>Kombinieren Sie, wie es Ihnen passt, mit der erweiterbaren und multifunktionalen COMBIBOXX-Serie. Dieses Fach ist f\u00fcr 1\/3 A4 oder A6 Format (maximales Format 210\u00d7116 mm) wie Verkaufsbrosch\u00fcren, Produktbl\u00e4tter und Brosch\u00fcren auf Messen, Ausstellungen und Empf\u00e4ngen. Je nach Montageart der R\u00fcckseite kann das Fach auf den Tisch gestellt oder an der Wand montiert werden. Das Tablett hat eine Kapazit\u00e4t f\u00fcr 24 mm dicke B\u00fcndel. Das Set enth\u00e4lt 1 Fach, 2 R\u00fcckteile, 1 Frontplatte, 1 Adapterschiene zur Kombination mit COMBIBOXX A4, Montageanleitung sowie Schraube und D\u00fcbel.<br \/>\nMa\u00dfe als Tischst\u00e4nder 20x12x12 cm HxBxT<br \/>\nMa\u00dfe als Wandst\u00e4nder 21x12x11 cm HxBxT<\/p>","protected":false},"excerpt":{"rendered":"<p>Prospektst\u00e4nder COMBIBOXX f\u00fcr 1\/3 A4 Hochformat oder A6 Format. Kann als Tisch- oder Wandst\u00e4nder verwendet werden. Erweiterbar.<\/p>","protected":false},"featured_media":134793,"template":"","meta":{"_acf_changed":false},"product_brand":[],"product_cat":[4280],"product_tag":[4376],"class_list":{"0":"post-114986","1":"product","2":"type-product","3":"status-publish","4":"has-post-thumbnail","6":"product_cat-broschyrstall","7":"product_tag-transparent","8":"product_shipping_class-tunga-paket","9":"pa_brands-durable","10":"pa_farg-transparent","11":"tm-no-options","13":"first","14":"instock","15":"sale","16":"taxable","17":"shipping-taxable","18":"purchasable","19":"product-type-simple"},"acf":[],"_links":{"self":[{"href":"https:\/\/secureus.se\/de\/wp-json\/wp\/v2\/product\/114986","targetHints":{"allow":["GET"]}}],"collection":[{"href":"https:\/\/secureus.se\/de\/wp-json\/wp\/v2\/product"}],"about":[{"href":"https:\/\/secureus.se\/de\/wp-json\/wp\/v2\/types\/product"}],"wp:featuredmedia":[{"embeddable":true,"href":"https:\/\/secureus.se\/de\/wp-json\/wp\/v2\/media\/134793"}],"wp:attachment":[{"href":"https:\/\/secureus.se\/de\/wp-json\/wp\/v2\/media?parent=114986"}],"wp:term":[{"taxonomy":"product_brand","embeddable":true,"href":"https:\/\/secureus.se\/de\/wp-json\/wp\/v2\/product_brand?post=114986"},{"taxonomy":"product_cat","embeddable":true,"href":"https:\/\/secureus.se\/de\/wp-json\/wp\/v2\/product_cat?post=114986"},{"taxonomy":"product_tag","embeddable":true,"href":"https:\/\/secureus.se\/de\/wp-json\/wp\/v2\/product_tag?post=114986"}],"curies":[{"name":"wp","href":"https:\/\/api.w.org\/{rel}","templated":true}]}}