{"id":115010,"date":"2024-11-20T14:02:48","date_gmt":"2024-11-20T13:02:48","guid":{"rendered":"https:\/\/secureus.se\/?post_type=product&#038;p=115010"},"modified":"2026-01-12T12:51:49","modified_gmt":"2026-01-12T11:51:49","slug":"combiboxx-a4-set-xl","status":"publish","type":"product","link":"https:\/\/secureus.se\/de\/combiboxx-a4-set-xl\/","title":{"rendered":"COMBIBOXX A4 SET XL"},"content":{"rendered":"<p>Kombinieren Sie, wie es Ihnen passt, mit der erweiterbaren und multifunktionalen COMBIBOXX-Serie. Dieses Set aus 5 F\u00e4chern ist f\u00fcr A4-Hochformate (Maximalformat 311\u00d7240 mm) wie Verkaufsbrosch\u00fcren, Produktbl\u00e4tter und Brosch\u00fcren auf Messen, Ausstellungen und Empf\u00e4ngen. Je nach Montageart der R\u00fcckseite kann das Set auf dem Tisch platziert oder an der Wand montiert werden. Jedes Fach hat ein Fassungsverm\u00f6gen von 24 mm dicken B\u00fcndeln. Das Set enth\u00e4lt 5 F\u00e4cher, 2 R\u00fcckteile, 1 Frontplatte, eine Montageanleitung sowie Schrauben und D\u00fcbel.<br \/>\nMa\u00dfe als Tischst\u00e4nder 29x24x26 cm (HxBxT)<br \/>\nMa\u00dfe als Wandst\u00e4nder 58x 24x15 mm (HxBxT)<br \/>\nZubeh\u00f6r: Erweiterungsfach Artikelnummer 857919<\/p>","protected":false},"excerpt":{"rendered":"<p>Prospektst\u00e4nder COMBIBOXX f\u00fcr A4 Hochformat. Set mit 5 F\u00e4chern, die als Tisch- oder Wandregal genutzt werden k\u00f6nnen.<\/p>","protected":false},"featured_media":134772,"template":"","meta":{"_acf_changed":false},"product_brand":[],"product_cat":[4280],"product_tag":[4376],"class_list":{"0":"post-115010","1":"product","2":"type-product","3":"status-publish","4":"has-post-thumbnail","6":"product_cat-broschyrstall","7":"product_tag-transparent","8":"product_shipping_class-tunga-paket","9":"pa_brands-durable","10":"pa_farg-transparent","11":"tm-no-options","13":"first","14":"instock","15":"sale","16":"taxable","17":"shipping-taxable","18":"purchasable","19":"product-type-simple"},"acf":[],"_links":{"self":[{"href":"https:\/\/secureus.se\/de\/wp-json\/wp\/v2\/product\/115010","targetHints":{"allow":["GET"]}}],"collection":[{"href":"https:\/\/secureus.se\/de\/wp-json\/wp\/v2\/product"}],"about":[{"href":"https:\/\/secureus.se\/de\/wp-json\/wp\/v2\/types\/product"}],"wp:featuredmedia":[{"embeddable":true,"href":"https:\/\/secureus.se\/de\/wp-json\/wp\/v2\/media\/134772"}],"wp:attachment":[{"href":"https:\/\/secureus.se\/de\/wp-json\/wp\/v2\/media?parent=115010"}],"wp:term":[{"taxonomy":"product_brand","embeddable":true,"href":"https:\/\/secureus.se\/de\/wp-json\/wp\/v2\/product_brand?post=115010"},{"taxonomy":"product_cat","embeddable":true,"href":"https:\/\/secureus.se\/de\/wp-json\/wp\/v2\/product_cat?post=115010"},{"taxonomy":"product_tag","embeddable":true,"href":"https:\/\/secureus.se\/de\/wp-json\/wp\/v2\/product_tag?post=115010"}],"curies":[{"name":"wp","href":"https:\/\/api.w.org\/{rel}","templated":true}]}}