{"id":115049,"date":"2024-11-20T14:03:11","date_gmt":"2024-11-20T13:03:11","guid":{"rendered":"https:\/\/secureus.se\/?post_type=product&#038;p=115049"},"modified":"2026-01-12T12:52:35","modified_gmt":"2026-01-12T11:52:35","slug":"combiboxx-pro","status":"publish","type":"product","link":"https:\/\/secureus.se\/de\/combiboxx-pro\/","title":{"rendered":"COMBIBOXX PRO"},"content":{"rendered":"<p>Kombinieren Sie, wie es Ihnen passt, mit der erweiterbaren smarten und multifunktionalen COMBIBOXX-Serie. COMBIBOXX PRO ist ein Set mit A4-Einlage (max. Format 311\u00d7240 mm) und 1\/3 A4- oder A6-Einlage (max. Format 210\u00d7116 mm) f\u00fcr beispielsweise Verkaufsprospekte, Produktbl\u00e4tter und Brosch\u00fcren auf Messen, Ausstellungen und Empf\u00e4nge. Je nach Montageart der R\u00fcckseite kann das Set auf dem Tisch platziert oder an der Wand montiert werden. Jedes Fach hat ein Fassungsverm\u00f6gen von 24 mm dicken B\u00fcndeln. Das Set enth\u00e4lt 1 A4-Fach, 4 1\/3 A4 (A6)-F\u00e4cher, 2 R\u00fcckteile, 1 Frontplatte, 1 Adapterschiene zur Kombination mit COMBIBOXX A4, Montageanleitung sowie Schraube und D\u00fcbel.<br \/>\nMa\u00dfe als Tischst\u00e4nder 29 x24x23 cm HxBxT<br \/>\nMa\u00dfe als Wandst\u00e4nder 44,5x24x 15 cm HxBxT<br \/>\nZubeh\u00f6r: Erweiterungsablage A4 Artikelnummer 857919<\/p>","protected":false},"excerpt":{"rendered":"<p>Prospektst\u00e4nder COMBIBOXX PRO mit einer F\u00e4cherkombination f\u00fcr A4 und 1\/3 A4 Hoch- oder A6-Format, die als Tisch- oder Wandst\u00e4nder genutzt werden kann. <\/p>","protected":false},"featured_media":134658,"template":"","meta":{"_acf_changed":false},"product_brand":[],"product_cat":[4280],"product_tag":[4376],"class_list":{"0":"post-115049","1":"product","2":"type-product","3":"status-publish","4":"has-post-thumbnail","6":"product_cat-broschyrstall","7":"product_tag-transparent","8":"product_shipping_class-tunga-paket","9":"pa_brands-durable","10":"pa_farg-transparent","11":"tm-no-options","13":"first","14":"instock","15":"sale","16":"taxable","17":"shipping-taxable","18":"purchasable","19":"product-type-simple"},"acf":[],"_links":{"self":[{"href":"https:\/\/secureus.se\/de\/wp-json\/wp\/v2\/product\/115049","targetHints":{"allow":["GET"]}}],"collection":[{"href":"https:\/\/secureus.se\/de\/wp-json\/wp\/v2\/product"}],"about":[{"href":"https:\/\/secureus.se\/de\/wp-json\/wp\/v2\/types\/product"}],"wp:featuredmedia":[{"embeddable":true,"href":"https:\/\/secureus.se\/de\/wp-json\/wp\/v2\/media\/134658"}],"wp:attachment":[{"href":"https:\/\/secureus.se\/de\/wp-json\/wp\/v2\/media?parent=115049"}],"wp:term":[{"taxonomy":"product_brand","embeddable":true,"href":"https:\/\/secureus.se\/de\/wp-json\/wp\/v2\/product_brand?post=115049"},{"taxonomy":"product_cat","embeddable":true,"href":"https:\/\/secureus.se\/de\/wp-json\/wp\/v2\/product_cat?post=115049"},{"taxonomy":"product_tag","embeddable":true,"href":"https:\/\/secureus.se\/de\/wp-json\/wp\/v2\/product_tag?post=115049"}],"curies":[{"name":"wp","href":"https:\/\/api.w.org\/{rel}","templated":true}]}}