{"id":115050,"date":"2024-11-20T14:41:22","date_gmt":"2024-11-20T13:41:22","guid":{"rendered":"https:\/\/secureus.se\/?post_type=product&#038;p=115050"},"modified":"2026-01-12T12:28:42","modified_gmt":"2026-01-12T11:28:42","slug":"magnetram-duraframe-magnetic-plus-a4-2","status":"publish","type":"product","link":"https:\/\/secureus.se\/de\/magnetram-duraframe-magnetic-plus-a4-2\/","title":{"rendered":"Magnetrahmen DURAFRAME\u00ae MAGNETIC PLUS A4"},"content":{"rendered":"<p>Nutzen Sie den magnethaftenden Informationsrahmen DURAFRAME\u00ae MAGNETIC PLUS, um tempor\u00e4re oder dauerhaftere Informationen auf professionelle Weise anzuzeigen und zu pr\u00e4sentieren.<br \/>\nDas Dokument wird zwischen zwei Plastikfolien gesch\u00fctzt, die an allen drei zu \u00f6ffnenden Seiten mit einem Magnetverschluss zusammengehalten werden. Gut geeignet unter anderem f\u00fcr Produktions-, K\u00fcchen- und Sanit\u00e4rumgebungen. Einfacher Informationswechsel \u2013 Titelseite anheben, Einlage wechseln, Seite wieder nach unten klappen. Auf der R\u00fcckseite der unteren Kunststoffplatte sind rund um den gesamten Rahmen Magnetstreifen angebracht, die an Untergr\u00fcnden wie Whiteboards, Umkleideschr\u00e4nken und Metallw\u00e4nden befestigt werden.<br \/>\nF\u00fcr Dokumente im A4-Format. Au\u00dfenma\u00dfe 236\u00d7323 mm.<br \/>\nVerpackung mit 1 Stk.<\/p>","protected":false},"excerpt":{"rendered":"<p>Magnetischer Rahmen zur \u00fcbersichtlichen Darstellung von Informationen. Das Dokument ist zwischen zwei Kunststofffolien gesch\u00fctzt und kann hier leicht ausgetauscht werden.<\/p>","protected":false},"featured_media":133587,"template":"","meta":{"_acf_changed":false},"product_brand":[],"product_cat":[4295],"product_tag":[4382],"class_list":{"0":"post-115050","1":"product","2":"type-product","3":"status-publish","4":"has-post-thumbnail","6":"product_cat-inforamar-for-metallytor","7":"product_tag-silver","8":"product_shipping_class-tunga-paket","9":"pa_brands-durable","10":"pa_farg-silver","11":"tm-no-options","13":"first","14":"instock","15":"sale","16":"taxable","17":"shipping-taxable","18":"purchasable","19":"product-type-simple"},"acf":[],"_links":{"self":[{"href":"https:\/\/secureus.se\/de\/wp-json\/wp\/v2\/product\/115050","targetHints":{"allow":["GET"]}}],"collection":[{"href":"https:\/\/secureus.se\/de\/wp-json\/wp\/v2\/product"}],"about":[{"href":"https:\/\/secureus.se\/de\/wp-json\/wp\/v2\/types\/product"}],"wp:featuredmedia":[{"embeddable":true,"href":"https:\/\/secureus.se\/de\/wp-json\/wp\/v2\/media\/133587"}],"wp:attachment":[{"href":"https:\/\/secureus.se\/de\/wp-json\/wp\/v2\/media?parent=115050"}],"wp:term":[{"taxonomy":"product_brand","embeddable":true,"href":"https:\/\/secureus.se\/de\/wp-json\/wp\/v2\/product_brand?post=115050"},{"taxonomy":"product_cat","embeddable":true,"href":"https:\/\/secureus.se\/de\/wp-json\/wp\/v2\/product_cat?post=115050"},{"taxonomy":"product_tag","embeddable":true,"href":"https:\/\/secureus.se\/de\/wp-json\/wp\/v2\/product_tag?post=115050"}],"curies":[{"name":"wp","href":"https:\/\/api.w.org\/{rel}","templated":true}]}}