{"id":115057,"date":"2024-11-20T14:07:28","date_gmt":"2024-11-20T13:07:28","guid":{"rendered":"https:\/\/secureus.se\/?post_type=product&#038;p=115057"},"modified":"2026-01-12T13:00:51","modified_gmt":"2026-01-12T12:00:51","slug":"flexiboxx-6-a4-staende-brochyrfack-3","status":"publish","type":"product","link":"https:\/\/secureus.se\/de\/flexiboxx-6-a4-staende-brochyrfack-3\/","title":{"rendered":"FLEXIBOXX 6 A4 Standprospektablage"},"content":{"rendered":"<p>Formularfach, Prospektst\u00e4nder, Briefkasten \u2013 FLEXIBOXX ist eine Serie platzsparender, flexibler und wandmontierter Halter f\u00fcr Brosch\u00fcren, Zeitschriften, Formulare und andere Informationen im A4-Format. Jedes Fach hat ein Fassungsverm\u00f6gen von 24 mm dicken B\u00fcndeln. Es handelt sich um ein Komplettset mit 6 F\u00e4chern im Hochformat, einer Frontplatte sowie Schrauben und D\u00fcbeln. Jedes einzelne Fach hat die Ma\u00dfe 24x34x3 cm (BxHxT). Zusammengebaut und abgewinkelt von der Wand montiert, misst es 13,5 cm, hat eine Breite von 24 cm und ist 69 cm hoch.<\/p>","protected":false},"excerpt":{"rendered":"<p>Komplettset mit 6 Prospektablagen FLEXIBOXX A4 im Hochformat und einer Frontplatte.<\/p>","protected":false},"featured_media":133727,"template":"","meta":{"_acf_changed":false},"product_brand":[],"product_cat":[4280],"product_tag":[4376],"class_list":{"0":"post-115057","1":"product","2":"type-product","3":"status-publish","4":"has-post-thumbnail","6":"product_cat-broschyrstall","7":"product_tag-transparent","8":"product_shipping_class-tunga-paket","9":"pa_brands-durable","10":"pa_farg-transparent","11":"tm-no-options","13":"first","14":"instock","15":"sale","16":"taxable","17":"shipping-taxable","18":"purchasable","19":"product-type-simple"},"acf":[],"_links":{"self":[{"href":"https:\/\/secureus.se\/de\/wp-json\/wp\/v2\/product\/115057","targetHints":{"allow":["GET"]}}],"collection":[{"href":"https:\/\/secureus.se\/de\/wp-json\/wp\/v2\/product"}],"about":[{"href":"https:\/\/secureus.se\/de\/wp-json\/wp\/v2\/types\/product"}],"wp:featuredmedia":[{"embeddable":true,"href":"https:\/\/secureus.se\/de\/wp-json\/wp\/v2\/media\/133727"}],"wp:attachment":[{"href":"https:\/\/secureus.se\/de\/wp-json\/wp\/v2\/media?parent=115057"}],"wp:term":[{"taxonomy":"product_brand","embeddable":true,"href":"https:\/\/secureus.se\/de\/wp-json\/wp\/v2\/product_brand?post=115057"},{"taxonomy":"product_cat","embeddable":true,"href":"https:\/\/secureus.se\/de\/wp-json\/wp\/v2\/product_cat?post=115057"},{"taxonomy":"product_tag","embeddable":true,"href":"https:\/\/secureus.se\/de\/wp-json\/wp\/v2\/product_tag?post=115057"}],"curies":[{"name":"wp","href":"https:\/\/api.w.org\/{rel}","templated":true}]}}